{"id":87,"date":"2018-02-21T17:14:08","date_gmt":"2018-02-21T16:14:08","guid":{"rendered":"http:\/\/basezen.fr\/?page_id=87"},"modified":"2023-09-22T19:42:48","modified_gmt":"2023-09-22T17:42:48","slug":"accompagnement","status":"publish","type":"page","link":"https:\/\/www.basezen.fr\/index.php\/accompagnement\/","title":{"rendered":"Accompagnement"},"content":{"rendered":"\n<h2 class=\"wp-block-heading has-text-align-center\"><strong>ACCOMPAGNER LA D\u00c9MARCHE D&rsquo;\u00c9LABORATION D&rsquo;UN PROJET PROFESSIONNEL\/PERSONNEL<\/strong><\/h2>\n\n\n\n<h2 class=\"wp-block-heading\">             <\/h2>\n\n\n\n<p class=\"has-text-align-center\"><em>Cette d\u00e9marche d&rsquo;accompagnement a pour objectif :<\/em><\/p>\n\n\n\n<ul class=\"wp-block-list\">\n<li><em>Identifier votre\/vos besoin(s) ;<\/em><\/li>\n\n\n\n<li><em>Analyser votre situation<\/em> ;<\/li>\n\n\n\n<li><em>Elaborer une m\u00e9thodologie\/plan d&rsquo;action (analyse pratique, audit, coaching, conseil, formation, \u2026<\/em>) ;<\/li>\n\n\n\n<li><em>Formaliser par \u00e9crit  une strat\u00e9gie \u00e0 votre\/vos besoin(s) par un contrat d&rsquo;objectif<\/em> ;<\/li>\n\n\n\n<li><em>Effectuer des points r\u00e9guliers et r\u00e9ajuster si n\u00e9cessaire<\/em>.<\/li>\n<\/ul>\n\n\n\n<h2 class=\"wp-block-heading\">      <\/h2>\n\n\n<div class=\"wp-block-image\">\n<figure class=\"aligncenter size-large is-resized\"><img loading=\"lazy\" decoding=\"async\" src=\"https:\/\/www.basezen.fr\/wp-content\/uploads\/2020\/02\/Accompagnement.png\" alt=\"\" class=\"wp-image-5642\" style=\"width:324px;height:335px\" width=\"324\" height=\"335\" srcset=\"https:\/\/www.basezen.fr\/wp-content\/uploads\/2020\/02\/Accompagnement.png 729w, https:\/\/www.basezen.fr\/wp-content\/uploads\/2020\/02\/Accompagnement-289x300.png 289w, https:\/\/www.basezen.fr\/wp-content\/uploads\/2020\/02\/Accompagnement-579x600.png 579w, https:\/\/www.basezen.fr\/wp-content\/uploads\/2020\/02\/Accompagnement-154x160.png 154w\" sizes=\"(max-width: 324px) 100vw, 324px\" \/><\/figure>\n<\/div>\n\n\n<h2 class=\"wp-block-heading has-text-align-center\"><strong>Pourquoi un accompagnement ?<\/strong><\/h2>\n\n\n\n<p class=\"has-text-align-center\"><em>Elle permet d&rsquo;analyser sa pratique et mieux se situer dans sa vie professionnelles\/personnelles<\/em><\/p>\n\n\n\n<h3 class=\"wp-block-heading\">          <\/h3>\n\n\n\n<p class=\"has-text-align-center\"><strong><em>Au sein d&rsquo;un groupe, votre pratique professionnelle\/personnelle vous permettra de :<\/em><\/strong><\/p>\n\n\n\n<ul class=\"wp-block-list\">\n<li><em>B\u00e9n\u00e9ficier d\u2019un lieu de ressource, d&rsquo;\u00e9coute et de bienveillance ;<\/em><\/li>\n\n\n\n<li><em>Prendre du recul sur votre pratique et de la conduite de vos projets ;<\/em><\/li>\n\n\n\n<li><em>D\u00e9velopper et partager vos comp\u00e9tences ;<\/em><\/li>\n\n\n\n<li><em>Identifier la plus value ;<\/em><\/li>\n\n\n\n<li><em>D\u00e9nouer ou mieux vivre des situations difficiles ou conflictuelles ;<\/em><\/li>\n\n\n\n<li><em>Echanger entre pairs<\/em>.<\/li>\n<\/ul>\n\n\n\n<h3 class=\"wp-block-heading\">            <\/h3>\n\n\n\n<p class=\"has-text-align-center\"><strong><em>En situation professionnelle\/personnelle, elle permet d&rsquo;\u00eatre utile pour :<\/em><\/strong><\/p>\n\n\n\n<ul class=\"wp-block-list\">\n<li><em>D\u00e9velopper son activit\u00e9 ;<\/em><\/li>\n\n\n\n<li><em>D\u00e9finir son identit\u00e9 professionnelle;<\/em><\/li>\n\n\n\n<li><em>D\u00e9finir des projets, \u00e9laboration de propositions, dans les domaines: strat\u00e9giques, manag\u00e9riaux, &#8230; ;<\/em><\/li>\n\n\n\n<li><em>Pr\u00e9parer une rencontre, un entretien, une r\u00e9union, &#8230; ;<\/em><\/li>\n\n\n\n<li><em>G\u00e9rer un conflit ;<\/em><\/li>\n\n\n\n<li><em>G\u00e9rer un stress<\/em>.<\/li>\n<\/ul>\n\n\n\n<h3 class=\"wp-block-heading\">             <\/h3>\n\n\n\n<p class=\"has-text-align-center\"><strong><em>Ces apports, vous  seront b\u00e9n\u00e9fique pour :<\/em><\/strong><\/p>\n\n\n\n<ul class=\"wp-block-list\">\n<li><em>Diagnostiquer vos axes d&rsquo;am\u00e9lioration et atouts ;<\/em><\/li>\n\n\n\n<li><em>Comprendre les apports th\u00e9oriques ;<\/em><\/li>\n\n\n\n<li><em>Elaborer de nouveaux outils ;<\/em><\/li>\n\n\n\n<li><em>D\u00e9velopper un focus  baser sur des processus relationnels<\/em>.<\/li>\n<\/ul>\n\n\n\n<h3 class=\"wp-block-heading\">            <\/h3>\n\n\n\n<h2 class=\"wp-block-heading has-text-align-center\"><strong>Accompagnement ou Coaching ?<\/strong><\/h2>\n\n\n\n<p class=\"has-text-align-center\">Le coaching c\u2019est de l&rsquo;accompagnement de personne, d\u2019une \u00e9quipe, d&rsquo;un groupe, &#8230;<\/p>\n\n\n\n<p class=\"has-text-align-center\">Elle d\u00e9finit l&rsquo;am\u00e9lioration, l&rsquo;\u00e9volution, la croissance en lien vers l\u2019atteinte de ses objectifs.<\/p>\n\n\n\n<p>Ainsi l&rsquo;accompagnement permet :<\/p>\n\n\n\n<ul class=\"wp-block-list\">\n<li>Renforcer votre potentiel, de vos collaborateurs, &#8230; ;<\/li>\n\n\n\n<li>D\u00e9velopper l\u2019autonomie <em>professionnelle ou personnelle<\/em> ;<\/li>\n\n\n\n<li>Am\u00e9liorer la synergie ;<\/li>\n\n\n\n<li>Am\u00e9liorer sa strat\u00e9gie.<\/li>\n<\/ul>\n\n\n\n<h2 class=\"wp-block-heading\">         <\/h2>\n\n\n\n<figure class=\"wp-block-image size-large\"><img loading=\"lazy\" decoding=\"async\" width=\"1024\" height=\"202\" src=\"https:\/\/www.basezen.fr\/wp-content\/uploads\/2023\/09\/307697596_530488482214421_5248886354445570984_n-1024x202.jpg\" alt=\"\" class=\"wp-image-7160\" srcset=\"https:\/\/www.basezen.fr\/wp-content\/uploads\/2023\/09\/307697596_530488482214421_5248886354445570984_n-1024x202.jpg 1024w, https:\/\/www.basezen.fr\/wp-content\/uploads\/2023\/09\/307697596_530488482214421_5248886354445570984_n-300x59.jpg 300w, https:\/\/www.basezen.fr\/wp-content\/uploads\/2023\/09\/307697596_530488482214421_5248886354445570984_n-768x152.jpg 768w, https:\/\/www.basezen.fr\/wp-content\/uploads\/2023\/09\/307697596_530488482214421_5248886354445570984_n-1536x303.jpg 1536w, https:\/\/www.basezen.fr\/wp-content\/uploads\/2023\/09\/307697596_530488482214421_5248886354445570984_n-2048x404.jpg 2048w, https:\/\/www.basezen.fr\/wp-content\/uploads\/2023\/09\/307697596_530488482214421_5248886354445570984_n-600x118.jpg 600w, https:\/\/www.basezen.fr\/wp-content\/uploads\/2023\/09\/307697596_530488482214421_5248886354445570984_n-280x55.jpg 280w\" sizes=\"(max-width: 1024px) 100vw, 1024px\" \/><\/figure>\n\n\n\n<h2 class=\"wp-block-heading has-text-align-center\"><strong>TACTICAL BASEZEN CONSULTING<\/strong><\/h2>\n\n\n<div class=\"wp-block-image\">\n<figure class=\"aligncenter size-thumbnail\"><img loading=\"lazy\" decoding=\"async\" width=\"150\" height=\"150\" src=\"https:\/\/www.basezen.fr\/wp-content\/uploads\/2023\/04\/Logo-Tactical-BaseZen-Consulting-V1.2-150x150.png\" alt=\"\" class=\"wp-image-6848\"\/><\/figure>\n<\/div>\n\n\n<p class=\"has-text-align-center\"><em>En fonction de vos besoins et de votre situation, <strong>Tactical BaseZen Consulting<\/strong><\/em> offre ses prestations dans :<\/p>\n\n\n\n<ul class=\"wp-block-list\">\n<li><em><strong>L&rsquo;accompagnement \/ Coaching individuel<\/strong> : Bilan de comp\u00e9tences, bilan professionnel, orientation professionnelle, d\u00e9marche de Validation des Acquis d&rsquo;Exp\u00e9rience (VAE), gestion de son organisation, &#8230; ;<\/em><\/li>\n\n\n\n<li><em><strong>L&rsquo;accompagnement \/ Coaching relationnel<\/strong> : Pr\u00e9paration d\u2019entretien, g\u00e9rer une situation de stress, anticiper ou g\u00e9rer un conflit, r\u00e9guler une \u00e9quipe, &#8230; ;<\/em><\/li>\n\n\n\n<li><em><strong>L&rsquo;accompagnement \/ Coaching de manager-dirigeant<\/strong> : Coh\u00e9sion d\u2019\u00e9quipe, &#8230;<\/em><\/li>\n<\/ul>\n\n\n\n<p><\/p>\n","protected":false},"excerpt":{"rendered":"<p>ACCOMPAGNER LA D\u00c9MARCHE D&rsquo;\u00c9LABORATION D&rsquo;UN PROJET PROFESSIONNEL\/PERSONNEL Cette d\u00e9marche d&rsquo;accompagnement a pour objectif : Pourquoi un accompagnement ? Elle permet d&rsquo;analyser sa pratique et mieux se situer dans sa vie [&hellip;]<\/p>\n","protected":false},"author":1,"featured_media":7157,"parent":0,"menu_order":4,"comment_status":"closed","ping_status":"closed","template":"","meta":{"saved_in_kubio":false,"_monsterinsights_skip_tracking":false,"_monsterinsights_sitenote_active":false,"_monsterinsights_sitenote_note":"","_monsterinsights_sitenote_category":0,"ngg_post_thumbnail":0,"_glsr_average":0,"_glsr_ranking":0,"_glsr_reviews":0,"footnotes":""},"class_list":["post-87","page","type-page","status-publish","has-post-thumbnail","hentry"],"kubio_ai_page_context":{"short_desc":"","purpose":"general"},"_links":{"self":[{"href":"https:\/\/www.basezen.fr\/index.php\/wp-json\/wp\/v2\/pages\/87","targetHints":{"allow":["GET"]}}],"collection":[{"href":"https:\/\/www.basezen.fr\/index.php\/wp-json\/wp\/v2\/pages"}],"about":[{"href":"https:\/\/www.basezen.fr\/index.php\/wp-json\/wp\/v2\/types\/page"}],"author":[{"embeddable":true,"href":"https:\/\/www.basezen.fr\/index.php\/wp-json\/wp\/v2\/users\/1"}],"replies":[{"embeddable":true,"href":"https:\/\/www.basezen.fr\/index.php\/wp-json\/wp\/v2\/comments?post=87"}],"version-history":[{"count":44,"href":"https:\/\/www.basezen.fr\/index.php\/wp-json\/wp\/v2\/pages\/87\/revisions"}],"predecessor-version":[{"id":7161,"href":"https:\/\/www.basezen.fr\/index.php\/wp-json\/wp\/v2\/pages\/87\/revisions\/7161"}],"wp:featuredmedia":[{"embeddable":true,"href":"https:\/\/www.basezen.fr\/index.php\/wp-json\/wp\/v2\/media\/7157"}],"wp:attachment":[{"href":"https:\/\/www.basezen.fr\/index.php\/wp-json\/wp\/v2\/media?parent=87"}],"curies":[{"name":"wp","href":"https:\/\/api.w.org\/{rel}","templated":true}]}}