{"id":85,"date":"2018-02-21T17:13:55","date_gmt":"2018-02-21T16:13:55","guid":{"rendered":"http:\/\/basezen.fr\/?page_id=85"},"modified":"2024-07-24T22:34:35","modified_gmt":"2024-07-24T20:34:35","slug":"conseil","status":"publish","type":"page","link":"https:\/\/www.basezen.fr\/index.php\/conseil\/","title":{"rendered":"Conseil"},"content":{"rendered":"<div class=\"wp-block-image\">\n<figure class=\"aligncenter size-large is-resized\"><img loading=\"lazy\" decoding=\"async\" width=\"859\" height=\"830\" src=\"https:\/\/www.basezen.fr\/wp-content\/uploads\/2020\/02\/Acconpagnement.png\" alt=\"\" class=\"wp-image-5605\" style=\"width:316px;height:305px\" srcset=\"https:\/\/www.basezen.fr\/wp-content\/uploads\/2020\/02\/Acconpagnement.png 859w, https:\/\/www.basezen.fr\/wp-content\/uploads\/2020\/02\/Acconpagnement-300x290.png 300w, https:\/\/www.basezen.fr\/wp-content\/uploads\/2020\/02\/Acconpagnement-768x742.png 768w, https:\/\/www.basezen.fr\/wp-content\/uploads\/2020\/02\/Acconpagnement-600x580.png 600w, https:\/\/www.basezen.fr\/wp-content\/uploads\/2020\/02\/Acconpagnement-166x160.png 166w\" sizes=\"(max-width: 859px) 100vw, 859px\" \/><\/figure>\n<\/div>\n\n\n<h2 class=\"wp-block-heading has-text-align-center\"><strong>Pourquoi \u00eatre conseiller ?<\/strong><\/h2>\n\n\n\n<p class=\"has-text-align-center\"><em>   Il permet de vous aider \u00e0 trouver une solution face \u00e0 une r\u00e9flexion, une id\u00e9e, une aide, &#8230; qui permettra de mettre en oeuvre et concr\u00e9tiser votre projet.<\/em><\/p>\n\n\n\n<p class=\"has-text-align-center\"><strong><em>Dans un cadre professionnel: Solliciter un Conseil pour une \u00e9volution professionnelle est une d\u00e9marche individuelle, anonyme et confidentielle. Sauf d\u00e9cision contraire du salari\u00e9, l\u2019entreprise n\u2019en est pas inform\u00e9e.<\/em><\/strong><\/p>\n\n\n\n<h2 class=\"wp-block-heading\">      <\/h2>\n\n\n\n<p class=\"has-text-align-center\"><em>Cette d\u00e9marche de conseil a pour objectif :<\/em><\/p>\n\n\n\n<ul class=\"wp-block-list\">\n<li><em>Identifier votre besoin<\/em><\/li>\n\n\n\n<li><em>Analyser votre situation<\/em><\/li>\n\n\n\n<li><em>Proposer des solutions ou orientations<\/em><\/li>\n\n\n\n<li><em>Dynamiser la recherche<\/em><\/li>\n\n\n\n<li><em>Effectuer des r\u00e9ajustements si n\u00e9cessaire<\/em><\/li>\n<\/ul>\n\n\n\n<h2 class=\"wp-block-heading\">      <\/h2>\n\n\n\n<h2 class=\"wp-block-heading\">          <\/h2>\n\n\n\n<h2 class=\"wp-block-heading\">         <\/h2>\n\n\n\n<figure class=\"wp-block-image size-large\"><img loading=\"lazy\" decoding=\"async\" width=\"1024\" height=\"625\" src=\"https:\/\/www.basezen.fr\/wp-content\/uploads\/2024\/07\/Tactical-BaseZen-Consulting-ZEN-02-1024x625.jpg\" alt=\"\" class=\"wp-image-16901\" srcset=\"https:\/\/www.basezen.fr\/wp-content\/uploads\/2024\/07\/Tactical-BaseZen-Consulting-ZEN-02-1024x625.jpg 1024w, https:\/\/www.basezen.fr\/wp-content\/uploads\/2024\/07\/Tactical-BaseZen-Consulting-ZEN-02-300x183.jpg 300w, https:\/\/www.basezen.fr\/wp-content\/uploads\/2024\/07\/Tactical-BaseZen-Consulting-ZEN-02-768x468.jpg 768w, https:\/\/www.basezen.fr\/wp-content\/uploads\/2024\/07\/Tactical-BaseZen-Consulting-ZEN-02-1536x937.jpg 1536w, https:\/\/www.basezen.fr\/wp-content\/uploads\/2024\/07\/Tactical-BaseZen-Consulting-ZEN-02-2048x1249.jpg 2048w, https:\/\/www.basezen.fr\/wp-content\/uploads\/2024\/07\/Tactical-BaseZen-Consulting-ZEN-02-600x366.jpg 600w, https:\/\/www.basezen.fr\/wp-content\/uploads\/2024\/07\/Tactical-BaseZen-Consulting-ZEN-02-262x160.jpg 262w\" sizes=\"(max-width: 1024px) 100vw, 1024px\" \/><\/figure>\n\n\n\n<h2 class=\"wp-block-heading has-text-align-center\"><strong>Tactical BaseZen Consulting<\/strong><\/h2>\n\n\n<div class=\"wp-block-image\">\n<figure class=\"aligncenter size-large is-resized\"><img loading=\"lazy\" decoding=\"async\" width=\"999\" height=\"1024\" src=\"https:\/\/www.basezen.fr\/wp-content\/uploads\/2024\/07\/Logo-Tactical-BaseZen-Consulting-SAS-V1-999x1024.png\" alt=\"\" class=\"wp-image-16356\" style=\"width:186px;height:auto\" srcset=\"https:\/\/www.basezen.fr\/wp-content\/uploads\/2024\/07\/Logo-Tactical-BaseZen-Consulting-SAS-V1-999x1024.png 999w, https:\/\/www.basezen.fr\/wp-content\/uploads\/2024\/07\/Logo-Tactical-BaseZen-Consulting-SAS-V1-293x300.png 293w, https:\/\/www.basezen.fr\/wp-content\/uploads\/2024\/07\/Logo-Tactical-BaseZen-Consulting-SAS-V1-768x788.png 768w, https:\/\/www.basezen.fr\/wp-content\/uploads\/2024\/07\/Logo-Tactical-BaseZen-Consulting-SAS-V1-585x600.png 585w, https:\/\/www.basezen.fr\/wp-content\/uploads\/2024\/07\/Logo-Tactical-BaseZen-Consulting-SAS-V1-156x160.png 156w, https:\/\/www.basezen.fr\/wp-content\/uploads\/2024\/07\/Logo-Tactical-BaseZen-Consulting-SAS-V1.png 1180w\" sizes=\"(max-width: 999px) 100vw, 999px\" \/><\/figure>\n<\/div>\n\n\n<p class=\"has-text-align-center\"><em> <\/em><strong>Tactical BaseZen Consulting<\/strong> est \u00e9galement sp\u00e9cialis\u00e9 comme :<\/p>\n\n\n\n<ul class=\"wp-block-list\">\n<li>Conseiller dans le domaine Science et \u00e9ducation, branche p\u00e9dagogique  pour Adultes (Andragogie)<\/li>\n\n\n\n<li>Conseiller dans le domaine Param\u00e9dical, branche sanitaire, sociale et m\u00e9dico-sociale fili\u00e8res Aide-Soignant, Ambulancier et Auxiliaire de vie (Aide \u00e0 Domicile)<\/li>\n\n\n\n<li>Conseiller dans le domaine S\u00e9curit\u00e9\/Suret\u00e9, activit\u00e9s priv\u00e9es de s\u00e9curit\u00e9 en surveillance humaine et protection physique des personnes<\/li>\n\n\n\n<li>Conseiller en S\u00e9curit\u00e9 Civile, Secours d&rsquo;urgence, Sauvetage et gestion de crise<\/li>\n\n\n\n<li>Conseiller en Sant\u00e9 au Travail<\/li>\n<\/ul>\n\n\n<div class=\"wp-block-image\">\n<figure class=\"aligncenter size-large is-resized\"><img loading=\"lazy\" decoding=\"async\" width=\"1024\" height=\"768\" src=\"https:\/\/www.basezen.fr\/wp-content\/uploads\/2018\/08\/P8100002bb-1024x768.jpg\" alt=\"\" class=\"wp-image-2638\" style=\"width:602px;height:auto\" srcset=\"https:\/\/www.basezen.fr\/wp-content\/uploads\/2018\/08\/P8100002bb-1024x768.jpg 1024w, https:\/\/www.basezen.fr\/wp-content\/uploads\/2018\/08\/P8100002bb-416x312.jpg 416w, https:\/\/www.basezen.fr\/wp-content\/uploads\/2018\/08\/P8100002bb-300x225.jpg 300w, https:\/\/www.basezen.fr\/wp-content\/uploads\/2018\/08\/P8100002bb-768x576.jpg 768w\" sizes=\"(max-width: 1024px) 100vw, 1024px\" \/><\/figure>\n<\/div>\n\n\n<p><\/p>\n","protected":false},"excerpt":{"rendered":"<p>Pourquoi \u00eatre conseiller ? Il permet de vous aider \u00e0 trouver une solution face \u00e0 une r\u00e9flexion, une id\u00e9e, une aide, &#8230; qui permettra de mettre en oeuvre et concr\u00e9tiser [&hellip;]<\/p>\n","protected":false},"author":1,"featured_media":17281,"parent":0,"menu_order":3,"comment_status":"closed","ping_status":"closed","template":"","meta":{"saved_in_kubio":false,"_monsterinsights_skip_tracking":false,"_monsterinsights_sitenote_active":false,"_monsterinsights_sitenote_note":"","_monsterinsights_sitenote_category":0,"ngg_post_thumbnail":0,"_glsr_average":0,"_glsr_ranking":0,"_glsr_reviews":0,"footnotes":""},"class_list":["post-85","page","type-page","status-publish","has-post-thumbnail","hentry"],"kubio_ai_page_context":{"short_desc":"","purpose":"general"},"_links":{"self":[{"href":"https:\/\/www.basezen.fr\/index.php\/wp-json\/wp\/v2\/pages\/85","targetHints":{"allow":["GET"]}}],"collection":[{"href":"https:\/\/www.basezen.fr\/index.php\/wp-json\/wp\/v2\/pages"}],"about":[{"href":"https:\/\/www.basezen.fr\/index.php\/wp-json\/wp\/v2\/types\/page"}],"author":[{"embeddable":true,"href":"https:\/\/www.basezen.fr\/index.php\/wp-json\/wp\/v2\/users\/1"}],"replies":[{"embeddable":true,"href":"https:\/\/www.basezen.fr\/index.php\/wp-json\/wp\/v2\/comments?post=85"}],"version-history":[{"count":36,"href":"https:\/\/www.basezen.fr\/index.php\/wp-json\/wp\/v2\/pages\/85\/revisions"}],"predecessor-version":[{"id":17289,"href":"https:\/\/www.basezen.fr\/index.php\/wp-json\/wp\/v2\/pages\/85\/revisions\/17289"}],"wp:featuredmedia":[{"embeddable":true,"href":"https:\/\/www.basezen.fr\/index.php\/wp-json\/wp\/v2\/media\/17281"}],"wp:attachment":[{"href":"https:\/\/www.basezen.fr\/index.php\/wp-json\/wp\/v2\/media?parent=85"}],"curies":[{"name":"wp","href":"https:\/\/api.w.org\/{rel}","templated":true}]}}