{"id":8,"date":"2018-02-21T13:40:40","date_gmt":"2018-02-21T12:40:40","guid":{"rendered":"http:\/\/basezen.fr\/?page_id=8"},"modified":"2025-06-26T16:19:44","modified_gmt":"2025-06-26T14:19:44","slug":"a-propos-abzi","status":"publish","type":"page","link":"https:\/\/www.basezen.fr\/index.php\/accueil\/a-propos-abzi\/","title":{"rendered":"\u00c0 propos de Tactical BaseZen Consulting"},"content":{"rendered":"<div class=\"wp-block-image\">\n<figure class=\"aligncenter size-large\"><img loading=\"lazy\" decoding=\"async\" width=\"999\" height=\"1024\" src=\"https:\/\/www.basezen.fr\/wp-content\/uploads\/2023\/04\/Logo-Tactical-BaseZen-Consulting-V1.2-999x1024.png\" alt=\"\" class=\"wp-image-6848\"\/><\/figure>\n<\/div>\n\n\n<h2 class=\"wp-block-heading\"><\/h2>\n\n\n\n<p class=\"has-text-align-center\"><strong>Tactical BaseZen Consulting<\/strong> est une Soci\u00e9t\u00e9 \u00e0 Actions Simplifi\u00e9e,&nbsp;fond\u00e9e en avril 2023 par Monsieur <strong>David MALAPRIS<\/strong><em>.<\/em><\/p>\n\n\n\n<h2 class=\"wp-block-heading\">       <\/h2>\n\n\n\n<p class=\"has-text-align-center\">Le si\u00e8ge social de Came (64520) est identifi\u00e9 par un SIRET&nbsp;951 371 251 00012<\/p>\n\n\n<div class=\"wp-block-image\">\n<figure class=\"aligncenter size-large is-resized\"><img loading=\"lazy\" decoding=\"async\" width=\"931\" height=\"1024\" src=\"https:\/\/www.basezen.fr\/wp-content\/uploads\/2025\/04\/Blason_departement_fr_Pyrenees-Atlantiques.svg_-931x1024.png\" alt=\"\" class=\"wp-image-50097\" style=\"width:116px;height:auto\" srcset=\"https:\/\/www.basezen.fr\/wp-content\/uploads\/2025\/04\/Blason_departement_fr_Pyrenees-Atlantiques.svg_-931x1024.png 931w, https:\/\/www.basezen.fr\/wp-content\/uploads\/2025\/04\/Blason_departement_fr_Pyrenees-Atlantiques.svg_-273x300.png 273w, https:\/\/www.basezen.fr\/wp-content\/uploads\/2025\/04\/Blason_departement_fr_Pyrenees-Atlantiques.svg_-768x845.png 768w, https:\/\/www.basezen.fr\/wp-content\/uploads\/2025\/04\/Blason_departement_fr_Pyrenees-Atlantiques.svg_-545x600.png 545w, https:\/\/www.basezen.fr\/wp-content\/uploads\/2025\/04\/Blason_departement_fr_Pyrenees-Atlantiques.svg_-145x160.png 145w, https:\/\/www.basezen.fr\/wp-content\/uploads\/2025\/04\/Blason_departement_fr_Pyrenees-Atlantiques.svg_.png 1200w\" sizes=\"(max-width: 931px) 100vw, 931px\" \/><\/figure>\n<\/div>\n\n\n<p class=\"has-text-align-center\">L&rsquo;agence de S\u00e9rignan (34410) est identifi\u00e9e par un SIRET 951 371 251 00020<\/p>\n\n\n<div class=\"wp-block-image\">\n<figure class=\"aligncenter size-full is-resized\"><img loading=\"lazy\" decoding=\"async\" width=\"1920\" height=\"2112\" src=\"https:\/\/www.basezen.fr\/wp-content\/uploads\/2025\/04\/Blason_departement_fr_Herault.svg_.png\" alt=\"\" class=\"wp-image-50105\" style=\"width:120px;height:auto\" srcset=\"https:\/\/www.basezen.fr\/wp-content\/uploads\/2025\/04\/Blason_departement_fr_Herault.svg_.png 1920w, https:\/\/www.basezen.fr\/wp-content\/uploads\/2025\/04\/Blason_departement_fr_Herault.svg_-273x300.png 273w, https:\/\/www.basezen.fr\/wp-content\/uploads\/2025\/04\/Blason_departement_fr_Herault.svg_-931x1024.png 931w, https:\/\/www.basezen.fr\/wp-content\/uploads\/2025\/04\/Blason_departement_fr_Herault.svg_-768x845.png 768w, https:\/\/www.basezen.fr\/wp-content\/uploads\/2025\/04\/Blason_departement_fr_Herault.svg_-1396x1536.png 1396w, https:\/\/www.basezen.fr\/wp-content\/uploads\/2025\/04\/Blason_departement_fr_Herault.svg_-1862x2048.png 1862w, https:\/\/www.basezen.fr\/wp-content\/uploads\/2025\/04\/Blason_departement_fr_Herault.svg_-545x600.png 545w, https:\/\/www.basezen.fr\/wp-content\/uploads\/2025\/04\/Blason_departement_fr_Herault.svg_-145x160.png 145w\" sizes=\"(max-width: 1920px) 100vw, 1920px\" \/><\/figure>\n<\/div>\n\n\n<h2 class=\"wp-block-heading\"><\/h2>\n\n\n\n<p class=\"has-text-align-center\">Il se doit de r\u00e9pondre au besoin des organismes professionnels et assurer l&rsquo;ensemble des prestations tant aux entreprises qu&rsquo;aux particuliers.<\/p>\n\n\n\n<h2 class=\"wp-block-heading\"><\/h2>\n\n\n\n<p class=\"has-text-align-center\">Dans le cadre de ces actions de formation, SAS <strong>Tactical BaseZen Consulting<\/strong> est agr\u00e9e comme <strong>Organisme de Formation<\/strong> par la DREETS sous le&nbsp;N\u00b075640556264 aupr\u00e8s du pr\u00e9fet de r\u00e9gion Nouvelle-Aquitaine..<\/p>\n\n\n<div class=\"wp-block-image\">\n<figure class=\"aligncenter size-large is-resized\"><img loading=\"lazy\" decoding=\"async\" width=\"336\" height=\"375\" src=\"https:\/\/www.basezen.fr\/wp-content\/uploads\/2018\/09\/direccte.png\" alt=\"\" class=\"wp-image-3551\" style=\"width:133px;height:149px\" srcset=\"https:\/\/www.basezen.fr\/wp-content\/uploads\/2018\/09\/direccte.png 336w, https:\/\/www.basezen.fr\/wp-content\/uploads\/2018\/09\/direccte-269x300.png 269w, https:\/\/www.basezen.fr\/wp-content\/uploads\/2018\/09\/direccte-143x160.png 143w\" sizes=\"(max-width: 336px) 100vw, 336px\" \/><\/figure>\n<\/div>\n\n\n<h2 class=\"wp-block-heading\"><\/h2>\n\n\n<div class=\"wp-block-image\">\n<figure class=\"aligncenter size-large is-resized\"><a href=\"https:\/\/www.francecompetences.fr\/qualite\/\" target=\"_blank\" rel=\"noopener noreferrer\"><img loading=\"lazy\" decoding=\"async\" width=\"835\" height=\"959\" src=\"https:\/\/www.basezen.fr\/wp-content\/uploads\/2020\/03\/Logo-Attitude-BaseZen-ABZI.png\" alt=\"\" class=\"wp-image-6066\" style=\"width:220px;height:253px\" srcset=\"https:\/\/www.basezen.fr\/wp-content\/uploads\/2020\/03\/Logo-Attitude-BaseZen-ABZI.png 835w, https:\/\/www.basezen.fr\/wp-content\/uploads\/2020\/03\/Logo-Attitude-BaseZen-ABZI-261x300.png 261w, https:\/\/www.basezen.fr\/wp-content\/uploads\/2020\/03\/Logo-Attitude-BaseZen-ABZI-768x882.png 768w, https:\/\/www.basezen.fr\/wp-content\/uploads\/2020\/03\/Logo-Attitude-BaseZen-ABZI-522x600.png 522w, https:\/\/www.basezen.fr\/wp-content\/uploads\/2020\/03\/Logo-Attitude-BaseZen-ABZI-139x160.png 139w\" sizes=\"(max-width: 835px) 100vw, 835px\" \/><\/a><\/figure>\n<\/div>\n\n\n<p class=\"has-text-align-center\">La loi n\u00b0&nbsp;<strong><a rel=\"noreferrer noopener\" aria-label=\"2018-771 du 5 septembre 2018 (s\u2019ouvre dans un nouvel onglet)\" href=\"https:\/\/www.basezen.fr\/wp-content\/uploads\/2020\/02\/joe_20180906_0205_0001-1.pdf\" target=\"_blank\">2018-771 du 5 septembre 2018<\/a><\/strong> pour la libert\u00e9 de choisir son avenir professionnel pr\u00e9voit dans son article 6 une obligation de certification, par un organisme tiers, des organismes r\u00e9alisant des actions concourant au d\u00e9veloppement des comp\u00e9tences sur la base d\u2019un r\u00e9f\u00e9rentiel national unique, s\u2019ils veulent b\u00e9n\u00e9ficier de fonds publics ou mutualis\u00e9s (financement par un op\u00e9rateur de comp\u00e9tences, par la commission mentionn\u00e9e \u00e0 l\u2019article L. 6323-17-6, par l\u2019\u00c9tat, par les r\u00e9gions, par la Caisse des d\u00e9p\u00f4ts et consignations, par P\u00f4le emploi ou par l\u2019Agefiph).<\/p>\n\n\n\n<h2 class=\"wp-block-heading\"><\/h2>\n\n\n\n<ul class=\"wp-block-list\">\n<li><strong>2024<\/strong>: Le responsable de l&rsquo;organisme devient \u00e9galement <strong>R\u00e9f\u00e9rent Handicap<\/strong><\/li>\n<\/ul>\n\n\n<div class=\"wp-block-image\">\n<figure class=\"aligncenter size-full is-resized\"><img loading=\"lazy\" decoding=\"async\" width=\"726\" height=\"720\" src=\"https:\/\/www.basezen.fr\/wp-content\/uploads\/2024\/08\/handicap-1173331_960_720.jpg\" alt=\"\" class=\"wp-image-19755\" style=\"width:204px;height:auto\" srcset=\"https:\/\/www.basezen.fr\/wp-content\/uploads\/2024\/08\/handicap-1173331_960_720.jpg 726w, https:\/\/www.basezen.fr\/wp-content\/uploads\/2024\/08\/handicap-1173331_960_720-300x298.jpg 300w, https:\/\/www.basezen.fr\/wp-content\/uploads\/2024\/08\/handicap-1173331_960_720-150x150.jpg 150w, https:\/\/www.basezen.fr\/wp-content\/uploads\/2024\/08\/handicap-1173331_960_720-600x595.jpg 600w, https:\/\/www.basezen.fr\/wp-content\/uploads\/2024\/08\/handicap-1173331_960_720-161x160.jpg 161w, https:\/\/www.basezen.fr\/wp-content\/uploads\/2024\/08\/handicap-1173331_960_720-100x100.jpg 100w\" sizes=\"(max-width: 726px) 100vw, 726px\" \/><\/figure>\n<\/div>\n\n\n<h2 class=\"wp-block-heading\"><\/h2>\n\n\n\n<h2 class=\"wp-block-heading\"><\/h2>\n\n\n\n<ul class=\"wp-block-list\">\n<li><strong>2020<\/strong>: L&rsquo;<strong>organisme de formation<\/strong> rentre dans une d\u00e9marche de certification de qualit\u00e9 <strong>Qualiopi<\/strong><\/li>\n<\/ul>\n\n\n<div class=\"wp-block-image\">\n<figure class=\"aligncenter size-large is-resized\"><img loading=\"lazy\" decoding=\"async\" width=\"1024\" height=\"619\" src=\"https:\/\/www.basezen.fr\/wp-content\/uploads\/2022\/11\/AF-1024x619.png\" alt=\"\" class=\"wp-image-6704\" style=\"width:310px;height:188px\" srcset=\"https:\/\/www.basezen.fr\/wp-content\/uploads\/2022\/11\/AF-1024x619.png 1024w, https:\/\/www.basezen.fr\/wp-content\/uploads\/2022\/11\/AF-300x181.png 300w, https:\/\/www.basezen.fr\/wp-content\/uploads\/2022\/11\/AF-768x464.png 768w, https:\/\/www.basezen.fr\/wp-content\/uploads\/2022\/11\/AF-1536x929.png 1536w, https:\/\/www.basezen.fr\/wp-content\/uploads\/2022\/11\/AF-600x363.png 600w, https:\/\/www.basezen.fr\/wp-content\/uploads\/2022\/11\/AF-265x160.png 265w, https:\/\/www.basezen.fr\/wp-content\/uploads\/2022\/11\/AF.png 1755w\" sizes=\"(max-width: 1024px) 100vw, 1024px\" \/><\/figure>\n<\/div>\n\n\n<p class=\"has-text-align-center\"><\/p>\n\n\n\n<div data-wp-interactive=\"core\/file\" class=\"wp-block-file\"><object data-wp-bind--hidden=\"!state.hasPdfPreview\" hidden class=\"wp-block-file__embed\" data=\"https:\/\/www.basezen.fr\/wp-content\/uploads\/2025\/04\/CERTIFICAT-N\u00b0QUA22090027-TACTICAL-BASEZEN-CONSULTING-2024-2027.pdf\" type=\"application\/pdf\" style=\"width:100%;height:600px\" aria-label=\"Contenu embarqu\u00e9 CERTIFICAT N\u00b0QUA22090027 TACTICAL BASEZEN CONSULTING 2024 2027.\"><\/object><a id=\"wp-block-file--media-f1c0bb53-1b7a-41e0-b49f-f45518fbfa41\" href=\"https:\/\/www.basezen.fr\/wp-content\/uploads\/2025\/04\/CERTIFICAT-N\u00b0QUA22090027-TACTICAL-BASEZEN-CONSULTING-2024-2027.pdf\">CERTIFICAT N\u00b0QUA22090027 TACTICAL BASEZEN CONSULTING 2024 2027<\/a><a href=\"https:\/\/www.basezen.fr\/wp-content\/uploads\/2025\/04\/CERTIFICAT-N\u00b0QUA22090027-TACTICAL-BASEZEN-CONSULTING-2024-2027.pdf\" class=\"wp-block-file__button wp-element-button\" download aria-describedby=\"wp-block-file--media-f1c0bb53-1b7a-41e0-b49f-f45518fbfa41\">T\u00e9l\u00e9charger<\/a><\/div>\n\n\n\n<h2 class=\"wp-block-heading\"><\/h2>\n\n\n\n<h2 class=\"wp-block-heading has-text-align-center\"><\/h2>\n\n\n\n<p class=\"has-text-align-center\"><strong>2018<\/strong>: L&rsquo;<strong>organisme de formation<\/strong> fait parti des centres habilit\u00e9s par l&rsquo;<span>Institut National de la Recherche et de S\u00e9curit\u00e9<\/span> (INRS)<\/p>\n\n\n\n<ul class=\"wp-block-list\">\n<li>Sauveteur-Secouriste du Travail \u00ab\u00a0<strong>Acteur SST<\/strong>\u00a0\u00bb N\u00b0H30765\/2018\/SST-1\/O\/01<\/li>\n<\/ul>\n\n\n<div class=\"wp-block-image\">\n<figure class=\"aligncenter size-full is-resized\"><img loading=\"lazy\" decoding=\"async\" width=\"500\" height=\"500\" src=\"https:\/\/www.basezen.fr\/wp-content\/uploads\/2023\/04\/logo-SST-vert.png\" alt=\"\" class=\"wp-image-6860\" style=\"width:125px;height:125px\" srcset=\"https:\/\/www.basezen.fr\/wp-content\/uploads\/2023\/04\/logo-SST-vert.png 500w, https:\/\/www.basezen.fr\/wp-content\/uploads\/2023\/04\/logo-SST-vert-300x300.png 300w, https:\/\/www.basezen.fr\/wp-content\/uploads\/2023\/04\/logo-SST-vert-150x150.png 150w, https:\/\/www.basezen.fr\/wp-content\/uploads\/2023\/04\/logo-SST-vert-160x160.png 160w, https:\/\/www.basezen.fr\/wp-content\/uploads\/2023\/04\/logo-SST-vert-100x100.png 100w\" sizes=\"(max-width: 500px) 100vw, 500px\" \/><\/figure>\n<\/div>\n\n\n<ul class=\"wp-block-list\">\n<li>Formateur Sauveteur-Secouriste du Travail \u00ab\u00a0<strong>FO SST<\/strong>\u00a0\u00bb N\u00b0H31285\/2018\/SST-2\/O\/01<\/li>\n<\/ul>\n\n\n<div class=\"wp-block-image\">\n<figure class=\"aligncenter size-full is-resized\"><img loading=\"lazy\" decoding=\"async\" width=\"500\" height=\"500\" src=\"https:\/\/www.basezen.fr\/wp-content\/uploads\/2023\/04\/logo-SST-rouge-1.png\" alt=\"\" class=\"wp-image-6862\" style=\"width:125px;height:125px\" srcset=\"https:\/\/www.basezen.fr\/wp-content\/uploads\/2023\/04\/logo-SST-rouge-1.png 500w, https:\/\/www.basezen.fr\/wp-content\/uploads\/2023\/04\/logo-SST-rouge-1-300x300.png 300w, https:\/\/www.basezen.fr\/wp-content\/uploads\/2023\/04\/logo-SST-rouge-1-150x150.png 150w, https:\/\/www.basezen.fr\/wp-content\/uploads\/2023\/04\/logo-SST-rouge-1-160x160.png 160w, https:\/\/www.basezen.fr\/wp-content\/uploads\/2023\/04\/logo-SST-rouge-1-100x100.png 100w\" sizes=\"(max-width: 500px) 100vw, 500px\" \/><\/figure>\n<\/div>\n\n\n<h2 class=\"wp-block-heading\"><\/h2>\n\n\n\n<h2 class=\"wp-block-heading\"><\/h2>\n\n\n\n<p class=\"has-text-align-center\"><strong>2017<\/strong>: Le <strong>formateur\/Consultant<\/strong>&nbsp;est membre de la <strong>Chambre syndicale de la Sophrologie.<\/strong> Elle repr\u00e9sente un r\u00e9seau de Sophrologues de France qui d\u00e9finissent engagement et professionnalisme.<\/p>\n\n\n<div class=\"wp-block-image\">\n<figure class=\"aligncenter is-resized\"><a href=\"https:\/\/www.chambre-syndicale-sophrologie.fr\" target=\"_blank\" rel=\"noreferrer noopener\"><img loading=\"lazy\" decoding=\"async\" width=\"258\" height=\"265\" src=\"http:\/\/basezen.fr\/wp-content\/uploads\/2018\/02\/logo-CSS.jpg\" alt=\"\" class=\"wp-image-335\" style=\"width:142px;height:146px\"\/><\/a><\/figure>\n<\/div>","protected":false},"excerpt":{"rendered":"<p>Tactical BaseZen Consulting est une Soci\u00e9t\u00e9 \u00e0 Actions Simplifi\u00e9e,&nbsp;fond\u00e9e en avril 2023 par Monsieur David MALAPRIS. Le si\u00e8ge social de Came (64520) est identifi\u00e9 par un SIRET&nbsp;951 371 251 00012 [&hellip;]<\/p>\n","protected":false},"author":1,"featured_media":6663,"parent":7,"menu_order":2,"comment_status":"closed","ping_status":"closed","template":"page-a-propos-de-tactical-basezen-consulting-2","meta":{"saved_in_kubio":true,"_monsterinsights_skip_tracking":false,"_monsterinsights_sitenote_active":false,"_monsterinsights_sitenote_note":"","_monsterinsights_sitenote_category":0,"ngg_post_thumbnail":0,"_glsr_average":0,"_glsr_ranking":0,"_glsr_reviews":0,"footnotes":""},"class_list":["post-8","page","type-page","status-publish","has-post-thumbnail","hentry"],"kubio_ai_page_context":{"short_desc":"","purpose":"general"},"_links":{"self":[{"href":"https:\/\/www.basezen.fr\/index.php\/wp-json\/wp\/v2\/pages\/8","targetHints":{"allow":["GET"]}}],"collection":[{"href":"https:\/\/www.basezen.fr\/index.php\/wp-json\/wp\/v2\/pages"}],"about":[{"href":"https:\/\/www.basezen.fr\/index.php\/wp-json\/wp\/v2\/types\/page"}],"author":[{"embeddable":true,"href":"https:\/\/www.basezen.fr\/index.php\/wp-json\/wp\/v2\/users\/1"}],"replies":[{"embeddable":true,"href":"https:\/\/www.basezen.fr\/index.php\/wp-json\/wp\/v2\/comments?post=8"}],"version-history":[{"count":155,"href":"https:\/\/www.basezen.fr\/index.php\/wp-json\/wp\/v2\/pages\/8\/revisions"}],"predecessor-version":[{"id":50557,"href":"https:\/\/www.basezen.fr\/index.php\/wp-json\/wp\/v2\/pages\/8\/revisions\/50557"}],"up":[{"embeddable":true,"href":"https:\/\/www.basezen.fr\/index.php\/wp-json\/wp\/v2\/pages\/7"}],"wp:featuredmedia":[{"embeddable":true,"href":"https:\/\/www.basezen.fr\/index.php\/wp-json\/wp\/v2\/media\/6663"}],"wp:attachment":[{"href":"https:\/\/www.basezen.fr\/index.php\/wp-json\/wp\/v2\/media?parent=8"}],"curies":[{"name":"wp","href":"https:\/\/api.w.org\/{rel}","templated":true}]}}