{"id":7134,"date":"2023-09-22T13:06:13","date_gmt":"2023-09-22T11:06:13","guid":{"rendered":"https:\/\/www.basezen.fr\/?page_id=7134"},"modified":"2025-07-25T09:47:24","modified_gmt":"2025-07-25T07:47:24","slug":"tbc-materiel-dae","status":"publish","type":"page","link":"https:\/\/www.basezen.fr\/index.php\/tbc-materiel-dae\/","title":{"rendered":"TBC &#8211; Mat\u00e9riel, DAE"},"content":{"rendered":"<div class=\"wp-block-image\">\n<figure class=\"aligncenter size-large is-resized\"><img loading=\"lazy\" decoding=\"async\" src=\"https:\/\/www.basezen.fr\/wp-content\/uploads\/2023\/04\/Logo-Tactical-BaseZen-Consulting-V1.2-999x1024.png\" alt=\"\" class=\"wp-image-6848\" style=\"width:250px;height:256px\" width=\"250\" height=\"256\"\/><\/figure>\n<\/div>\n\n\n<h2 class=\"wp-block-heading has-text-align-center\"><strong>D\u00e9fibrillateur Automatis\u00e9 Externe, SCHILLER MEDICAL \u00ab\u00a0FRED EASY\u00a0\u00bb<\/strong><\/h2>\n\n\n\n<h2 class=\"wp-block-heading\">       <\/h2>\n\n\n<div class=\"wp-block-image\">\n<figure class=\"aligncenter size-full is-resized\"><img loading=\"lazy\" decoding=\"async\" src=\"https:\/\/www.basezen.fr\/wp-content\/uploads\/2023\/09\/defibrillateur-fred-easy-automatique-schiller_2.jpg\" alt=\"\" class=\"wp-image-7137\" style=\"width:414px;height:414px\" width=\"414\" height=\"414\" srcset=\"https:\/\/www.basezen.fr\/wp-content\/uploads\/2023\/09\/defibrillateur-fred-easy-automatique-schiller_2.jpg 600w, https:\/\/www.basezen.fr\/wp-content\/uploads\/2023\/09\/defibrillateur-fred-easy-automatique-schiller_2-300x300.jpg 300w, https:\/\/www.basezen.fr\/wp-content\/uploads\/2023\/09\/defibrillateur-fred-easy-automatique-schiller_2-150x150.jpg 150w, https:\/\/www.basezen.fr\/wp-content\/uploads\/2023\/09\/defibrillateur-fred-easy-automatique-schiller_2-160x160.jpg 160w, https:\/\/www.basezen.fr\/wp-content\/uploads\/2023\/09\/defibrillateur-fred-easy-automatique-schiller_2-100x100.jpg 100w\" sizes=\"(max-width: 414px) 100vw, 414px\" \/><\/figure>\n<\/div>\n\n\n<h2 class=\"wp-block-heading\">    <\/h2>\n\n\n\n<h3 class=\"wp-block-heading has-text-align-center\"><strong>Fiche technique DAE<\/strong><\/h3>\n\n\n\n<p><strong>Mod\u00e8le:<\/strong> SCHILLER MEDICAL<\/p>\n\n\n\n<p><strong>Type:<\/strong> DAE, FRED EASY<\/p>\n\n\n\n<p><strong>Couleur:<\/strong> Gris<\/p>\n\n\n\n<p><strong>Mati\u00e8re:<\/strong> Polym\u00e8re<\/p>\n\n\n\n<h2 class=\"wp-block-heading\">   <\/h2>\n\n\n\n<h3 class=\"wp-block-heading has-text-align-center\"><strong>Inventaire mat\u00e9riel DAE<\/strong><\/h3>\n\n\n\n<ul class=\"wp-block-list\">\n<li>1 Housse de transport DAE protection<\/li>\n\n\n\n<li>1 D.A.E. SCHILLER Fred Easy<\/li>\n\n\n\n<li>1 Sacoche premier secours<\/li>\n\n\n\n<li>1 Kit premier secours (1 Ciseaux Mini Gesco, 1 compresse absorbante, 1 rasoir, 2 paires de gants, 1 protection BAB)<\/li>\n\n\n\n<li>1 Batterie Lithium Fred Easy<\/li>\n\n\n\n<li>1 Paire d&rsquo;\u00e9lectrodes Fred Easy<\/li>\n\n\n\n<li>1 Carte m\u00e9moire SD Fred Easy, 120 minutes<\/li>\n<\/ul>\n\n\n\n<h2 class=\"wp-block-heading\">    <\/h2>\n\n\n\n<h3 class=\"wp-block-heading has-text-align-center\"><strong>    Manuel d&rsquo;utilisation DAE SCHILLER Fred Easy<\/strong><\/h3>\n\n\n\n<div data-wp-interactive=\"core\/file\" class=\"wp-block-file aligncenter\"><object data-wp-bind--hidden=\"!state.hasPdfPreview\" hidden class=\"wp-block-file__embed\" data=\"https:\/\/www.basezen.fr\/wp-content\/uploads\/2023\/09\/Manuel-DSA-SCHILLER-EASY-3-1.pdf\" type=\"application\/pdf\" style=\"width:100%;height:600px\" aria-label=\"Contenu embarqu\u00e9 Manuel-DSA-SCHILLER-EASY-3-1.\"><\/object><a id=\"wp-block-file--media-97e39fe1-0e36-4ed4-836d-dc47a24559d9\" href=\"https:\/\/www.basezen.fr\/wp-content\/uploads\/2023\/09\/Manuel-DSA-SCHILLER-EASY-3-1.pdf\">Manuel-DSA-SCHILLER-EASY-3-1<\/a><a href=\"https:\/\/www.basezen.fr\/wp-content\/uploads\/2023\/09\/Manuel-DSA-SCHILLER-EASY-3-1.pdf\" class=\"wp-block-file__button wp-element-button\" download aria-describedby=\"wp-block-file--media-97e39fe1-0e36-4ed4-836d-dc47a24559d9\">T\u00e9l\u00e9charger<\/a><\/div>\n\n\n\n<p><\/p>\n","protected":false},"excerpt":{"rendered":"<p>D\u00e9fibrillateur Automatis\u00e9 Externe, SCHILLER MEDICAL \u00ab\u00a0FRED EASY\u00a0\u00bb Fiche technique DAE Mod\u00e8le: SCHILLER MEDICAL Type: DAE, FRED EASY Couleur: Gris Mati\u00e8re: Polym\u00e8re Inventaire mat\u00e9riel DAE Manuel d&rsquo;utilisation DAE SCHILLER Fred Easy<\/p>\n","protected":false},"author":1,"featured_media":7150,"parent":0,"menu_order":10,"comment_status":"closed","ping_status":"closed","template":"page-tbc-materiel-dae-2","meta":{"saved_in_kubio":true,"_monsterinsights_skip_tracking":false,"_monsterinsights_sitenote_active":false,"_monsterinsights_sitenote_note":"","_monsterinsights_sitenote_category":0,"ngg_post_thumbnail":0,"_glsr_average":0,"_glsr_ranking":0,"_glsr_reviews":0,"footnotes":""},"class_list":["post-7134","page","type-page","status-publish","has-post-thumbnail","hentry"],"kubio_ai_page_context":{"short_desc":"","purpose":"general"},"_links":{"self":[{"href":"https:\/\/www.basezen.fr\/index.php\/wp-json\/wp\/v2\/pages\/7134","targetHints":{"allow":["GET"]}}],"collection":[{"href":"https:\/\/www.basezen.fr\/index.php\/wp-json\/wp\/v2\/pages"}],"about":[{"href":"https:\/\/www.basezen.fr\/index.php\/wp-json\/wp\/v2\/types\/page"}],"author":[{"embeddable":true,"href":"https:\/\/www.basezen.fr\/index.php\/wp-json\/wp\/v2\/users\/1"}],"replies":[{"embeddable":true,"href":"https:\/\/www.basezen.fr\/index.php\/wp-json\/wp\/v2\/comments?post=7134"}],"version-history":[{"count":8,"href":"https:\/\/www.basezen.fr\/index.php\/wp-json\/wp\/v2\/pages\/7134\/revisions"}],"predecessor-version":[{"id":50951,"href":"https:\/\/www.basezen.fr\/index.php\/wp-json\/wp\/v2\/pages\/7134\/revisions\/50951"}],"wp:featuredmedia":[{"embeddable":true,"href":"https:\/\/www.basezen.fr\/index.php\/wp-json\/wp\/v2\/media\/7150"}],"wp:attachment":[{"href":"https:\/\/www.basezen.fr\/index.php\/wp-json\/wp\/v2\/media?parent=7134"}],"curies":[{"name":"wp","href":"https:\/\/api.w.org\/{rel}","templated":true}]}}