{"id":7024,"date":"2023-07-13T12:45:51","date_gmt":"2023-07-13T10:45:51","guid":{"rendered":"https:\/\/www.basezen.fr\/?page_id=7024"},"modified":"2024-08-16T10:11:09","modified_gmt":"2024-08-16T08:11:09","slug":"tactical-basezen-consulting-materiel-drone-dji-phantom-4-pro-v2","status":"publish","type":"page","link":"https:\/\/www.basezen.fr\/index.php\/tactical-basezen-consulting-materiel-drone-dji-phantom-4-pro-v2\/","title":{"rendered":"TBC &#8211; Mat\u00e9riel, Drone DJI Phantom 4 Pro V2"},"content":{"rendered":"<div class=\"wp-block-image\">\n<figure class=\"aligncenter size-large is-resized\"><img loading=\"lazy\" decoding=\"async\" width=\"999\" height=\"1024\" src=\"https:\/\/www.basezen.fr\/wp-content\/uploads\/2023\/06\/Logo-Accompagnement-Drone-operationnel-V1-999x1024.png\" alt=\"\" class=\"wp-image-6972\" style=\"width:250px;height:256px\" srcset=\"https:\/\/www.basezen.fr\/wp-content\/uploads\/2023\/06\/Logo-Accompagnement-Drone-operationnel-V1-999x1024.png 999w, https:\/\/www.basezen.fr\/wp-content\/uploads\/2023\/06\/Logo-Accompagnement-Drone-operationnel-V1-293x300.png 293w, https:\/\/www.basezen.fr\/wp-content\/uploads\/2023\/06\/Logo-Accompagnement-Drone-operationnel-V1-768x788.png 768w, https:\/\/www.basezen.fr\/wp-content\/uploads\/2023\/06\/Logo-Accompagnement-Drone-operationnel-V1-585x600.png 585w, https:\/\/www.basezen.fr\/wp-content\/uploads\/2023\/06\/Logo-Accompagnement-Drone-operationnel-V1-156x160.png 156w, https:\/\/www.basezen.fr\/wp-content\/uploads\/2023\/06\/Logo-Accompagnement-Drone-operationnel-V1.png 1180w\" sizes=\"(max-width: 999px) 100vw, 999px\" \/><\/figure>\n<\/div>\n\n\n<h2 class=\"wp-block-heading has-text-align-center\"><strong>Drone DJI Phantom 4 Professionnel Version 2<\/strong><\/h2>\n\n\n\n<h2 class=\"wp-block-heading\"><\/h2>\n\n\n<div class=\"wp-block-image\">\n<figure class=\"aligncenter size-large\"><img loading=\"lazy\" decoding=\"async\" width=\"1024\" height=\"683\" src=\"https:\/\/www.basezen.fr\/wp-content\/uploads\/2023\/07\/40e881330a7e92a0bc3f437616ccdc5b-1024x683.webp\" alt=\"\" class=\"wp-image-7040\" srcset=\"https:\/\/www.basezen.fr\/wp-content\/uploads\/2023\/07\/40e881330a7e92a0bc3f437616ccdc5b-1024x683.webp 1024w, https:\/\/www.basezen.fr\/wp-content\/uploads\/2023\/07\/40e881330a7e92a0bc3f437616ccdc5b-300x200.webp 300w, https:\/\/www.basezen.fr\/wp-content\/uploads\/2023\/07\/40e881330a7e92a0bc3f437616ccdc5b-768x512.webp 768w, https:\/\/www.basezen.fr\/wp-content\/uploads\/2023\/07\/40e881330a7e92a0bc3f437616ccdc5b-1536x1024.webp 1536w, https:\/\/www.basezen.fr\/wp-content\/uploads\/2023\/07\/40e881330a7e92a0bc3f437616ccdc5b-2048x1365.webp 2048w, https:\/\/www.basezen.fr\/wp-content\/uploads\/2023\/07\/40e881330a7e92a0bc3f437616ccdc5b-600x400.webp 600w, https:\/\/www.basezen.fr\/wp-content\/uploads\/2023\/07\/40e881330a7e92a0bc3f437616ccdc5b-240x160.webp 240w\" sizes=\"(max-width: 1024px) 100vw, 1024px\" \/><figcaption class=\"wp-element-caption\">UAS-FR 328777<\/figcaption><\/figure>\n<\/div>\n\n\n<h2 class=\"wp-block-heading\"><\/h2>\n\n\n\n<h3 class=\"wp-block-heading has-text-align-center\"><strong>Fiche technique DJI Phantom 4 Pro V2<\/strong><\/h3>\n\n\n\n<div data-wp-interactive=\"core\/file\" class=\"wp-block-file\"><object data-wp-bind--hidden=\"!state.hasPdfPreview\" hidden class=\"wp-block-file__embed\" data=\"https:\/\/www.basezen.fr\/wp-content\/uploads\/2023\/07\/Phantom-4-Pro-V2.0-Caracteristiques-techniques-DJI.pdf\" type=\"application\/pdf\" style=\"width:100%;height:600px\" aria-label=\"Contenu embarqu\u00e9 Phantom-4-Pro-V2.0-Caracteristiques-techniques-DJI.\"><\/object><a id=\"wp-block-file--media-38663742-9f80-4776-b7e3-830585177166\" href=\"https:\/\/www.basezen.fr\/wp-content\/uploads\/2023\/07\/Phantom-4-Pro-V2.0-Caracteristiques-techniques-DJI.pdf\">Phantom-4-Pro-V2.0-Caracteristiques-techniques-DJI<\/a><a href=\"https:\/\/www.basezen.fr\/wp-content\/uploads\/2023\/07\/Phantom-4-Pro-V2.0-Caracteristiques-techniques-DJI.pdf\" class=\"wp-block-file__button wp-element-button\" download aria-describedby=\"wp-block-file--media-38663742-9f80-4776-b7e3-830585177166\">T\u00e9l\u00e9charger<\/a><\/div>\n\n\n\n<h2 class=\"wp-block-heading\"><\/h2>\n\n\n\n<h3 class=\"wp-block-heading has-text-align-center\"><strong>Guide d&rsquo;utilisateur DJI Phantom 4 Pro V2<\/strong><\/h3>\n\n\n\n<div data-wp-interactive=\"core\/file\" class=\"wp-block-file\"><object data-wp-bind--hidden=\"!state.hasPdfPreview\" hidden class=\"wp-block-file__embed\" data=\"https:\/\/www.basezen.fr\/wp-content\/uploads\/2023\/07\/Phantom_4_Pro_Pro_Plus_User_Manual_FR.pdf\" type=\"application\/pdf\" style=\"width:100%;height:600px\" aria-label=\"Contenu embarqu\u00e9 Phantom_4_Pro_Pro_Plus_User_Manual_FR.\"><\/object><a id=\"wp-block-file--media-c8c971e4-10b2-439f-bd7d-4b030deb717b\" href=\"https:\/\/www.basezen.fr\/wp-content\/uploads\/2023\/07\/Phantom_4_Pro_Pro_Plus_User_Manual_FR.pdf\">Phantom_4_Pro_Pro_Plus_User_Manual_FR<\/a><a href=\"https:\/\/www.basezen.fr\/wp-content\/uploads\/2023\/07\/Phantom_4_Pro_Pro_Plus_User_Manual_FR.pdf\" class=\"wp-block-file__button wp-element-button\" download aria-describedby=\"wp-block-file--media-c8c971e4-10b2-439f-bd7d-4b030deb717b\">T\u00e9l\u00e9charger<\/a><\/div>\n\n\n\n<h2 class=\"wp-block-heading\"><\/h2>\n\n\n\n<h2 class=\"wp-block-heading\"><\/h2>\n\n\n\n<h3 class=\"wp-block-heading has-text-align-center\"><strong>Inventaire valise \u00e9tanche rigide DJI Phantom 4 Pro V2<\/strong><\/h3>\n\n\n\n<figure class=\"wp-block-image size-large\"><img loading=\"lazy\" decoding=\"async\" width=\"1024\" height=\"729\" src=\"https:\/\/www.basezen.fr\/wp-content\/uploads\/2023\/07\/IMG_0602-1024x729.jpeg\" alt=\"\" class=\"wp-image-7028\" srcset=\"https:\/\/www.basezen.fr\/wp-content\/uploads\/2023\/07\/IMG_0602-1024x729.jpeg 1024w, https:\/\/www.basezen.fr\/wp-content\/uploads\/2023\/07\/IMG_0602-300x214.jpeg 300w, https:\/\/www.basezen.fr\/wp-content\/uploads\/2023\/07\/IMG_0602-768x547.jpeg 768w, https:\/\/www.basezen.fr\/wp-content\/uploads\/2023\/07\/IMG_0602-1536x1093.jpeg 1536w, https:\/\/www.basezen.fr\/wp-content\/uploads\/2023\/07\/IMG_0602-2048x1458.jpeg 2048w, https:\/\/www.basezen.fr\/wp-content\/uploads\/2023\/07\/IMG_0602-600x427.jpeg 600w, https:\/\/www.basezen.fr\/wp-content\/uploads\/2023\/07\/IMG_0602-225x160.jpeg 225w\" sizes=\"(max-width: 1024px) 100vw, 1024px\" \/><\/figure>\n\n\n\n<ul class=\"wp-block-list\">\n<li>1 Drone DJI Phantom 4 Professionnel version 2 + Cam\u00e9ra capteur CMOS 1 pouce &#8211; N\u00b011UCF4R0A30529<\/li>\n\n\n\n<li>1 T\u00e9l\u00e9commande DJI RC mod\u00e8le GL300K, syst\u00e8me de transmission OcuSync 2.0 HD<\/li>\n\n\n\n<li>1 DJI station de recharge bidirectionnelle pour 3 batteries<\/li>\n\n\n\n<li>1 Chargeur DJI connexion t\u00e9l\u00e9commande\/Batterie\/Station + c\u00e2ble d&rsquo;alimentation<\/li>\n\n\n\n<li>2 batteries DJI Phantom 4 Professionnel intelligentes <\/li>\n\n\n\n<li>2 Lots d&rsquo;h\u00e9lice de rechange Horaire (Noir)<\/li>\n\n\n\n<li>1 Lots d&rsquo;h\u00e9lice de rechange Anti-horaire (Gris)<\/li>\n\n\n\n<li>2 lots de protection h\u00e9lice<\/li>\n\n\n\n<li>1 Lot (4 filtres) de filtre cam\u00e9ra<\/li>\n\n\n\n<li>2 Fixations lampe<\/li>\n\n\n\n<li>2 Lampes<\/li>\n\n\n\n<li>1 Carte micro SD 64 Go<\/li>\n\n\n\n<li>1 Carte micro SD 32 Go<\/li>\n\n\n\n<li>1 Adaptateur micro SD\/SD<\/li>\n\n\n\n<li>1 Harnais de maintien t\u00e9l\u00e9commande + Housse<\/li>\n\n\n\n<li>1 Valise \u00e9tanche<\/li>\n<\/ul>\n\n\n\n<h2 class=\"wp-block-heading\"><\/h2>\n\n\n\n<h3 class=\"wp-block-heading has-text-align-center\"><strong>Check List T\u00e9l\u00e9pilote<\/strong><\/h3>\n\n\n\n<div data-wp-interactive=\"core\/file\" class=\"wp-block-file aligncenter\"><object data-wp-bind--hidden=\"!state.hasPdfPreview\" hidden class=\"wp-block-file__embed\" data=\"https:\/\/www.basezen.fr\/wp-content\/uploads\/2023\/06\/TBC-Check-List-telepilote-1.pdf\" type=\"application\/pdf\" style=\"width:100%;height:600px\" aria-label=\"Contenu embarqu\u00e9 TBC-Check-List-telepilote-1.\"><\/object><a id=\"wp-block-file--media-40a5e5d4-f344-43a0-b2d7-b1e18e67e51c\" href=\"https:\/\/www.basezen.fr\/wp-content\/uploads\/2023\/06\/TBC-Check-List-telepilote-1.pdf\">TBC-Check-List-telepilote-1<\/a><a href=\"https:\/\/www.basezen.fr\/wp-content\/uploads\/2023\/06\/TBC-Check-List-telepilote-1.pdf\" class=\"wp-block-file__button wp-element-button\" download aria-describedby=\"wp-block-file--media-40a5e5d4-f344-43a0-b2d7-b1e18e67e51c\">T\u00e9l\u00e9charger<\/a><\/div>\n\n\n\n<h2 class=\"wp-block-heading\"><\/h2>\n\n\n\n<h3 class=\"wp-block-heading has-text-align-center\"><strong>Extrait du registre des a\u00e9ronefs civils circulant sans personne \u00e0 bord (MALAPRIS David &#8211; juin 2023)<\/strong><\/h3>\n\n\n\n<div data-wp-interactive=\"core\/file\" class=\"wp-block-file aligncenter\"><object data-wp-bind--hidden=\"!state.hasPdfPreview\" hidden class=\"wp-block-file__embed\" data=\"https:\/\/www.basezen.fr\/wp-content\/uploads\/2023\/07\/extrait_enregistrement_UAS-FR-328777_20230618_1954.pdf\" type=\"application\/pdf\" style=\"width:100%;height:600px\" aria-label=\"Contenu embarqu\u00e9 extrait_enregistrement_UAS-FR-328777_20230618_1954.\"><\/object><a id=\"wp-block-file--media-97e39fe1-0e36-4ed4-836d-dc47a24559d9\" href=\"https:\/\/www.basezen.fr\/wp-content\/uploads\/2023\/07\/extrait_enregistrement_UAS-FR-328777_20230618_1954.pdf\">extrait_enregistrement_UAS-FR-328777_20230618_1954<\/a><a href=\"https:\/\/www.basezen.fr\/wp-content\/uploads\/2023\/07\/extrait_enregistrement_UAS-FR-328777_20230618_1954.pdf\" class=\"wp-block-file__button wp-element-button\" download aria-describedby=\"wp-block-file--media-97e39fe1-0e36-4ed4-836d-dc47a24559d9\">T\u00e9l\u00e9charger<\/a><\/div>\n\n\n\n<h2 class=\"wp-block-heading\"><\/h2>\n\n\n\n<h3 class=\"wp-block-heading has-text-align-center has-vivid-red-color has-text-color\"><strong>En cas de perte:<\/strong><\/h3>\n\n\n\n<p class=\"has-text-align-center has-vivid-red-color has-text-color\"><em>david.malapris@basezen.fr<\/em><\/p>\n\n\n\n<p class=\"has-text-align-center has-vivid-red-color has-text-color\"><em>(+33) 07 56 99 57 84<\/em><\/p>\n","protected":false},"excerpt":{"rendered":"<p>Drone DJI Phantom 4 Professionnel Version 2 Fiche technique DJI Phantom 4 Pro V2 Guide d&rsquo;utilisateur DJI Phantom 4 Pro V2 Inventaire valise \u00e9tanche rigide DJI Phantom 4 Pro V2 [&hellip;]<\/p>\n","protected":false},"author":1,"featured_media":6985,"parent":0,"menu_order":10,"comment_status":"closed","ping_status":"closed","template":"","meta":{"saved_in_kubio":false,"_monsterinsights_skip_tracking":false,"_monsterinsights_sitenote_active":false,"_monsterinsights_sitenote_note":"","_monsterinsights_sitenote_category":0,"ngg_post_thumbnail":0,"_glsr_average":0,"_glsr_ranking":0,"_glsr_reviews":0,"footnotes":""},"class_list":["post-7024","page","type-page","status-publish","has-post-thumbnail","hentry"],"kubio_ai_page_context":{"short_desc":"","purpose":"general"},"_links":{"self":[{"href":"https:\/\/www.basezen.fr\/index.php\/wp-json\/wp\/v2\/pages\/7024","targetHints":{"allow":["GET"]}}],"collection":[{"href":"https:\/\/www.basezen.fr\/index.php\/wp-json\/wp\/v2\/pages"}],"about":[{"href":"https:\/\/www.basezen.fr\/index.php\/wp-json\/wp\/v2\/types\/page"}],"author":[{"embeddable":true,"href":"https:\/\/www.basezen.fr\/index.php\/wp-json\/wp\/v2\/users\/1"}],"replies":[{"embeddable":true,"href":"https:\/\/www.basezen.fr\/index.php\/wp-json\/wp\/v2\/comments?post=7024"}],"version-history":[{"count":14,"href":"https:\/\/www.basezen.fr\/index.php\/wp-json\/wp\/v2\/pages\/7024\/revisions"}],"predecessor-version":[{"id":26978,"href":"https:\/\/www.basezen.fr\/index.php\/wp-json\/wp\/v2\/pages\/7024\/revisions\/26978"}],"wp:featuredmedia":[{"embeddable":true,"href":"https:\/\/www.basezen.fr\/index.php\/wp-json\/wp\/v2\/media\/6985"}],"wp:attachment":[{"href":"https:\/\/www.basezen.fr\/index.php\/wp-json\/wp\/v2\/media?parent=7024"}],"curies":[{"name":"wp","href":"https:\/\/api.w.org\/{rel}","templated":true}]}}