{"id":6530,"date":"2021-11-29T19:20:10","date_gmt":"2021-11-29T18:20:10","guid":{"rendered":"https:\/\/www.basezen.fr\/?page_id=6530"},"modified":"2025-07-25T10:16:54","modified_gmt":"2025-07-25T08:16:54","slug":"tbc-materiels","status":"publish","type":"page","link":"https:\/\/www.basezen.fr\/index.php\/tbc-materiels\/","title":{"rendered":"TBC &#8211; Mat\u00e9riel, DAE &#8211; Trainer"},"content":{"rendered":"<div class=\"wp-block-image\">\n<figure class=\"aligncenter size-large is-resized\"><img loading=\"lazy\" decoding=\"async\" src=\"https:\/\/www.basezen.fr\/wp-content\/uploads\/2023\/04\/Logo-Tactical-BaseZen-Consulting-V1.2-999x1024.png\" alt=\"\" class=\"wp-image-6848\" style=\"width:250px;height:256px\" width=\"250\" height=\"256\"\/><\/figure>\n<\/div>\n\n\n<h2 class=\"wp-block-heading has-text-align-center\"><strong>D\u00e9fibrillateur Automatis\u00e9 Externe, SCHILLER MEDICAL \u00ab\u00a0FRED EASY T2\u00a0\u00bb &#8211; TRAINER<\/strong><\/h2>\n\n\n\n<h2 class=\"wp-block-heading\">       <\/h2>\n\n\n<div class=\"wp-block-image\">\n<figure class=\"aligncenter size-full is-resized\"><img loading=\"lazy\" decoding=\"async\" src=\"https:\/\/www.basezen.fr\/wp-content\/uploads\/2023\/09\/defibrillateur-de-formation-schiller-fred-easy-trainer.jpg\" alt=\"\" class=\"wp-image-7119\" style=\"width:414px;height:414px\" width=\"414\" height=\"414\" srcset=\"https:\/\/www.basezen.fr\/wp-content\/uploads\/2023\/09\/defibrillateur-de-formation-schiller-fred-easy-trainer.jpg 800w, https:\/\/www.basezen.fr\/wp-content\/uploads\/2023\/09\/defibrillateur-de-formation-schiller-fred-easy-trainer-300x300.jpg 300w, https:\/\/www.basezen.fr\/wp-content\/uploads\/2023\/09\/defibrillateur-de-formation-schiller-fred-easy-trainer-150x150.jpg 150w, https:\/\/www.basezen.fr\/wp-content\/uploads\/2023\/09\/defibrillateur-de-formation-schiller-fred-easy-trainer-768x768.jpg 768w, https:\/\/www.basezen.fr\/wp-content\/uploads\/2023\/09\/defibrillateur-de-formation-schiller-fred-easy-trainer-600x600.jpg 600w, https:\/\/www.basezen.fr\/wp-content\/uploads\/2023\/09\/defibrillateur-de-formation-schiller-fred-easy-trainer-160x160.jpg 160w, https:\/\/www.basezen.fr\/wp-content\/uploads\/2023\/09\/defibrillateur-de-formation-schiller-fred-easy-trainer-100x100.jpg 100w\" sizes=\"(max-width: 414px) 100vw, 414px\" \/><\/figure>\n<\/div>\n\n\n<h2 class=\"wp-block-heading\">    <\/h2>\n\n\n\n<h3 class=\"wp-block-heading has-text-align-center\"><strong>Fiche technique DAE Trainer<\/strong><\/h3>\n\n\n\n<p><strong>Mod\u00e8le:<\/strong> SCHILLER MEDICAL<\/p>\n\n\n\n<p><strong>Type:<\/strong> DSA\/DEA, FRED EASY T2 Exercice<\/p>\n\n\n\n<p><strong>Couleur:<\/strong> Gris<\/p>\n\n\n\n<p><strong>Mati\u00e8re:<\/strong> Polym\u00e8re<\/p>\n\n\n\n<h2 class=\"wp-block-heading\">   <\/h2>\n\n\n\n<h3 class=\"wp-block-heading has-text-align-center\"><strong>Inventaire mat\u00e9riel DAE Trainer<\/strong><\/h3>\n\n\n\n<ul class=\"wp-block-list\">\n<li>1 Housse de transport DAE protection, Bleue<\/li>\n\n\n\n<li>1 D\u00e9fibrillateur Automatis\u00e9 Externe SCHILLER Easy Fred Trainer<\/li>\n\n\n\n<li>1 T\u00e9l\u00e9commande exercice<\/li>\n\n\n\n<li>1 Kit DAE (1 Ciseaux Mini Gesco, 1 compresse absorbante, 1 rasoirX)<\/li>\n\n\n\n<li>1 Batterie pile LR6 (X4)<\/li>\n\n\n\n<li>1 Paire d&rsquo;\u00e9lectrodes d&rsquo;exercice<\/li>\n<\/ul>\n\n\n\n<h2 class=\"wp-block-heading\">    <\/h2>\n\n\n\n<h3 class=\"wp-block-heading has-text-align-center\"><strong>    Manuel d&rsquo;utilisation DAE SCHILLER Fred Easy &#8211; Trainer<\/strong><\/h3>\n\n\n\n<div data-wp-interactive=\"core\/file\" class=\"wp-block-file aligncenter\"><object data-wp-bind--hidden=\"!state.hasPdfPreview\" hidden class=\"wp-block-file__embed\" data=\"https:\/\/www.basezen.fr\/wp-content\/uploads\/2023\/09\/schillerfredeasytrainermultilang.pdf\" type=\"application\/pdf\" style=\"width:100%;height:600px\" aria-label=\"Contenu embarqu\u00e9 schillerfredeasytrainermultilang.\"><\/object><a id=\"wp-block-file--media-97e39fe1-0e36-4ed4-836d-dc47a24559d9\" href=\"https:\/\/www.basezen.fr\/wp-content\/uploads\/2023\/09\/schillerfredeasytrainermultilang.pdf\">schillerfredeasytrainermultilang<\/a><a href=\"https:\/\/www.basezen.fr\/wp-content\/uploads\/2023\/09\/schillerfredeasytrainermultilang.pdf\" class=\"wp-block-file__button wp-element-button\" download aria-describedby=\"wp-block-file--media-97e39fe1-0e36-4ed4-836d-dc47a24559d9\">T\u00e9l\u00e9charger<\/a><\/div>\n\n\n\n<p><\/p>\n","protected":false},"excerpt":{"rendered":"<p>D\u00e9fibrillateur Automatis\u00e9 Externe, SCHILLER MEDICAL \u00ab\u00a0FRED EASY T2\u00a0\u00bb &#8211; TRAINER Fiche technique DAE Trainer Mod\u00e8le: SCHILLER MEDICAL Type: DSA\/DEA, FRED EASY T2 Exercice Couleur: Gris Mati\u00e8re: Polym\u00e8re Inventaire mat\u00e9riel DAE [&hellip;]<\/p>\n","protected":false},"author":1,"featured_media":7150,"parent":0,"menu_order":10,"comment_status":"closed","ping_status":"closed","template":"page-tbc-materiel-dae-trainer","meta":{"saved_in_kubio":true,"_monsterinsights_skip_tracking":false,"_monsterinsights_sitenote_active":false,"_monsterinsights_sitenote_note":"","_monsterinsights_sitenote_category":0,"ngg_post_thumbnail":0,"_glsr_average":0,"_glsr_ranking":0,"_glsr_reviews":0,"footnotes":""},"class_list":["post-6530","page","type-page","status-publish","has-post-thumbnail","hentry"],"kubio_ai_page_context":{"short_desc":"","purpose":"general"},"_links":{"self":[{"href":"https:\/\/www.basezen.fr\/index.php\/wp-json\/wp\/v2\/pages\/6530","targetHints":{"allow":["GET"]}}],"collection":[{"href":"https:\/\/www.basezen.fr\/index.php\/wp-json\/wp\/v2\/pages"}],"about":[{"href":"https:\/\/www.basezen.fr\/index.php\/wp-json\/wp\/v2\/types\/page"}],"author":[{"embeddable":true,"href":"https:\/\/www.basezen.fr\/index.php\/wp-json\/wp\/v2\/users\/1"}],"replies":[{"embeddable":true,"href":"https:\/\/www.basezen.fr\/index.php\/wp-json\/wp\/v2\/comments?post=6530"}],"version-history":[{"count":25,"href":"https:\/\/www.basezen.fr\/index.php\/wp-json\/wp\/v2\/pages\/6530\/revisions"}],"predecessor-version":[{"id":50961,"href":"https:\/\/www.basezen.fr\/index.php\/wp-json\/wp\/v2\/pages\/6530\/revisions\/50961"}],"wp:featuredmedia":[{"embeddable":true,"href":"https:\/\/www.basezen.fr\/index.php\/wp-json\/wp\/v2\/media\/7150"}],"wp:attachment":[{"href":"https:\/\/www.basezen.fr\/index.php\/wp-json\/wp\/v2\/media?parent=6530"}],"curies":[{"name":"wp","href":"https:\/\/api.w.org\/{rel}","templated":true}]}}