{"id":6229,"date":"2020-03-19T16:51:19","date_gmt":"2020-03-19T15:51:19","guid":{"rendered":"https:\/\/www.basezen.fr\/?page_id=6229"},"modified":"2020-03-19T17:15:18","modified_gmt":"2020-03-19T16:15:18","slug":"stop-the-bleed","status":"publish","type":"page","link":"https:\/\/www.basezen.fr\/index.php\/formation\/secourssauvetage\/stop-the-bleed\/","title":{"rendered":"STOP The Bleed"},"content":{"rendered":"\n<div class=\"wp-block-image\"><figure class=\"aligncenter size-large\"><a href=\"https:\/\/www.stopthebleed.org\" target=\"_blank\" rel=\"noreferrer noopener\"><img loading=\"lazy\" decoding=\"async\" width=\"500\" height=\"100\" src=\"https:\/\/www.basezen.fr\/wp-content\/uploads\/2020\/03\/acs_cot_hc_logos.png\" alt=\"\" class=\"wp-image-6230\" srcset=\"https:\/\/www.basezen.fr\/wp-content\/uploads\/2020\/03\/acs_cot_hc_logos.png 500w, https:\/\/www.basezen.fr\/wp-content\/uploads\/2020\/03\/acs_cot_hc_logos-300x60.png 300w, https:\/\/www.basezen.fr\/wp-content\/uploads\/2020\/03\/acs_cot_hc_logos-280x56.png 280w\" sizes=\"(max-width: 500px) 100vw, 500px\" \/><\/a><\/figure><\/div>\n\n\n\n<h2 class=\"has-text-align-center wp-block-heading\"><strong>STOP THE BLEED<\/strong><\/h2>\n\n\n\n<div class=\"wp-block-image\"><figure class=\"aligncenter size-large is-resized\"><img loading=\"lazy\" decoding=\"async\" src=\"https:\/\/www.basezen.fr\/wp-content\/uploads\/2018\/03\/Logo-Formateur-Secourisme.png\" alt=\"\" class=\"wp-image-586\" width=\"147\" height=\"162\"\/><\/figure><\/div>\n\n\n\n<div class=\"wp-block-image\"><figure class=\"aligncenter size-large\"><img loading=\"lazy\" decoding=\"async\" width=\"1024\" height=\"768\" src=\"https:\/\/www.basezen.fr\/wp-content\/uploads\/2020\/03\/P6270044b-1024x768.jpg\" alt=\"\" class=\"wp-image-6239\" srcset=\"https:\/\/www.basezen.fr\/wp-content\/uploads\/2020\/03\/P6270044b-1024x768.jpg 1024w, https:\/\/www.basezen.fr\/wp-content\/uploads\/2020\/03\/P6270044b-300x225.jpg 300w, https:\/\/www.basezen.fr\/wp-content\/uploads\/2020\/03\/P6270044b-768x576.jpg 768w, https:\/\/www.basezen.fr\/wp-content\/uploads\/2020\/03\/P6270044b-1536x1152.jpg 1536w, https:\/\/www.basezen.fr\/wp-content\/uploads\/2020\/03\/P6270044b-2048x1536.jpg 2048w, https:\/\/www.basezen.fr\/wp-content\/uploads\/2020\/03\/P6270044b-600x450.jpg 600w, https:\/\/www.basezen.fr\/wp-content\/uploads\/2020\/03\/P6270044b-213x160.jpg 213w\" sizes=\"(max-width: 1024px) 100vw, 1024px\" \/><\/figure><\/div>\n\n\n\n<h2 class=\"wp-block-heading\">   <\/h2>\n\n\n\n<h3 class=\"has-text-align-center wp-block-heading\"><strong>OBJECTIF<\/strong> <\/h3>\n\n\n\n<div class=\"wp-block-image\"><figure class=\"aligncenter is-resized\"><img loading=\"lazy\" decoding=\"async\" src=\"https:\/\/www.basezen.fr\/wp-content\/uploads\/2020\/03\/Logo-Attitude-BaseZen-ABZI.png\" alt=\"L\u2019attribut alt de cette image est vide, son nom de fichier est Logo-Attitude-BaseZen-ABZI.png.\" width=\"125\" height=\"147\"\/><\/figure><\/div>\n\n\n\n<ul class=\"wp-block-list\"><li>Acqu\u00e9rir des connaissances n\u00e9cessaires pour intervenir sur une plaie h\u00e9morragique dans un environnement d\u00e9grad\u00e9.<\/li><\/ul>\n\n\n\n<h2 class=\"wp-block-heading\">   <\/h2>\n\n\n\n<h3 class=\"has-text-align-center wp-block-heading\"><strong>PROGRAMME<\/strong><\/h3>\n\n\n\n<div class=\"wp-block-image\"><figure class=\"aligncenter is-resized\"><img loading=\"lazy\" decoding=\"async\" src=\"https:\/\/www.basezen.fr\/wp-content\/uploads\/2020\/03\/pngwave-4-1024x1024.png\" alt=\"L\u2019attribut alt de cette image est vide, son nom de fichier est pngwave-4-1024x1024.png.\" width=\"115\" height=\"118\"\/><\/figure><\/div>\n\n\n\n<ul class=\"wp-block-list\"><li><em>Analyse de situation<\/em><\/li><li><em>M\u00e9thodologie CAB<\/em><\/li><li><em>Gestion des h\u00e9morragies externes :<\/em><ul><li><em>H\u00e9morragie non-jonctionnelle<\/em><\/li><li><em>H\u00e9morragie jonctionnelle<\/em><\/li><\/ul><\/li><li><em>R\u00e9vision des positions d&rsquo;attente<\/em><\/li><li><em>Gestion et risque de l\u2019hypothermie<\/em><\/li><\/ul>\n\n\n\n<h2 class=\"wp-block-heading\">    <\/h2>\n\n\n\n<h3 class=\"has-text-align-center wp-block-heading\"><strong>PUBLIC CONCERNE<\/strong><\/h3>\n\n\n\n<div class=\"wp-block-image\"><figure class=\"aligncenter is-resized\"><img loading=\"lazy\" decoding=\"async\" src=\"https:\/\/www.basezen.fr\/wp-content\/uploads\/2020\/03\/pngwave-3.png\" alt=\"L\u2019attribut alt de cette image est vide, son nom de fichier est pngwave-3.png.\" width=\"150\" height=\"93\"\/><\/figure><\/div>\n\n\n\n<ul class=\"wp-block-list\"><li><em>Tout public<\/em> qui souhaite compl\u00e9ter ses connaissances et exp\u00e9riences <\/li><li><em>Etre titulaire d&rsquo;une formation de secourisme (PSC1, PSE, SST, AFGSU,&#8230;)<\/em><\/li><\/ul>\n\n\n\n<h2 class=\"wp-block-heading\">    <\/h2>\n\n\n\n<h3 class=\"has-text-align-center wp-block-heading\"><strong>CONDITION DE FORMATION<\/strong><\/h3>\n\n\n\n<div class=\"wp-block-image\"><figure class=\"aligncenter is-resized\"><img loading=\"lazy\" decoding=\"async\" src=\"https:\/\/www.basezen.fr\/wp-content\/uploads\/2020\/03\/pngwave-5-1024x705.png\" alt=\"L\u2019attribut alt de cette image est vide, son nom de fichier est pngwave-5-1024x705.png.\" width=\"133\" height=\"98\"\/><\/figure><\/div>\n\n\n\n<p><em>Cette formation s&rsquo;adresse \u00e0 un groupe de 3 (minimum) \u00e0 10 personnes (maximum).<\/em><\/p>\n\n\n\n<p><em>La formation <strong>STOP THE BLEED<\/strong> dure 4 heure<\/em>s.<\/p>\n\n\n\n<h2 class=\"wp-block-heading\"><\/h2>\n\n\n\n<h3 class=\"has-text-align-center wp-block-heading\"><strong>VALIDATION DE LA FORMATION<\/strong><\/h3>\n\n\n\n<div class=\"wp-block-image\"><figure class=\"alignleft is-resized\"><img loading=\"lazy\" decoding=\"async\" src=\"https:\/\/www.basezen.fr\/wp-content\/uploads\/2020\/03\/Validation.png\" alt=\"L\u2019attribut alt de cette image est vide, son nom de fichier est Validation.png.\" width=\"103\" height=\"61\"\/><\/figure><\/div>\n\n\n\n<p><em>La formation <strong>STOP THE BLEED<\/strong> donne lieu \u00e0 la d\u00e9livrance d&rsquo;un<strong> <\/strong><\/em><strong><em>certificat <\/em>de l&rsquo;AMERICAN COLLEGE OF SURGEONS<\/strong><\/p>\n\n\n\n<h2 class=\"wp-block-heading\">    <\/h2>\n\n\n\n<div class=\"wp-block-image\"><figure class=\"aligncenter is-resized\"><a href=\"https:\/\/www.basezen.fr\/index.php\/accueil\/contact\/\" target=\"_blank\" rel=\"noreferrer noopener\"><img loading=\"lazy\" decoding=\"async\" src=\"https:\/\/www.basezen.fr\/wp-content\/uploads\/2020\/03\/Logo-Attitude-BaseZen-ABZI-Contact.png\" alt=\"L\u2019attribut alt de cette image est vide, son nom de fichier est Logo-Attitude-BaseZen-ABZI-Contact.png.\" width=\"257\" height=\"252\"\/><\/a><\/figure><\/div>\n\n\n\n<h2 class=\"wp-block-heading\">   <\/h2>\n","protected":false},"excerpt":{"rendered":"<p>STOP THE BLEED OBJECTIF Acqu\u00e9rir des connaissances n\u00e9cessaires pour intervenir sur une plaie h\u00e9morragique dans un environnement d\u00e9grad\u00e9. PROGRAMME Analyse de situation M\u00e9thodologie CAB Gestion des h\u00e9morragies externes : H\u00e9morragie [&hellip;]<\/p>\n","protected":false},"author":1,"featured_media":6242,"parent":171,"menu_order":2,"comment_status":"closed","ping_status":"closed","template":"","meta":{"saved_in_kubio":false,"_monsterinsights_skip_tracking":false,"_monsterinsights_sitenote_active":false,"_monsterinsights_sitenote_note":"","_monsterinsights_sitenote_category":0,"ngg_post_thumbnail":0,"_glsr_average":0,"_glsr_ranking":0,"_glsr_reviews":0,"footnotes":""},"class_list":["post-6229","page","type-page","status-publish","has-post-thumbnail","hentry"],"kubio_ai_page_context":{"short_desc":"","purpose":"general"},"_links":{"self":[{"href":"https:\/\/www.basezen.fr\/index.php\/wp-json\/wp\/v2\/pages\/6229","targetHints":{"allow":["GET"]}}],"collection":[{"href":"https:\/\/www.basezen.fr\/index.php\/wp-json\/wp\/v2\/pages"}],"about":[{"href":"https:\/\/www.basezen.fr\/index.php\/wp-json\/wp\/v2\/types\/page"}],"author":[{"embeddable":true,"href":"https:\/\/www.basezen.fr\/index.php\/wp-json\/wp\/v2\/users\/1"}],"replies":[{"embeddable":true,"href":"https:\/\/www.basezen.fr\/index.php\/wp-json\/wp\/v2\/comments?post=6229"}],"version-history":[{"count":4,"href":"https:\/\/www.basezen.fr\/index.php\/wp-json\/wp\/v2\/pages\/6229\/revisions"}],"predecessor-version":[{"id":6244,"href":"https:\/\/www.basezen.fr\/index.php\/wp-json\/wp\/v2\/pages\/6229\/revisions\/6244"}],"up":[{"embeddable":true,"href":"https:\/\/www.basezen.fr\/index.php\/wp-json\/wp\/v2\/pages\/171"}],"wp:featuredmedia":[{"embeddable":true,"href":"https:\/\/www.basezen.fr\/index.php\/wp-json\/wp\/v2\/media\/6242"}],"wp:attachment":[{"href":"https:\/\/www.basezen.fr\/index.php\/wp-json\/wp\/v2\/media?parent=6229"}],"curies":[{"name":"wp","href":"https:\/\/api.w.org\/{rel}","templated":true}]}}