{"id":6126,"date":"2020-03-15T21:26:33","date_gmt":"2020-03-15T20:26:33","guid":{"rendered":"https:\/\/www.basezen.fr\/?page_id=6126"},"modified":"2023-01-18T17:33:28","modified_gmt":"2023-01-18T16:33:28","slug":"mac-sst","status":"publish","type":"page","link":"https:\/\/www.basezen.fr\/index.php\/formation\/securite-au-travail\/mac-sst\/","title":{"rendered":"Sauveteur-Secouriste du Travail &#8211; Maintien-Actualisation des Comp\u00e9tences"},"content":{"rendered":"\n<figure class=\"wp-block-image size-large\"><img loading=\"lazy\" decoding=\"async\" width=\"703\" height=\"246\" src=\"https:\/\/www.basezen.fr\/wp-content\/uploads\/2018\/02\/logo_sst_inrs.png\" alt=\"\" class=\"wp-image-69\" srcset=\"https:\/\/www.basezen.fr\/wp-content\/uploads\/2018\/02\/logo_sst_inrs.png 703w, https:\/\/www.basezen.fr\/wp-content\/uploads\/2018\/02\/logo_sst_inrs-416x146.png 416w, https:\/\/www.basezen.fr\/wp-content\/uploads\/2018\/02\/logo_sst_inrs-300x105.png 300w\" sizes=\"(max-width: 703px) 100vw, 703px\" \/><\/figure>\n\n\n\n<h2 class=\"has-text-align-center wp-block-heading\"><strong>SAUVETEUR-SECOURISTE DU TRAVAIL<\/strong><\/h2>\n\n\n<div class=\"wp-block-image\">\n<figure class=\"aligncenter is-resized\"><img loading=\"lazy\" decoding=\"async\" src=\"http:\/\/basezen.fr\/wp-content\/uploads\/2018\/03\/Logo-Formation-Secourisme-292x300.png\" alt=\"\" class=\"wp-image-566\" width=\"147\" height=\"150\" srcset=\"https:\/\/www.basezen.fr\/wp-content\/uploads\/2018\/03\/Logo-Formation-Secourisme-292x300.png 292w, https:\/\/www.basezen.fr\/wp-content\/uploads\/2018\/03\/Logo-Formation-Secourisme-416x428.png 416w, https:\/\/www.basezen.fr\/wp-content\/uploads\/2018\/03\/Logo-Formation-Secourisme.png 500w\" sizes=\"(max-width: 147px) 100vw, 147px\" \/><\/figure>\n<\/div>\n\n\n<h4 class=\"has-text-align-center wp-block-heading\"><strong>Maintien-Actualisation des Comp\u00e9tences<\/strong><\/h4>\n\n\n\n<figure class=\"wp-block-image size-large\"><img loading=\"lazy\" decoding=\"async\" width=\"1024\" height=\"768\" src=\"https:\/\/www.basezen.fr\/wp-content\/uploads\/2020\/03\/IMG_3747b-1024x768.jpg\" alt=\"\" class=\"wp-image-6179\" srcset=\"https:\/\/www.basezen.fr\/wp-content\/uploads\/2020\/03\/IMG_3747b-1024x768.jpg 1024w, https:\/\/www.basezen.fr\/wp-content\/uploads\/2020\/03\/IMG_3747b-300x225.jpg 300w, https:\/\/www.basezen.fr\/wp-content\/uploads\/2020\/03\/IMG_3747b-768x576.jpg 768w, https:\/\/www.basezen.fr\/wp-content\/uploads\/2020\/03\/IMG_3747b-1536x1152.jpg 1536w, https:\/\/www.basezen.fr\/wp-content\/uploads\/2020\/03\/IMG_3747b-2048x1536.jpg 2048w, https:\/\/www.basezen.fr\/wp-content\/uploads\/2020\/03\/IMG_3747b-600x450.jpg 600w, https:\/\/www.basezen.fr\/wp-content\/uploads\/2020\/03\/IMG_3747b-213x160.jpg 213w\" sizes=\"(max-width: 1024px) 100vw, 1024px\" \/><\/figure>\n\n\n\n<h3 class=\"has-text-align-center wp-block-heading\"><strong>OBJECTIF<\/strong> <\/h3>\n\n\n<div class=\"wp-block-image\">\n<figure class=\"aligncenter size-large is-resized\"><img loading=\"lazy\" decoding=\"async\" src=\"https:\/\/www.basezen.fr\/wp-content\/uploads\/2020\/03\/Logo-Attitude-BaseZen-ABZI.png\" alt=\"\" class=\"wp-image-6066\" width=\"125\" height=\"143\" srcset=\"https:\/\/www.basezen.fr\/wp-content\/uploads\/2020\/03\/Logo-Attitude-BaseZen-ABZI.png 835w, https:\/\/www.basezen.fr\/wp-content\/uploads\/2020\/03\/Logo-Attitude-BaseZen-ABZI-261x300.png 261w, https:\/\/www.basezen.fr\/wp-content\/uploads\/2020\/03\/Logo-Attitude-BaseZen-ABZI-768x882.png 768w, https:\/\/www.basezen.fr\/wp-content\/uploads\/2020\/03\/Logo-Attitude-BaseZen-ABZI-522x600.png 522w, https:\/\/www.basezen.fr\/wp-content\/uploads\/2020\/03\/Logo-Attitude-BaseZen-ABZI-139x160.png 139w\" sizes=\"(max-width: 125px) 100vw, 125px\" \/><\/figure>\n<\/div>\n\n\n<p><em>Maintenir les comp\u00e9tences du Sauveteur-Secouriste du Travail, d\u00e9finies sur le dispositif de la formation initiale SST :<\/em><\/p>\n\n\n\n<ul class=\"wp-block-list\">\n<li><em>Intervenir en toute s\u00e9curit\u00e9 sur une situation dangereuse sur son lieu de travail en mettant en pratique ses connaissances en mati\u00e8re de pr\u00e9vention des risques professionnels. Ceci dans le respect de l&rsquo;organisation et des proc\u00e9dures sp\u00e9cifiques de l&rsquo;entreprise.<\/em><\/li>\n\n\n\n<li><em>Intervenir efficacement, face \u00e0 une situation d&rsquo;accident du travail, sur une ou plusieurs victime(s).<\/em><\/li>\n<\/ul>\n\n\n\n<h3 class=\"wp-block-heading\">           <\/h3>\n\n\n\n<h3 class=\"has-text-align-center wp-block-heading\"><strong>PROGRAMME<\/strong><\/h3>\n\n\n<div class=\"wp-block-image\">\n<figure class=\"aligncenter size-large is-resized\"><img loading=\"lazy\" decoding=\"async\" src=\"https:\/\/www.basezen.fr\/wp-content\/uploads\/2020\/03\/pngwave-4-1024x1024.png\" alt=\"\" class=\"wp-image-5947\" width=\"115\" height=\"115\" srcset=\"https:\/\/www.basezen.fr\/wp-content\/uploads\/2020\/03\/pngwave-4-1024x1024.png 1024w, https:\/\/www.basezen.fr\/wp-content\/uploads\/2020\/03\/pngwave-4-300x300.png 300w, https:\/\/www.basezen.fr\/wp-content\/uploads\/2020\/03\/pngwave-4-150x150.png 150w, https:\/\/www.basezen.fr\/wp-content\/uploads\/2020\/03\/pngwave-4-768x768.png 768w, https:\/\/www.basezen.fr\/wp-content\/uploads\/2020\/03\/pngwave-4-1536x1536.png 1536w, https:\/\/www.basezen.fr\/wp-content\/uploads\/2020\/03\/pngwave-4-600x600.png 600w, https:\/\/www.basezen.fr\/wp-content\/uploads\/2020\/03\/pngwave-4-160x160.png 160w, https:\/\/www.basezen.fr\/wp-content\/uploads\/2020\/03\/pngwave-4-100x100.png 100w, https:\/\/www.basezen.fr\/wp-content\/uploads\/2020\/03\/pngwave-4.png 1600w\" sizes=\"(max-width: 115px) 100vw, 115px\" \/><\/figure>\n<\/div>\n\n\n<h4 class=\"has-text-align-center wp-block-heading\"><strong>Retour d&rsquo;exp\u00e9rience<\/strong><\/h4>\n\n\n\n<ul class=\"wp-block-list\">\n<li><em>Situer son r\u00f4le de SST dans l&rsquo;organisme de la pr\u00e9vention de l&rsquo;entreprise<\/em><\/li>\n\n\n\n<li><em>Acteur secouriste dans son entreprise<\/em><\/li>\n\n\n\n<li><em>Acteur secouriste hors entreprise <\/em><\/li>\n<\/ul>\n\n\n\n<h4 class=\"has-text-align-center wp-block-heading\"><strong>R\u00e9vision des \u00e9tapes PrEFAS<\/strong><\/h4>\n\n\n\n<ul class=\"wp-block-list\">\n<li><em> Prot\u00e9ger la (les ) victime(s)<\/em><\/li>\n\n\n\n<li><em> Examiner la (les) victime(s) avant:et pour la mise en oeuvre de l&rsquo;action choisie<\/em><\/li>\n\n\n\n<li><em> Faire alerter et alerter en fonction des secours dans l&rsquo;entreprise ou \u00e9tablissement<\/em><\/li>\n\n\n\n<li><em> Secourir la (les) victime(s) <\/em><\/li>\n<\/ul>\n\n\n\n<h4 class=\"has-text-align-center wp-block-heading\"><strong>R\u00e9vision des gestes d&rsquo;urgence<\/strong><\/h4>\n\n\n\n<ul class=\"wp-block-list\">\n<li>Secourir la (les) victime(s) de mani\u00e8re appropri\u00e9e <\/li>\n<\/ul>\n\n\n\n<h4 class=\"has-text-align-center wp-block-heading\"><strong> Ateliers mises en situation simul\u00e9e<\/strong><\/h4>\n\n\n\n<h5 class=\"wp-block-heading\">         <\/h5>\n\n\n\n<p class=\"has-text-align-center\"><em>La formation est adapt\u00e9e au milieu\/domaine de l&rsquo;entreprise<\/em><\/p>\n\n\n\n<h2 class=\"wp-block-heading\">             <\/h2>\n\n\n\n<h3 class=\"has-text-align-center wp-block-heading\"><strong>PUBLIC CONCERNE<\/strong><\/h3>\n\n\n<div class=\"wp-block-image\">\n<figure class=\"aligncenter size-large is-resized\"><img loading=\"lazy\" decoding=\"async\" src=\"https:\/\/www.basezen.fr\/wp-content\/uploads\/2020\/03\/pngwave-3.png\" alt=\"\" class=\"wp-image-5948\" width=\"155\" height=\"98\" srcset=\"https:\/\/www.basezen.fr\/wp-content\/uploads\/2020\/03\/pngwave-3.png 1000w, https:\/\/www.basezen.fr\/wp-content\/uploads\/2020\/03\/pngwave-3-300x188.png 300w, https:\/\/www.basezen.fr\/wp-content\/uploads\/2020\/03\/pngwave-3-768x481.png 768w, https:\/\/www.basezen.fr\/wp-content\/uploads\/2020\/03\/pngwave-3-600x376.png 600w, https:\/\/www.basezen.fr\/wp-content\/uploads\/2020\/03\/pngwave-3-256x160.png 256w\" sizes=\"(max-width: 155px) 100vw, 155px\" \/><\/figure>\n<\/div>\n\n\n<ul class=\"wp-block-list\">\n<li><em>Etre titulaire du certificat Sauveteur-Secouriste du Travail d\u00e9livr\u00e9 par le r\u00e9seau Assurance maladie Risques Professionnels \/ INRS<\/em><\/li>\n\n\n\n<li><em>Tout public secteur professionnel<\/em><\/li>\n<\/ul>\n\n\n\n<h3 class=\"wp-block-heading\">        <\/h3>\n\n\n\n<h3 class=\"has-text-align-center wp-block-heading\"><strong>CONDITION DE FORMATION<\/strong><\/h3>\n\n\n<div class=\"wp-block-image\">\n<figure class=\"aligncenter size-large is-resized\"><img loading=\"lazy\" decoding=\"async\" src=\"https:\/\/www.basezen.fr\/wp-content\/uploads\/2020\/03\/pngwave-5-1024x705.png\" alt=\"\" class=\"wp-image-5977\" width=\"133\" height=\"90\" srcset=\"https:\/\/www.basezen.fr\/wp-content\/uploads\/2020\/03\/pngwave-5-300x206.png 300w, https:\/\/www.basezen.fr\/wp-content\/uploads\/2020\/03\/pngwave-5-768x528.png 768w, https:\/\/www.basezen.fr\/wp-content\/uploads\/2020\/03\/pngwave-5-233x160.png 233w\" sizes=\"(max-width: 133px) 100vw, 133px\" \/><\/figure>\n<\/div>\n\n\n<p><em>Cette formation s&rsquo;adresse \u00e0 un groupe de 4 (minimum) \u00e0 10 personnes (maximum).<\/em><\/p>\n\n\n\n<p><em>Une formation Maintien-Actualisation des Comp\u00e9tences SST dure 7 heures.<\/em><\/p>\n\n\n\n<h3 class=\"wp-block-heading\">       <\/h3>\n\n\n\n<h3 class=\"has-text-align-center wp-block-heading\"><strong>VALIDATION DE LA FORMATION<\/strong><\/h3>\n\n\n<div class=\"wp-block-image\">\n<figure class=\"alignleft size-large is-resized\"><img loading=\"lazy\" decoding=\"async\" src=\"https:\/\/www.basezen.fr\/wp-content\/uploads\/2020\/03\/Validation.png\" alt=\"\" class=\"wp-image-5944\" width=\"103\" height=\"89\" srcset=\"https:\/\/www.basezen.fr\/wp-content\/uploads\/2020\/03\/Validation.png 257w, https:\/\/www.basezen.fr\/wp-content\/uploads\/2020\/03\/Validation-185x160.png 185w\" sizes=\"(max-width: 103px) 100vw, 103px\" \/><\/figure>\n<\/div>\n\n\n<p><em>Sous r\u00e9serve de validation des comp\u00e9tences lors des \u00e9preuves certificatives d&rsquo;\u00e9valuation, le certificat de Sauveteur-Secouriste du Travail d\u00e9livr\u00e9 est valable 24 mois.<\/em><\/p>\n\n\n\n<p class=\"has-text-align-center\"><strong>Taux de r\u00e9ussite: 100%<\/strong><\/p>\n\n\n\n<h2 class=\"wp-block-heading\">      <\/h2>\n\n\n<div class=\"wp-block-image\">\n<figure class=\"aligncenter size-large is-resized\"><img loading=\"lazy\" decoding=\"async\" src=\"https:\/\/www.basezen.fr\/wp-content\/uploads\/2018\/08\/P8010016-1-1024x960.jpg\" alt=\"\" class=\"wp-image-2092\" width=\"598\" height=\"560\" srcset=\"https:\/\/www.basezen.fr\/wp-content\/uploads\/2018\/08\/P8010016-1-1024x960.jpg 1024w, https:\/\/www.basezen.fr\/wp-content\/uploads\/2018\/08\/P8010016-1-416x390.jpg 416w, https:\/\/www.basezen.fr\/wp-content\/uploads\/2018\/08\/P8010016-1-300x281.jpg 300w, https:\/\/www.basezen.fr\/wp-content\/uploads\/2018\/08\/P8010016-1-768x720.jpg 768w\" sizes=\"(max-width: 598px) 100vw, 598px\" \/><\/figure>\n<\/div>\n\n\n<p class=\"has-text-align-center\"><em>Le titulaire du certificat est r\u00e9put\u00e9 d\u00e9tenir l&rsquo;unit\u00e9 d&rsquo;enseignement PSC1 conform\u00e9ment \u00e0 l&rsquo;arr\u00eat\u00e9 du 5 d\u00e9cembre 2002 et article 4 de l&rsquo;arr\u00eat\u00e9 du 24 juillet 2007.<\/em><\/p>\n\n\n\n<h2 class=\"wp-block-heading\">     <\/h2>\n\n\n\n<p class=\"has-text-align-center\"><em>La formation MAC SST est reconnue au <a rel=\"noreferrer noopener\" href=\"https:\/\/inventaire.cncp.gouv.fr\/fiches\/715\/\" target=\"_blank\"><strong>CNCP<\/strong><\/a> comme formation professionnelle.<\/em><\/p>\n\n\n\n<p class=\"has-text-align-center\"><em>Certifi\u00e9 par le r\u00e9seau assurance maladie risques professionnels et l&rsquo;Institut National de Recherche et de S\u00e9curit\u00e9.<\/em><\/p>\n\n\n\n<h2 class=\"wp-block-heading\">      <\/h2>\n\n\n\n<p class=\"has-text-align-center has-light-green-cyan-background-color has-background\"><em><strong>Attitude BaseZen Institut<\/strong> est habilit\u00e9 par l&rsquo;INRS pour dispenser cette formation sous le N\u00b0 <em>1504150<\/em>\/2018\/SST-01\/O\/01<\/em><\/p>\n\n\n\n<h2 class=\"wp-block-heading\">       <\/h2>\n\n\n\n<h3 class=\"has-text-align-center wp-block-heading\"><strong>ACCESSIBILITE AUX PERSONNES HANDICAPES<\/strong><\/h3>\n\n\n\n<p class=\"has-text-align-center\">Cette formation est accessible aux personnes handicap\u00e9es.<\/p>\n\n\n\n<p class=\"has-text-align-center\">Nous avons des partenaires qui sont en mesure de vous accompagner dans vos d\u00e9marches et pour r\u00e9pondre \u00e0 vos questions lors de votre formation.<\/p>\n\n\n\n<h2 class=\"has-text-align-center wp-block-heading\">            <\/h2>\n\n\n\n<h2 class=\"wp-block-heading\">        <\/h2>\n\n\n\n<h4 class=\"has-text-align-center wp-block-heading\"><strong><a href=\"https:\/\/attitude-basezen-institut.catalogueformpro.com\/7\/securite-au-travail\/10073\/maintien-actualisation-des-competences-sauveteur-secouriste-du-travail\" target=\"_blank\" rel=\"noreferrer noopener\">DEMANDE D&rsquo;INSCRIPTION INDIVIDUELLE<\/a><\/strong><\/h4>\n\n\n\n<h2 class=\"wp-block-heading\">          <\/h2>\n\n\n\n<p class=\"has-text-align-center\">Pour <strong>date<\/strong> et <strong>tarif inter-entreprise<\/strong> (local de l&rsquo;organisme de formation) ou <strong>intra-entreprise <\/strong>(local de l&rsquo;entreprise), contactez-nous.<\/p>\n\n\n<div class=\"wp-block-image\">\n<figure class=\"aligncenter size-large is-resized\"><a href=\"https:\/\/www.basezen.fr\/index.php\/accueil\/contact\/\" target=\"_blank\" rel=\"noreferrer noopener\"><img loading=\"lazy\" decoding=\"async\" src=\"https:\/\/www.basezen.fr\/wp-content\/uploads\/2020\/03\/Logo-Attitude-BaseZen-ABZI-Contact.png\" alt=\"\" class=\"wp-image-6069\" width=\"257\" height=\"294\" srcset=\"https:\/\/www.basezen.fr\/wp-content\/uploads\/2020\/03\/Logo-Attitude-BaseZen-ABZI-Contact.png 835w, https:\/\/www.basezen.fr\/wp-content\/uploads\/2020\/03\/Logo-Attitude-BaseZen-ABZI-Contact-261x300.png 261w, https:\/\/www.basezen.fr\/wp-content\/uploads\/2020\/03\/Logo-Attitude-BaseZen-ABZI-Contact-768x882.png 768w, https:\/\/www.basezen.fr\/wp-content\/uploads\/2020\/03\/Logo-Attitude-BaseZen-ABZI-Contact-522x600.png 522w, https:\/\/www.basezen.fr\/wp-content\/uploads\/2020\/03\/Logo-Attitude-BaseZen-ABZI-Contact-139x160.png 139w\" sizes=\"(max-width: 257px) 100vw, 257px\" \/><\/a><\/figure>\n<\/div>\n\n\n<p><\/p>\n","protected":false},"excerpt":{"rendered":"<p>SAUVETEUR-SECOURISTE DU TRAVAIL Maintien-Actualisation des Comp\u00e9tences OBJECTIF Maintenir les comp\u00e9tences du Sauveteur-Secouriste du Travail, d\u00e9finies sur le dispositif de la formation initiale SST : PROGRAMME Retour d&rsquo;exp\u00e9rience R\u00e9vision des \u00e9tapes [&hellip;]<\/p>\n","protected":false},"author":1,"featured_media":834,"parent":2192,"menu_order":3,"comment_status":"closed","ping_status":"closed","template":"","meta":{"saved_in_kubio":false,"_monsterinsights_skip_tracking":false,"_monsterinsights_sitenote_active":false,"_monsterinsights_sitenote_note":"","_monsterinsights_sitenote_category":0,"ngg_post_thumbnail":0,"_glsr_average":0,"_glsr_ranking":0,"_glsr_reviews":0,"footnotes":""},"class_list":["post-6126","page","type-page","status-publish","has-post-thumbnail","hentry"],"kubio_ai_page_context":{"short_desc":"","purpose":"general"},"_links":{"self":[{"href":"https:\/\/www.basezen.fr\/index.php\/wp-json\/wp\/v2\/pages\/6126","targetHints":{"allow":["GET"]}}],"collection":[{"href":"https:\/\/www.basezen.fr\/index.php\/wp-json\/wp\/v2\/pages"}],"about":[{"href":"https:\/\/www.basezen.fr\/index.php\/wp-json\/wp\/v2\/types\/page"}],"author":[{"embeddable":true,"href":"https:\/\/www.basezen.fr\/index.php\/wp-json\/wp\/v2\/users\/1"}],"replies":[{"embeddable":true,"href":"https:\/\/www.basezen.fr\/index.php\/wp-json\/wp\/v2\/comments?post=6126"}],"version-history":[{"count":12,"href":"https:\/\/www.basezen.fr\/index.php\/wp-json\/wp\/v2\/pages\/6126\/revisions"}],"predecessor-version":[{"id":6836,"href":"https:\/\/www.basezen.fr\/index.php\/wp-json\/wp\/v2\/pages\/6126\/revisions\/6836"}],"up":[{"embeddable":true,"href":"https:\/\/www.basezen.fr\/index.php\/wp-json\/wp\/v2\/pages\/2192"}],"wp:featuredmedia":[{"embeddable":true,"href":"https:\/\/www.basezen.fr\/index.php\/wp-json\/wp\/v2\/media\/834"}],"wp:attachment":[{"href":"https:\/\/www.basezen.fr\/index.php\/wp-json\/wp\/v2\/media?parent=6126"}],"curies":[{"name":"wp","href":"https:\/\/api.w.org\/{rel}","templated":true}]}}