{"id":6081,"date":"2020-03-15T17:36:18","date_gmt":"2020-03-15T16:36:18","guid":{"rendered":"https:\/\/www.basezen.fr\/?page_id=6081"},"modified":"2024-07-24T22:41:04","modified_gmt":"2024-07-24T20:41:04","slug":"bilan-de-competences","status":"publish","type":"page","link":"https:\/\/www.basezen.fr\/index.php\/accompagnement\/bilan-de-competences\/","title":{"rendered":"Bilan de comp\u00e9tences"},"content":{"rendered":"\n<h2 class=\"has-text-align-center wp-block-heading\">    <em><strong>ACCOMPAGNEMENT EN EVOLUTION PROFESSIONNELLE<\/strong><\/em><\/h2>\n\n\n\n<h2 class=\"wp-block-heading\">      <\/h2>\n\n\n\n<p class=\"has-text-align-center\"><em>Un <strong>bilan professionnel<\/strong> comporte <strong>trois niveaux<\/strong><\/em>.<\/p>\n\n\n\n<p class=\"has-text-align-center\">Le dernier niveau concerne un accompagnement.<\/p>\n\n\n\n<p class=\"has-text-align-center\"><em>Ils ne sont pas obligatoirement tous mis en \u0153uvre.<\/em><\/p>\n\n\n\n<p class=\"has-text-align-center\"><em> Il d\u00e9pend des souhaits et des besoins de la personne, au regard notamment de son autonomie et du degr\u00e9 de maturation de son projet.<\/em><\/p>\n\n\n\n<p class=\"has-text-align-center\"><em>En principe, les services sont d\u00e9livr\u00e9s en pr\u00e9sentiel. Toutefois, selon les circonstances, ils peuvent \u00eatre organis\u00e9s \u00e0 distance (t\u00e9l\u00e9phone, outil informatique\u2026).<\/em><\/p>\n\n\n\n<h3 class=\"wp-block-heading\">        <\/h3>\n\n\n\n<h4 class=\"has-text-align-center wp-block-heading\"><strong><em>NIVEAU 1 : ACCUEIL INDIVIDUALIS\u00c9<\/em><\/strong><\/h4>\n\n\n\n<p>L\u2019accueil individualis\u00e9 permet d\u2019analyser la demande de la personne et d\u2019identifier, si n\u00e9cessaire la structure la mieux \u00e0 m\u00eame de lui proposer un service adapt\u00e9 \u00e0 son besoin.<\/p>\n\n\n\n<p>Dans ce cadre, la personne peut acc\u00e9der \u00e0 un certain nombre d\u2019informations sur les emplois, les comp\u00e9tences, les qualifications, les formations\u2026<\/p>\n\n\n\n<p class=\"has-text-align-center\">L&rsquo;accueil individualis\u00e9e c&rsquo;est :<\/p>\n\n\n\n<ul class=\"wp-block-list\"><li>Permettre de mieux appr\u00e9hender son environnement professionnel\/personnel et de l&rsquo;\u00e9volution (pour les m\u00e9tiers)<\/li><li>Etre capable d&rsquo;analyser sa situation professionnelle\/personnelle et de d\u00e9cider de poursuivre ou non ses d\u00e9marches<\/li><\/ul>\n\n\n\n<h3 class=\"wp-block-heading\">           <\/h3>\n\n\n\n<h4 class=\"has-text-align-center wp-block-heading\"><strong><em>NIVEAU 2 : CONSEIL PERSONNALISE<\/em><\/strong><\/h4>\n\n\n\n<p class=\"has-text-align-center\">Ce niveau de prestation, il s&rsquo;agit de s&rsquo;adapter \u00e0 la situation de la personne, \u00e0 son besoin et \u00e0 son degr\u00e9 d\u2019autonomie :<\/p>\n\n\n\n<ul class=\"wp-block-list\"><li>Clarifier sa demande et pr\u00e9ciser ses priorit\u00e9s en mati\u00e8re d\u2019\u00e9volution professionnelle\/personnelle<\/li><li>Rep\u00e9rer ses comp\u00e9tences (comp\u00e9tences transf\u00e9rables dans le cadre d\u2019une mobilit\u00e9, celles \u00e0 acqu\u00e9rir \u2013 notamment par la formation \u2013 pour am\u00e9liorer sa qualification et favoriser son \u00e9volution professionnelle\/personnelle \u2026)<\/li><li>Conna\u00eetre les emplois correspondant \u00e0 ses comp\u00e9tences ou, en compl\u00e9tant celles-ci<\/li><li>B\u00e9n\u00e9ficier d\u2019une m\u00e9thodologie de construction du projet professionnel\/personnel ;<\/li><li>D\u00e9finir son projet professionnel:personnel et d\u2019en appr\u00e9cier la faisabilit\u00e9<\/li><li>Formaliser son projet d\u2019\u00e9volution professionnelle\/personnelle<\/li><\/ul>\n\n\n\n<div class=\"wp-block-image\"><figure class=\"aligncenter size-large is-resized\"><a href=\"https:\/\/www.basezen.fr\/index.php\/conseil\/projet-bilan-de-competences\/\"><img loading=\"lazy\" decoding=\"async\" src=\"https:\/\/www.basezen.fr\/wp-content\/uploads\/2020\/03\/Logo-Attitude-BaseZen-ABZI-Conseil.png\" alt=\"\" class=\"wp-image-6085\" width=\"150\" height=\"171\" srcset=\"https:\/\/www.basezen.fr\/wp-content\/uploads\/2020\/03\/Logo-Attitude-BaseZen-ABZI-Conseil.png 835w, https:\/\/www.basezen.fr\/wp-content\/uploads\/2020\/03\/Logo-Attitude-BaseZen-ABZI-Conseil-261x300.png 261w, https:\/\/www.basezen.fr\/wp-content\/uploads\/2020\/03\/Logo-Attitude-BaseZen-ABZI-Conseil-768x882.png 768w, https:\/\/www.basezen.fr\/wp-content\/uploads\/2020\/03\/Logo-Attitude-BaseZen-ABZI-Conseil-522x600.png 522w\" sizes=\"(max-width: 150px) 100vw, 150px\" \/><\/a><\/figure><\/div>\n\n\n\n<h2 class=\"wp-block-heading\">    <\/h2>\n\n\n\n<h4 class=\"has-text-align-center wp-block-heading\"><strong><em>NIVEAU 3 : ACCOMPAGNEMENT PERSONNALIS\u00c9 DANS LA MISE EN \u0152UVRE&nbsp; DU PROJET<\/em><\/strong><\/h4>\n\n\n\n<p class=\"has-text-align-center\">Lorsque le projet est d\u00e9fini, et si vous le souhaitez, vous pouvez b\u00e9n\u00e9ficier d\u2019un accompagnement. Ensemble, ils d\u00e9finissent un plan d\u2019actions<\/p>\n\n\n\n<h2 class=\"wp-block-heading\">    <\/h2>\n\n\n\n<figure class=\"wp-block-image size-large\"><img loading=\"lazy\" decoding=\"async\" width=\"1024\" height=\"768\" src=\"https:\/\/www.basezen.fr\/wp-content\/uploads\/2018\/08\/P8100002bb-1024x768.jpg\" alt=\"\" class=\"wp-image-2638\" srcset=\"https:\/\/www.basezen.fr\/wp-content\/uploads\/2018\/08\/P8100002bb-1024x768.jpg 1024w, https:\/\/www.basezen.fr\/wp-content\/uploads\/2018\/08\/P8100002bb-416x312.jpg 416w, https:\/\/www.basezen.fr\/wp-content\/uploads\/2018\/08\/P8100002bb-300x225.jpg 300w, https:\/\/www.basezen.fr\/wp-content\/uploads\/2018\/08\/P8100002bb-768x576.jpg 768w\" sizes=\"(max-width: 1024px) 100vw, 1024px\" \/><\/figure>\n\n\n\n<div class=\"wp-block-image\"><figure class=\"aligncenter size-large is-resized\"><a href=\"https:\/\/www.basezen.fr\/index.php\/accueil\/contact\/\" target=\"_blank\" rel=\"noreferrer noopener\"><img loading=\"lazy\" decoding=\"async\" src=\"https:\/\/www.basezen.fr\/wp-content\/uploads\/2020\/03\/Logo-Attitude-BaseZen-ABZI-Contact.png\" alt=\"\" class=\"wp-image-6069\" width=\"182\" height=\"210\" srcset=\"https:\/\/www.basezen.fr\/wp-content\/uploads\/2020\/03\/Logo-Attitude-BaseZen-ABZI-Contact.png 835w, https:\/\/www.basezen.fr\/wp-content\/uploads\/2020\/03\/Logo-Attitude-BaseZen-ABZI-Contact-261x300.png 261w, https:\/\/www.basezen.fr\/wp-content\/uploads\/2020\/03\/Logo-Attitude-BaseZen-ABZI-Contact-768x882.png 768w, https:\/\/www.basezen.fr\/wp-content\/uploads\/2020\/03\/Logo-Attitude-BaseZen-ABZI-Contact-522x600.png 522w, https:\/\/www.basezen.fr\/wp-content\/uploads\/2020\/03\/Logo-Attitude-BaseZen-ABZI-Contact-139x160.png 139w\" sizes=\"(max-width: 182px) 100vw, 182px\" \/><\/a><\/figure><\/div>\n\n\n\n<h2 class=\"wp-block-heading\">   <\/h2>\n\n\n\n<p class=\"has-background has-text-align-center has-luminous-vivid-amber-background-color\"><strong>A NOTER:<\/strong> <strong><em>Lorsque le plan d\u2019actions pr\u00e9voit des formations, un accompagnement \u00e0 la VAE ou une prestation compl\u00e9mentaire, le conseiller assure l\u2019ing\u00e9nierie financi\u00e8re du projet. Il identifie les financements possibles (notamment dans le cadre du compte personnel de formation \u2013 CPF), v\u00e9rifie les crit\u00e8res d\u2019\u00e9ligibilit\u00e9, prend contact avec les financeurs.<\/em><\/strong><\/p>\n","protected":false},"excerpt":{"rendered":"<p>ACCOMPAGNEMENT EN EVOLUTION PROFESSIONNELLE Un bilan professionnel comporte trois niveaux. Le dernier niveau concerne un accompagnement. Ils ne sont pas obligatoirement tous mis en \u0153uvre. Il d\u00e9pend des souhaits et [&hellip;]<\/p>\n","protected":false},"author":1,"featured_media":17304,"parent":87,"menu_order":1,"comment_status":"closed","ping_status":"closed","template":"","meta":{"saved_in_kubio":false,"_monsterinsights_skip_tracking":false,"_monsterinsights_sitenote_active":false,"_monsterinsights_sitenote_note":"","_monsterinsights_sitenote_category":0,"ngg_post_thumbnail":0,"_glsr_average":0,"_glsr_ranking":0,"_glsr_reviews":0,"footnotes":""},"class_list":["post-6081","page","type-page","status-publish","has-post-thumbnail","hentry"],"kubio_ai_page_context":{"short_desc":"","purpose":"general"},"_links":{"self":[{"href":"https:\/\/www.basezen.fr\/index.php\/wp-json\/wp\/v2\/pages\/6081","targetHints":{"allow":["GET"]}}],"collection":[{"href":"https:\/\/www.basezen.fr\/index.php\/wp-json\/wp\/v2\/pages"}],"about":[{"href":"https:\/\/www.basezen.fr\/index.php\/wp-json\/wp\/v2\/types\/page"}],"author":[{"embeddable":true,"href":"https:\/\/www.basezen.fr\/index.php\/wp-json\/wp\/v2\/users\/1"}],"replies":[{"embeddable":true,"href":"https:\/\/www.basezen.fr\/index.php\/wp-json\/wp\/v2\/comments?post=6081"}],"version-history":[{"count":7,"href":"https:\/\/www.basezen.fr\/index.php\/wp-json\/wp\/v2\/pages\/6081\/revisions"}],"predecessor-version":[{"id":17323,"href":"https:\/\/www.basezen.fr\/index.php\/wp-json\/wp\/v2\/pages\/6081\/revisions\/17323"}],"up":[{"embeddable":true,"href":"https:\/\/www.basezen.fr\/index.php\/wp-json\/wp\/v2\/pages\/87"}],"wp:featuredmedia":[{"embeddable":true,"href":"https:\/\/www.basezen.fr\/index.php\/wp-json\/wp\/v2\/media\/17304"}],"wp:attachment":[{"href":"https:\/\/www.basezen.fr\/index.php\/wp-json\/wp\/v2\/media?parent=6081"}],"curies":[{"name":"wp","href":"https:\/\/api.w.org\/{rel}","templated":true}]}}