{"id":6046,"date":"2020-03-15T16:57:56","date_gmt":"2020-03-15T15:57:56","guid":{"rendered":"https:\/\/www.basezen.fr\/?page_id=6046"},"modified":"2023-09-22T19:05:49","modified_gmt":"2023-09-22T17:05:49","slug":"audit-materio-vigilence-d-a-e","status":"publish","type":"page","link":"https:\/\/www.basezen.fr\/index.php\/conseil\/audit-materio-vigilence-d-a-e\/","title":{"rendered":"Audit Mat\u00e9rio-Vigilence D.A.E."},"content":{"rendered":"\n<h2 class=\"wp-block-heading has-text-align-center\"><strong>V\u00e9rification &amp; Contr\u00f4le Mat\u00e9rio-Vigilence des D\u00e9fibrillateurs Automatis\u00e9s Externes (DAE)<\/strong><\/h2>\n\n\n\n<h2 class=\"wp-block-heading\">    <\/h2>\n\n\n\n<p class=\"has-text-align-center\"><em>Vous \u00eates une entreprise, une structure accueillant du public (mairie, structure sportive, \u00e9tablissement scolaire, etc.) ou un particulier et vous venez d\u2019acheter un <strong>D\u00e9fibrillateur Automatis\u00e9 Externe<\/strong> (DAE) ou vous souhaitez en acqu\u00e9rir un, il est important de rappeler que l\u2019achat d\u2019un DAE n\u00e9cessite de prendre un certain nombre de pr\u00e9cautions pour en assurer une utilisation en toute s\u00e9curit\u00e9.<\/em><\/p>\n\n\n\n<p class=\"has-text-align-center\"><em>Le DAE est un dispositif m\u00e9dical qui peut permettre la r\u00e9animation d\u2019une personne en arr\u00eat cardiaque. Un DAE analyse le rythme cardiaque obtenu par les \u00e9lectrodes plac\u00e9es sur la peau du patient, identifie les rythmes cardiaques qui n\u00e9cessitent un choc \u00e9lectrique et permettra de d\u00e9livrer un ou des chocs si n\u00e9cessaires.<\/em><\/p>\n\n\n\n<p><em>Il existe 2 types de D\u00e9fibrillateurs Automatis\u00e9s Externes :<\/em><\/p>\n\n\n\n<ul class=\"wp-block-list\">\n<li>Les D\u00e9fibrillateurs Semi-Automatiques (DSA)<\/li>\n\n\n\n<li>Les D\u00e9fibrillateurs Enti\u00e8rement Automatiques (DEA)<\/li>\n<\/ul>\n\n\n\n<p class=\"has-text-align-center\"><em>Apr\u00e8s l\u2019acquisition d\u2019un DAE, il est tr\u00e8s important de prendre des pr\u00e9cautions relatives \u00e0 son utilisation et sa maintenance.<\/em><\/p>\n\n\n\n<p class=\"has-text-align-center\"><em>A ce titre, un mat\u00e9rio-vigilence demeure indispensable .<\/em>..<\/p>\n\n\n\n<h2 class=\"wp-block-heading\">   <\/h2>\n\n\n\n<figure class=\"wp-block-image size-large\"><img loading=\"lazy\" decoding=\"async\" width=\"1024\" height=\"865\" src=\"https:\/\/www.basezen.fr\/wp-content\/uploads\/2020\/03\/IMG_4612c-1024x865.jpg\" alt=\"\" class=\"wp-image-6057\" srcset=\"https:\/\/www.basezen.fr\/wp-content\/uploads\/2020\/03\/IMG_4612c-1024x865.jpg 1024w, https:\/\/www.basezen.fr\/wp-content\/uploads\/2020\/03\/IMG_4612c-300x253.jpg 300w, https:\/\/www.basezen.fr\/wp-content\/uploads\/2020\/03\/IMG_4612c-768x649.jpg 768w, https:\/\/www.basezen.fr\/wp-content\/uploads\/2020\/03\/IMG_4612c-1536x1297.jpg 1536w, https:\/\/www.basezen.fr\/wp-content\/uploads\/2020\/03\/IMG_4612c-2048x1730.jpg 2048w, https:\/\/www.basezen.fr\/wp-content\/uploads\/2020\/03\/IMG_4612c-600x507.jpg 600w, https:\/\/www.basezen.fr\/wp-content\/uploads\/2020\/03\/IMG_4612c-189x160.jpg 189w\" sizes=\"(max-width: 1024px) 100vw, 1024px\" \/><\/figure>\n\n\n\n<h3 class=\"wp-block-heading has-text-align-center\"><strong><em>Qu\u2019est-ce que la mat\u00e9rio-vigilance?<\/em><\/strong><\/h3>\n\n\n\n<p class=\"has-text-align-center\"><em>La mat\u00e9rio-vigilance c&rsquo;est le contr\u00f4le de l&#8217;emplacement, de la v\u00e9rification de l&rsquo;\u00e9tat et bon fonctionnement des D\u00e9fibrillateurs Automatis\u00e9s Externes.<\/em> <\/p>\n\n\n\n<p class=\"has-text-align-center\"><em>Un d\u00e9cret du 19 d\u00e9cembre 2018 (cons\u00e9cutif \u00e0 la loi du 28 juin 2018) pr\u00e9cise les obligations de la maintenance et suivi des D\u00e9fibrillateur Automatis\u00e9 Externe.<\/em><\/p>\n\n\n\n<h2 class=\"wp-block-heading\">   <\/h2>\n\n\n\n<p class=\"has-text-align-center has-luminous-vivid-amber-background-color has-background\"><em><strong>NOTE: <\/strong>Une nouvelle r\u00e9glementation europ\u00e9ennes a \u00e9t\u00e9 publi\u00e9e au Journal Officiel de l&rsquo;Union Europ\u00e9enne, le 05 mai 2017. Les <strong>D\u00e9fibrillateurs Automatis\u00e9s Externes<\/strong> (DAE) passent en classe III (haut niveau) des dispositifs m\u00e9dicaux. L&rsquo;exploitant doit tenir un registre de maintenance et fiches d&rsquo;intervention o\u00f9 ils recensent toutes les op\u00e9rations effectu\u00e9es. Cette tra\u00e7abilit\u00e9 est conserv\u00e9e durant 5 ans.<\/em><\/p>\n\n\n\n<h2 class=\"wp-block-heading\">   <\/h2>\n\n\n\n<h3 class=\"wp-block-heading has-text-align-center\"><strong><em>Conduite \u00e0 tenir pour l&rsquo;exploitant<\/em><\/strong><\/h3>\n\n\n\n<p class=\"has-text-align-center\"><em>Afin d&rsquo;optimiser le suivi et les conditions d&rsquo;une bonne utilisation du dispositif, il est recommand\u00e9 de :<\/em><\/p>\n\n\n\n<ul class=\"wp-block-list\">\n<li><em>Former les personnels \u00e0 l&rsquo;utilisation du D\u00e9fibrillateur Automatis\u00e9 Externe (DAE)<\/em><\/li>\n\n\n\n<li><em>D\u00e9signer un responsable du suivi<\/em><\/li>\n\n\n\n<li><em>Mettre en place un registre de maintenance et les fiches d&rsquo;intervention<\/em><\/li>\n\n\n\n<li><em>Enregistrer le DAE aupr\u00e8s du fabricant et des services de secours<\/em><\/li>\n\n\n\n<li><em>Tracer le lieu d&rsquo;implantation du DAE<\/em><\/li>\n\n\n\n<li><em>Mettre le dispositif dans un lieu visible et facilement accessible<\/em><\/li>\n\n\n\n<li><em>Ne pas exposer le DAE \u00e0 la chaleur (+40\u00b0) ou au froid (-0\u00b0)<\/em><\/li>\n\n\n\n<li><em>V\u00e9rifier r\u00e9guli\u00e8rement l&rsquo;\u00e9tat ext\u00e9rieur du DAE<\/em><\/li>\n\n\n\n<li><em>V\u00e9rifier r\u00e9guli\u00e8rement le t\u00e9moin de marche conform\u00e9ment \u00e0 la notice d\u2019utilisation ainsi que les dates de p\u00e9remption de la batterie et des \u00e9lectrodes<\/em><\/li>\n\n\n\n<li><em>D\u00e9clarer tout dysfonctionnement observ\u00e9 pouvant avoir ou ayant eu une incidence sur l&rsquo;\u00e9tat de sant\u00e9 de la personne prise en charge, de l&rsquo;utilisateur ou un tiers<\/em><\/li>\n<\/ul>\n\n\n\n<p class=\"has-text-align-center\">Par ailleurs, il vous est rappel\u00e9 l\u2019importance de consulter la notice d\u2019utilisation du DAE dans laquelle sont notamment d\u00e9taill\u00e9es les recommandations concernant les proc\u00e9dures de maintenance et de contr\u00f4le<\/p>\n\n\n\n<h2 class=\"wp-block-heading\">   <\/h2>\n\n\n<div class=\"wp-block-image\">\n<figure class=\"aligncenter size-medium\"><img loading=\"lazy\" decoding=\"async\" width=\"293\" height=\"300\" src=\"https:\/\/www.basezen.fr\/wp-content\/uploads\/2023\/04\/Logo-Tactical-BaseZen-Consulting-V1.2-293x300.png\" alt=\"\" class=\"wp-image-6848\"\/><\/figure>\n<\/div>\n\n\n<p><em>L&rsquo; <strong>audit Mat\u00e9rio-Vigilence<\/strong> propos\u00e9 par<strong> Tactical BaseZen Consulting <\/strong>comprend :<\/em><\/p>\n\n\n\n<ul class=\"wp-block-list\">\n<li><em>V\u00e9rification du boitier DAE avec contr\u00f4le de la batterie et des auto-tests<\/em><\/li>\n\n\n\n<li><em>Contr\u00f4le des dates de p\u00e9remption des accessoires (\u00e9lectrodes, kit de secours, &#8230;)<\/em><\/li>\n\n\n\n<li><em>Relever des anomalies et modification des normes d&rsquo;obligations, \u00e9ventuellement<\/em><\/li>\n\n\n\n<li><em>Remplacement des accessoires et piles, si p\u00e9remption ou anomalie <\/em><\/li>\n\n\n\n<li><em>D\u00e9livrance d&rsquo;une fiche d&rsquo;intervention op\u00e9rationnel<\/em>le<\/li>\n<\/ul>\n\n\n\n<h2 class=\"wp-block-heading\">   <\/h2>\n\n\n<div class=\"wp-block-image\">\n<figure class=\"aligncenter size-large is-resized\"><img loading=\"lazy\" decoding=\"async\" src=\"https:\/\/www.basezen.fr\/wp-content\/uploads\/2020\/03\/Logo-Attitude-BaseZen-ABZI-Contact.png\" alt=\"\" class=\"wp-image-6069\" style=\"width:247px;height:282px\" width=\"247\" height=\"282\"\/><\/figure>\n<\/div>\n\n\n<h2 class=\"wp-block-heading\">     <\/h2>\n\n\n\n<p class=\"has-text-align-center\"><em>L&rsquo; <strong>audit Mat\u00e9rio-Vigilence<\/strong> peut inclure une initiation \u00e0 l&rsquo;utilisation du <strong>D\u00e9fibrillateur Automatis\u00e9 Externe<\/strong><\/em><\/p>\n\n\n\n<h2 class=\"wp-block-heading\">   <\/h2>\n\n\n\n<p><\/p>\n","protected":false},"excerpt":{"rendered":"<p>V\u00e9rification &amp; Contr\u00f4le Mat\u00e9rio-Vigilence des D\u00e9fibrillateurs Automatis\u00e9s Externes (DAE) Vous \u00eates une entreprise, une structure accueillant du public (mairie, structure sportive, \u00e9tablissement scolaire, etc.) ou un particulier et vous venez [&hellip;]<\/p>\n","protected":false},"author":1,"featured_media":7150,"parent":85,"menu_order":2,"comment_status":"closed","ping_status":"closed","template":"","meta":{"saved_in_kubio":false,"_monsterinsights_skip_tracking":false,"_monsterinsights_sitenote_active":false,"_monsterinsights_sitenote_note":"","_monsterinsights_sitenote_category":0,"ngg_post_thumbnail":0,"_glsr_average":0,"_glsr_ranking":0,"_glsr_reviews":0,"footnotes":""},"class_list":["post-6046","page","type-page","status-publish","has-post-thumbnail","hentry"],"kubio_ai_page_context":{"short_desc":"","purpose":"general"},"_links":{"self":[{"href":"https:\/\/www.basezen.fr\/index.php\/wp-json\/wp\/v2\/pages\/6046","targetHints":{"allow":["GET"]}}],"collection":[{"href":"https:\/\/www.basezen.fr\/index.php\/wp-json\/wp\/v2\/pages"}],"about":[{"href":"https:\/\/www.basezen.fr\/index.php\/wp-json\/wp\/v2\/types\/page"}],"author":[{"embeddable":true,"href":"https:\/\/www.basezen.fr\/index.php\/wp-json\/wp\/v2\/users\/1"}],"replies":[{"embeddable":true,"href":"https:\/\/www.basezen.fr\/index.php\/wp-json\/wp\/v2\/comments?post=6046"}],"version-history":[{"count":26,"href":"https:\/\/www.basezen.fr\/index.php\/wp-json\/wp\/v2\/pages\/6046\/revisions"}],"predecessor-version":[{"id":7154,"href":"https:\/\/www.basezen.fr\/index.php\/wp-json\/wp\/v2\/pages\/6046\/revisions\/7154"}],"up":[{"embeddable":true,"href":"https:\/\/www.basezen.fr\/index.php\/wp-json\/wp\/v2\/pages\/85"}],"wp:featuredmedia":[{"embeddable":true,"href":"https:\/\/www.basezen.fr\/index.php\/wp-json\/wp\/v2\/media\/7150"}],"wp:attachment":[{"href":"https:\/\/www.basezen.fr\/index.php\/wp-json\/wp\/v2\/media?parent=6046"}],"curies":[{"name":"wp","href":"https:\/\/api.w.org\/{rel}","templated":true}]}}