{"id":600,"date":"2018-03-15T19:19:59","date_gmt":"2018-03-15T18:19:59","guid":{"rendered":"http:\/\/basezen.fr\/?page_id=600"},"modified":"2025-06-28T13:27:46","modified_gmt":"2025-06-28T11:27:46","slug":"appreciations","status":"publish","type":"page","link":"https:\/\/www.basezen.fr\/index.php\/appreciations\/","title":{"rendered":"Appr\u00e9ciations"},"content":{"rendered":"<div class=\"wp-block-image\">\n<figure class=\"aligncenter size-large is-resized\"><img loading=\"lazy\" decoding=\"async\" width=\"999\" height=\"1024\" src=\"https:\/\/www.basezen.fr\/wp-content\/uploads\/2024\/07\/Logo-Tactical-BaseZen-Consulting-SAS-V1-999x1024.png\" alt=\"\" class=\"wp-image-16356\" style=\"width:282px;height:auto\" srcset=\"https:\/\/www.basezen.fr\/wp-content\/uploads\/2024\/07\/Logo-Tactical-BaseZen-Consulting-SAS-V1-999x1024.png 999w, https:\/\/www.basezen.fr\/wp-content\/uploads\/2024\/07\/Logo-Tactical-BaseZen-Consulting-SAS-V1-293x300.png 293w, https:\/\/www.basezen.fr\/wp-content\/uploads\/2024\/07\/Logo-Tactical-BaseZen-Consulting-SAS-V1-768x788.png 768w, https:\/\/www.basezen.fr\/wp-content\/uploads\/2024\/07\/Logo-Tactical-BaseZen-Consulting-SAS-V1-585x600.png 585w, https:\/\/www.basezen.fr\/wp-content\/uploads\/2024\/07\/Logo-Tactical-BaseZen-Consulting-SAS-V1-156x160.png 156w, https:\/\/www.basezen.fr\/wp-content\/uploads\/2024\/07\/Logo-Tactical-BaseZen-Consulting-SAS-V1.png 1180w\" sizes=\"(max-width: 999px) 100vw, 999px\" \/><\/figure>\n<\/div>\n\n<p style=\"text-align: center;\"><em><strong>Tactical BaseZen Consulting<\/strong> ne peut pas se contenter de former pour former.<\/em><\/p>\n<p style=\"text-align: center;\"><em>Il est d\u2019int\u00e9r\u00eat majeur \u00e0 l\u2019am\u00e9lioration, \u00e0 l\u2019efficacit\u00e9 et \u00e0 la qualit\u00e9 de ces actions de formation tant pour les apprenants, les formateurs que les partenaires.<\/em><\/p>\n<p>&nbsp;<\/p>\n\n\n<h2 class=\"wp-block-heading has-text-align-center\"><\/h2>\n\n\n\n<h2 class=\"wp-block-heading has-text-align-center\"><strong>APPR\u00c9CIATIONS <\/strong><strong>TACTICAL BASEZEN CONSULTING<\/strong><\/h2>\n\n\n\n<p><\/p>\n\n\n\n<div class=\"wp-block-columns is-layout-flex wp-container-core-columns-is-layout-9d6595d7 wp-block-columns-is-layout-flex\">\n<div class=\"wp-block-column is-layout-flow wp-block-column-is-layout-flow\" style=\"flex-basis:100%\"><div class=\"items-justified-left wp-block-site-reviews-summary\" style=\"--glsr-max-w:48ch;--glsr-summary-align:start;\"><div class=\"glsr glsr-default\" id=\"glsr_6udclurx\" data-from=\"block\" data-shortcode=\"site_reviews_summary\"><div class=\"glsr-summary-wrap\">\n    <div class=\"glsr-summary\">\n        <div class=\"glsr-summary-rating\"><span class=\"glsr-tag-value\">5,0<\/span><\/div>\n        <div class=\"glsr-summary-stars\"><div class=\"glsr-star-rating glsr-stars\" role=\"img\" aria-label=\"Rated 5 out of 5 stars based on 5 ratings\" data-rating=\"5\" data-reviews=\"5\"><span class=\"glsr-star glsr-star-full\" aria-hidden=\"true\"><\/span><span class=\"glsr-star glsr-star-full\" aria-hidden=\"true\"><\/span><span class=\"glsr-star glsr-star-full\" aria-hidden=\"true\"><\/span><span class=\"glsr-star glsr-star-full\" aria-hidden=\"true\"><\/span><span class=\"glsr-star glsr-star-full\" aria-hidden=\"true\"><\/span><\/div><\/div>\n        <div class=\"glsr-summary-text\"><span class=\"glsr-tag-value\">5,0 \u00e9toiles sur 5 (selon 5 avis)<\/span><\/div>\n        <div class=\"glsr-summary-percentages\"><div class=\"glsr-summary-bar\" data-level=\"5\"><span class=\"glsr-summary-bar-label\">Excellent<\/span><span class=\"glsr-summary-bar-background\" style=\"--glsr-bar-percent:100%;\"><\/span><span class=\"glsr-summary-bar-percent\" data-percent=\"100%\" data-reviews=\"5\"><\/span><\/div><div class=\"glsr-summary-bar\" data-level=\"4\"><span class=\"glsr-summary-bar-label\">Tr\u00e8s bon<\/span><span class=\"glsr-summary-bar-background\" style=\"--glsr-bar-percent:0%;\"><\/span><span class=\"glsr-summary-bar-percent\" data-percent=\"0%\" data-reviews=\"0\"><\/span><\/div><div class=\"glsr-summary-bar\" data-level=\"3\"><span class=\"glsr-summary-bar-label\">Moyen<\/span><span class=\"glsr-summary-bar-background\" style=\"--glsr-bar-percent:0%;\"><\/span><span class=\"glsr-summary-bar-percent\" data-percent=\"0%\" data-reviews=\"0\"><\/span><\/div><div class=\"glsr-summary-bar\" data-level=\"2\"><span class=\"glsr-summary-bar-label\">Passable<\/span><span class=\"glsr-summary-bar-background\" style=\"--glsr-bar-percent:0%;\"><\/span><span class=\"glsr-summary-bar-percent\" data-percent=\"0%\" data-reviews=\"0\"><\/span><\/div><div class=\"glsr-summary-bar\" data-level=\"1\"><span class=\"glsr-summary-bar-label\">D\u00e9cevant<\/span><span class=\"glsr-summary-bar-background\" style=\"--glsr-bar-percent:0%;\"><\/span><span class=\"glsr-summary-bar-percent\" data-percent=\"0%\" data-reviews=\"0\"><\/span><\/div><\/div>\n    <\/div>\n<\/div><\/div><\/div><\/div>\n<\/div>\n\n\n<div class=\"has-text-align-left items-justified-left wp-block-site-reviews\"><div class=\"glsr glsr-default\" id=\"glsr_vaqyhihb\" data-from=\"block\" data-shortcode=\"site_reviews\"><div class=\"glsr-reviews-wrap\">\n    <div class=\"glsr-reviews\">\n        <div class=\"glsr-review\" data-id=\"50160\" data-type=\"local\" id=\"review-50160\" data-assigned='{\"assigned_terms\":[47]}'>\n    <div class=\"glsr-review-title\"><h4 class=\"glsr-tag-value\">Formation initiale de Formateur Sauveteur-Secouriste du Travail du 17 03 au 03 04 2025<\/h4><\/div>\n    <div class=\"glsr-review-rating\"><div class=\"glsr-star-rating glsr-stars\" role=\"img\" aria-label=\"Rated 5 out of 5 stars\" data-rating=\"5\" data-reviews=\"0\"><span class=\"glsr-star glsr-star-full\" aria-hidden=\"true\"><\/span><span class=\"glsr-star glsr-star-full\" aria-hidden=\"true\"><\/span><span class=\"glsr-star glsr-star-full\" aria-hidden=\"true\"><\/span><span class=\"glsr-star glsr-star-full\" aria-hidden=\"true\"><\/span><span class=\"glsr-star glsr-star-full\" aria-hidden=\"true\"><\/span><\/div><\/div> <div class=\"glsr-review-date\"><span class=\"glsr-tag-value\">9 avril 2025<\/span><\/div>\n    \n    <div class=\"glsr-review-content\"><div class=\"glsr-tag-value\" data-expanded=\"false\"><p>Je suis tr\u00e8s satisfait de cette formation, j&#8217;ai appris beaucoup et je remercie David pour sa bienveillance.<\/p><\/div><\/div>\n    \n    <div class=\"glsr-review-author\"><span class=\"glsr-tag-value\">P. M.<\/span><\/div>  \n    \n<\/div>\n<div class=\"glsr-review\" data-id=\"50221\" data-type=\"local\" id=\"review-50221\" data-assigned='{\"assigned_terms\":[47]}'>\n    <div class=\"glsr-review-title\"><h4 class=\"glsr-tag-value\">Formation Tactical Emergency Casualty Care du 27 au 28 03 2025<\/h4><\/div>\n    <div class=\"glsr-review-rating\"><div class=\"glsr-star-rating glsr-stars\" role=\"img\" aria-label=\"Rated 5 out of 5 stars\" data-rating=\"5\" data-reviews=\"0\"><span class=\"glsr-star glsr-star-full\" aria-hidden=\"true\"><\/span><span class=\"glsr-star glsr-star-full\" aria-hidden=\"true\"><\/span><span class=\"glsr-star glsr-star-full\" aria-hidden=\"true\"><\/span><span class=\"glsr-star glsr-star-full\" aria-hidden=\"true\"><\/span><span class=\"glsr-star glsr-star-full\" aria-hidden=\"true\"><\/span><\/div><\/div> <div class=\"glsr-review-date\"><span class=\"glsr-tag-value\">29 mars 2025<\/span><\/div>\n    \n    <div class=\"glsr-review-content\"><div class=\"glsr-tag-value\" data-expanded=\"false\"><p>Une formation que je recommande dispens\u00e9e par un professionnel comp\u00e9tent et tr\u00e8s p\u00e9dagogue. Merci<\/p><\/div><\/div>\n    \n    <div class=\"glsr-review-author\"><span class=\"glsr-tag-value\">B. A.<\/span><\/div>  \n    \n<\/div>\n<div class=\"glsr-review\" data-id=\"50219\" data-type=\"local\" id=\"review-50219\" data-assigned='{\"assigned_terms\":[47]}'>\n    <div class=\"glsr-review-title\"><h4 class=\"glsr-tag-value\">Maintien-Actualisation des Comp\u00e9tences de Formateur Sauveteur-Secouriste du Travail du 24 au 26 03 2025<\/h4><\/div>\n    <div class=\"glsr-review-rating\"><div class=\"glsr-star-rating glsr-stars\" role=\"img\" aria-label=\"Rated 5 out of 5 stars\" data-rating=\"5\" data-reviews=\"0\"><span class=\"glsr-star glsr-star-full\" aria-hidden=\"true\"><\/span><span class=\"glsr-star glsr-star-full\" aria-hidden=\"true\"><\/span><span class=\"glsr-star glsr-star-full\" aria-hidden=\"true\"><\/span><span class=\"glsr-star glsr-star-full\" aria-hidden=\"true\"><\/span><span class=\"glsr-star glsr-star-full\" aria-hidden=\"true\"><\/span><\/div><\/div> <div class=\"glsr-review-date\"><span class=\"glsr-tag-value\">27 mars 2025<\/span><\/div>\n    \n    <div class=\"glsr-review-content\"><div class=\"glsr-tag-value\" data-expanded=\"false\"><p>Disponibilit\u00e9 &#8211; adaptabilit\u00e9 &#8211; connaissance du formateur<\/p><\/div><\/div>\n    \n    <div class=\"glsr-review-author\"><span class=\"glsr-tag-value\">K. S.<\/span><\/div>  \n    \n<\/div>\n<div class=\"glsr-review\" data-id=\"50253\" data-type=\"local\" id=\"review-50253\" data-assigned='{\"assigned_terms\":[47]}'>\n    <div class=\"glsr-review-title\"><h4 class=\"glsr-tag-value\">Formation initiale de Formateur Sauveteur-Secouriste du Travail du 23 09 au 10 10 2024<\/h4><\/div>\n    <div class=\"glsr-review-rating\"><div class=\"glsr-star-rating glsr-stars\" role=\"img\" aria-label=\"Rated 5 out of 5 stars\" data-rating=\"5\" data-reviews=\"0\"><span class=\"glsr-star glsr-star-full\" aria-hidden=\"true\"><\/span><span class=\"glsr-star glsr-star-full\" aria-hidden=\"true\"><\/span><span class=\"glsr-star glsr-star-full\" aria-hidden=\"true\"><\/span><span class=\"glsr-star glsr-star-full\" aria-hidden=\"true\"><\/span><span class=\"glsr-star glsr-star-full\" aria-hidden=\"true\"><\/span><\/div><\/div> <div class=\"glsr-review-date\"><span class=\"glsr-tag-value\">10 septembre 2024<\/span><\/div>\n    \n    <div class=\"glsr-review-content\"><div class=\"glsr-tag-value\" data-expanded=\"false\"><p>Les techniques p\u00e9dagogiques appliqu\u00e9es au m\u00e9tier de formateur SST.<\/p>\n<p>Les apports de connaissances tr\u00e8s complets.<\/p><\/div><\/div>\n    \n    <div class=\"glsr-review-author\"><span class=\"glsr-tag-value\">A. P.<\/span><\/div>  \n    \n<\/div>\n<div class=\"glsr-review\" data-id=\"50258\" data-type=\"local\" id=\"review-50258\" data-assigned='[]'>\n    <div class=\"glsr-review-title\"><h4 class=\"glsr-tag-value\">Formation Gestes et Postures &#8211; D\u00e9velopper les bonnes pratiques au travail le 03 08 2024<\/h4><\/div>\n    <div class=\"glsr-review-rating\"><div class=\"glsr-star-rating glsr-stars\" role=\"img\" aria-label=\"Rated 5 out of 5 stars\" data-rating=\"5\" data-reviews=\"0\"><span class=\"glsr-star glsr-star-full\" aria-hidden=\"true\"><\/span><span class=\"glsr-star glsr-star-full\" aria-hidden=\"true\"><\/span><span class=\"glsr-star glsr-star-full\" aria-hidden=\"true\"><\/span><span class=\"glsr-star glsr-star-full\" aria-hidden=\"true\"><\/span><span class=\"glsr-star glsr-star-full\" aria-hidden=\"true\"><\/span><\/div><\/div> <div class=\"glsr-review-date\"><span class=\"glsr-tag-value\">3 ao\u00fbt 2024<\/span><\/div>\n    \n    <div class=\"glsr-review-content\"><div class=\"glsr-tag-value\" data-expanded=\"false\"><p>La formation \u00e9tait dynamique, Les exemples et mise en situation \u00e9tait tr\u00e8s adapt\u00e9 \u00e0 notre quotidien de travail.<\/p>\n<p class=\"glsr-hidden-text\" data-show-less=\"Afficher moins\" data-show-more=\"Afficher plus\" data-trigger=\"expand\">Le petit groupe que nous \u00e9tions a permis beaucoup d&#8217;\u00e9changes et de partage de connaissance ainsi que la participation de chacun. Le formateur a su \u00eatre \u00e0 l&#8217;\u00e9coute et r\u00e9pondre \u00e0 nos probl\u00e9matiques o<span class=\"glsr-hidden\">u nos questionnements.<\/span><\/p>\n<p class=\"glsr-hidden\">Nous avons maintenant d&#8217;avantage d&#8217;outils pour prendre au mieux soin de notre sant\u00e9.<\/p><\/div><\/div>\n    \n    <div class=\"glsr-review-author\"><span class=\"glsr-tag-value\">F. M.<\/span><\/div>  \n    \n<\/div>\n    <\/div>\n    \n<\/div><\/div><\/div>\n\n\n<h2 class=\"wp-block-heading\"><\/h2>\n\n\n\n<h2 class=\"wp-block-heading\"><\/h2>\n\n\n\n<h2 class=\"wp-block-heading has-text-align-center\"><strong>FORMULAIRE D&rsquo;APPR\u00c9CIATION<\/strong><\/h2>\n\n\n\n<p class=\"has-text-align-center\"><strong>Tactical BaseZen Consulting<\/strong> met \u00e0 votre disposition la possibilit\u00e9 d&rsquo;ajouter une appr\u00e9ciation de votre propre exp\u00e9rience au sein notre structure.<\/p>\n\n\n\n<p class=\"has-text-align-center\">Ces appr\u00e9ciations s&rsquo;adressent aux commanditaires, apprenants, intervenants,&#8230; en lien avec les actions en<strong> Formation &#8211; Conseil &#8211; Accompagnement <\/strong>de chez <strong>T<strong>actical BaseZen Consulting<\/strong><\/strong><\/p>\n\n\n\n<h2 class=\"wp-block-heading\">ll<\/h2>\n\n\n<div class=\"items-justified-left wp-block-site-reviews-form\"><div class=\"glsr glsr-default\" id=\"glsr_u5bmqvyo\" data-from=\"block\" data-shortcode=\"site_reviews_form\"><div class=\"glsr-form-wrap\">\n    <form class=\"glsr-form glsr-review-form\" method=\"post\" enctype=\"multipart\/form-data\">\n        <input type=\"hidden\" name=\"site-reviews[_action]\" value=\"submit-review\" \/>\n<input type=\"hidden\" name=\"site-reviews[_nonce]\" value=\"11102b4285\" \/>\n<input type=\"hidden\" name=\"site-reviews[_post_id]\" value=\"600\" \/>\n<input type=\"hidden\" name=\"site-reviews[_referer]\" value=\"\" \/>\n<input type=\"hidden\" name=\"site-reviews[assigned_posts]\" value=\"\" \/>\n<input type=\"hidden\" name=\"site-reviews[assigned_terms]\" value=\"\" \/>\n<input type=\"hidden\" name=\"site-reviews[assigned_users]\" value=\"\" \/>\n<input type=\"hidden\" name=\"site-reviews[excluded]\" value=\"\" \/>\n<input type=\"hidden\" name=\"site-reviews[form_id]\" value=\"glsr_u5bmqvyo\" \/>\n<input type=\"hidden\" name=\"site-reviews[form_signature]\" value=\"CbJk7R-0X9WdL_O2fFH93wtmQlCsVlNzrrB-bW1zRfbPr2umo7a7INUYQnkg7KKNYTOJ8XOTIvuWxk6jO8hOMcq8dtuTTpc_5Gwt_rn48H79sjS59BIg8xpFv1eHb2o-dqNTP0dpnvxvUV032GS0GC5jODO55347gmbQJ8S5Z4dB4iTwJSLEixGa71eEyaCCt71pnWnA1tVgufoUAG2Yo63meH-tvLFwml-PoM0KI4L241-IYSC1fF7zgUmOnCHeY1u-S_UwdVph6_x6WmgYYrSd9Ve1S4bj3OGojRZYKLZuXzNWvJrZera7JmdywDxzOEEd0LUfJBty2hl16a65eE3xdKD_yORFEtqsZ2GwUmAdmjdOOPUyFrT3E69QXK3yC7nsteRGN8S274BQfiwjnVmVL5JGvC_rLCyj_lxQ5lcl_7Fakt_ZnJP-fw\" \/>\n<input type=\"hidden\" name=\"site-reviews[terms_exist]\" value=\"1\" \/>\n<div class=\"glsr-field\" style=\"display:none;\"><label for=\"site-reviews-26e706a3-glsr_u5bmqvyo\">Votre avis<\/label><input type=\"text\" class=\"glsr-input glsr-input-text\" id=\"site-reviews-26e706a3-glsr_u5bmqvyo\" name=\"site-reviews[26e706a3]\" value=\"\" \/><\/div>\n<div class=\"glsr-field glsr-field-rating glsr-required\" data-field=\"rating\" data-type=\"rating\">\n    <label class=\"glsr-label\" for=\"glsr_u5bmqvyo-rating\">\n    <span>Votre note globale<\/span>\n<\/label>\n    <select class=\"browser-default disable-select glsr-select no-wrap no_wrap\" id=\"glsr_u5bmqvyo-rating\" name=\"site-reviews[rating]\" required><option value=\"\">S\u00e9lectionnez une note<\/option><option value=\"5\">5 \u00e9toiles<\/option><option value=\"4\">4 \u00e9toiles<\/option><option value=\"3\">3 \u00e9toiles<\/option><option value=\"2\">2 \u00e9toiles<\/option><option value=\"1\">1 \u00e9toile<\/option><\/select>\n    <div class=\"glsr-field-error\"><\/div>\n<\/div>\n<div class=\"glsr-field glsr-field-text glsr-required\" data-field=\"title\" data-type=\"text\">\n    <label class=\"glsr-label\" for=\"glsr_u5bmqvyo-title\">\n    <span>Titre de votre avis<\/span>\n<\/label>\n    <input type=\"text\" class=\"glsr-input glsr-input-text\" id=\"glsr_u5bmqvyo-title\" name=\"site-reviews[title]\" required placeholder=\"R\u00e9sumez votre avis ou mettez en \u00e9vidence un d\u00e9tail int\u00e9ressant\" value=\"\" \/>\n    <div class=\"glsr-field-error\"><\/div>\n<\/div>\n<div class=\"glsr-field glsr-field-textarea glsr-required\" data-field=\"content\" data-type=\"textarea\">\n    <label class=\"glsr-label\" for=\"glsr_u5bmqvyo-content\">\n    <span>Votre avis<\/span>\n<\/label>\n    <textarea class=\"glsr-textarea\" id=\"glsr_u5bmqvyo-content\" name=\"site-reviews[content]\" required placeholder=\"Donnez votre avis\" rows=\"5\"><\/textarea>\n    <div class=\"glsr-field-error\"><\/div>\n<\/div>\n<div class=\"glsr-field glsr-field-text glsr-required\" data-field=\"name\" data-type=\"text\">\n    <label class=\"glsr-label\" for=\"glsr_u5bmqvyo-name\">\n    <span>Votre nom<\/span>\n<\/label>\n    <input type=\"text\" class=\"glsr-input glsr-input-text\" id=\"glsr_u5bmqvyo-name\" name=\"site-reviews[name]\" required placeholder=\"Donnez votre nom\" value=\"\" \/>\n    <div class=\"glsr-field-error\"><\/div>\n<\/div>\n<div class=\"glsr-field glsr-field-email glsr-required\" data-field=\"email\" data-type=\"email\">\n    <label class=\"glsr-label\" for=\"glsr_u5bmqvyo-email\">\n    <span>Votre e-mail<\/span>\n<\/label>\n    <input type=\"email\" class=\"glsr-input glsr-input-email\" id=\"glsr_u5bmqvyo-email\" name=\"site-reviews[email]\" required placeholder=\"Donnez votre e-mail\" value=\"\" \/>\n    <div class=\"glsr-field-error\"><\/div>\n<\/div>\n<div class=\"glsr-field glsr-field-choice glsr-required\" data-field=\"terms\" data-type=\"toggle\">\n    \n    <div class=\"glsr-field-subgroup\">\n        <span class=\"glsr-field-toggle\">\n    <span>\n        <span class=\"glsr-toggle\"><input type=\"checkbox\" class=\"glsr-input-toggle\" id=\"glsr_u5bmqvyo-terms-1\" name=\"site-reviews[terms]\" required value=\"1\" \/><span class=\"glsr-toggle-track\"><\/span><\/span>\n    <\/span>\n    <label for=\"glsr_u5bmqvyo-terms-1\">Cette note est fond\u00e9e sur ma propre exp\u00e9rience et mon v\u00e9ritable avis.<\/label>\n<\/span>\n    <\/div>\n    <div class=\"glsr-field-error\"><\/div>\n<\/div>\n        <div class=\"glsr-form-message\">\n    \n<\/div>\n        <div data-field=\"submit-button\">\n    <div class=\"wp-block-buttons is-layout-flex\">\n        <div class=\"wp-block-button\">\n            <button type=\"submit\" class=\"glsr-button wp-block-button__link wp-element-button\" aria-busy=\"false\" data-loading=\"Submitting, please wait...\">Envoyer un avis<\/button>\n        <\/div>\n    <\/div>\n<\/div>\n    <\/form>\n<\/div><\/div><\/div>\n\n\n<h2 class=\"wp-block-heading\"><\/h2>\n","protected":false},"excerpt":{"rendered":"<p>Tactical BaseZen Consulting ne peut pas se contenter de former pour former. Il est d\u2019int\u00e9r\u00eat majeur \u00e0 l\u2019am\u00e9lioration, \u00e0 l\u2019efficacit\u00e9 et \u00e0 la qualit\u00e9 de ces actions de formation tant [&hellip;]<\/p>\n","protected":false},"author":1,"featured_media":16901,"parent":0,"menu_order":6,"comment_status":"closed","ping_status":"closed","template":"page-appreciations-3","meta":{"saved_in_kubio":true,"_monsterinsights_skip_tracking":false,"_monsterinsights_sitenote_active":false,"_monsterinsights_sitenote_note":"","_monsterinsights_sitenote_category":0,"ngg_post_thumbnail":0,"_glsr_average":0,"_glsr_ranking":0,"_glsr_reviews":0,"footnotes":""},"class_list":["post-600","page","type-page","status-publish","has-post-thumbnail","hentry"],"kubio_ai_page_context":{"short_desc":"","purpose":"general"},"_links":{"self":[{"href":"https:\/\/www.basezen.fr\/index.php\/wp-json\/wp\/v2\/pages\/600","targetHints":{"allow":["GET"]}}],"collection":[{"href":"https:\/\/www.basezen.fr\/index.php\/wp-json\/wp\/v2\/pages"}],"about":[{"href":"https:\/\/www.basezen.fr\/index.php\/wp-json\/wp\/v2\/types\/page"}],"author":[{"embeddable":true,"href":"https:\/\/www.basezen.fr\/index.php\/wp-json\/wp\/v2\/users\/1"}],"replies":[{"embeddable":true,"href":"https:\/\/www.basezen.fr\/index.php\/wp-json\/wp\/v2\/comments?post=600"}],"version-history":[{"count":22,"href":"https:\/\/www.basezen.fr\/index.php\/wp-json\/wp\/v2\/pages\/600\/revisions"}],"predecessor-version":[{"id":50680,"href":"https:\/\/www.basezen.fr\/index.php\/wp-json\/wp\/v2\/pages\/600\/revisions\/50680"}],"wp:featuredmedia":[{"embeddable":true,"href":"https:\/\/www.basezen.fr\/index.php\/wp-json\/wp\/v2\/media\/16901"}],"wp:attachment":[{"href":"https:\/\/www.basezen.fr\/index.php\/wp-json\/wp\/v2\/media?parent=600"}],"curies":[{"name":"wp","href":"https:\/\/api.w.org\/{rel}","templated":true}]}}