{"id":593,"date":"2018-03-15T18:46:24","date_gmt":"2018-03-15T17:46:24","guid":{"rendered":"http:\/\/basezen.fr\/?page_id=593"},"modified":"2025-06-30T22:54:57","modified_gmt":"2025-06-30T20:54:57","slug":"satisfactions","status":"publish","type":"page","link":"https:\/\/www.basezen.fr\/index.php\/appreciations\/satisfactions\/","title":{"rendered":"Satisfactions des Actions de Formations"},"content":{"rendered":"<div class=\"wp-block-image\">\n<figure class=\"alignleft size-thumbnail is-resized\"><img loading=\"lazy\" decoding=\"async\" width=\"150\" height=\"150\" src=\"https:\/\/www.basezen.fr\/wp-content\/uploads\/2023\/04\/Logo-Tactical-BaseZen-Consulting-V1.2-150x150.png\" alt=\"\" class=\"wp-image-6848\" style=\"object-fit:contain;width:169px;height:138px\"\/><\/figure>\n<\/div>\n\n<p style=\"text-align: center;\"><strong><em>L&rsquo;\u00e9valuation de&nbsp;l&rsquo;efficacit\u00e9 des actions de formations et aujourd&rsquo;hui plus que jamais une n\u00e9cessit\u00e9 \u00e9vidente.<\/em><\/strong><\/p>\n<p style=\"text-align: center;\">&nbsp;<\/p>\n\n\n<h2 class=\"wp-block-heading\"><\/h2>\n\n\n<div class=\"wp-block-image\">\n<figure class=\"aligncenter size-full is-resized\"><a href=\"https:\/\/www.basezen.fr\/index.php\/appreciations\/satisfactions\/saf-2024\/\" target=\"_blank\" rel=\"noreferrer noopener\"><img loading=\"lazy\" decoding=\"async\" width=\"835\" height=\"959\" src=\"https:\/\/www.basezen.fr\/wp-content\/uploads\/2024\/07\/Logo-TBC-2024.png\" alt=\"\" class=\"wp-image-17609\" style=\"width:298px;height:auto\" srcset=\"https:\/\/www.basezen.fr\/wp-content\/uploads\/2024\/07\/Logo-TBC-2024.png 835w, https:\/\/www.basezen.fr\/wp-content\/uploads\/2024\/07\/Logo-TBC-2024-261x300.png 261w, https:\/\/www.basezen.fr\/wp-content\/uploads\/2024\/07\/Logo-TBC-2024-768x882.png 768w, https:\/\/www.basezen.fr\/wp-content\/uploads\/2024\/07\/Logo-TBC-2024-522x600.png 522w, https:\/\/www.basezen.fr\/wp-content\/uploads\/2024\/07\/Logo-TBC-2024-139x160.png 139w\" sizes=\"(max-width: 835px) 100vw, 835px\" \/><\/a><\/figure>\n<\/div>\n\n\n<h2 class=\"wp-block-heading\"> <\/h2>\n\n\n<div class=\"wp-block-image\">\n<figure class=\"aligncenter size-full is-resized\"><a href=\"https:\/\/www.basezen.fr\/index.php\/appreciations\/satisfactions\/saf-2023\/\" target=\"_blank\" rel=\"noreferrer noopener\"><img loading=\"lazy\" decoding=\"async\" width=\"835\" height=\"959\" src=\"https:\/\/www.basezen.fr\/wp-content\/uploads\/2023\/09\/Logo-TBC-2023-NB.png\" alt=\"\" class=\"wp-image-7072\" style=\"width:272px;height:312px\" srcset=\"https:\/\/www.basezen.fr\/wp-content\/uploads\/2023\/09\/Logo-TBC-2023-NB.png 835w, https:\/\/www.basezen.fr\/wp-content\/uploads\/2023\/09\/Logo-TBC-2023-NB-261x300.png 261w, https:\/\/www.basezen.fr\/wp-content\/uploads\/2023\/09\/Logo-TBC-2023-NB-768x882.png 768w, https:\/\/www.basezen.fr\/wp-content\/uploads\/2023\/09\/Logo-TBC-2023-NB-522x600.png 522w, https:\/\/www.basezen.fr\/wp-content\/uploads\/2023\/09\/Logo-TBC-2023-NB-139x160.png 139w\" sizes=\"(max-width: 835px) 100vw, 835px\" \/><\/a><\/figure>\n<\/div>\n\n\n<h2 class=\"wp-block-heading\"><\/h2>\n\n\n<div class=\"wp-block-image\">\n<figure class=\"aligncenter size-full is-resized\"><a href=\"https:\/\/www.basezen.fr\/index.php\/appreciations\/satisfactions\/saf-2022\/\" target=\"_blank\" rel=\"noreferrer noopener\"><img loading=\"lazy\" decoding=\"async\" width=\"835\" height=\"959\" src=\"https:\/\/www.basezen.fr\/wp-content\/uploads\/2021\/11\/Logo-Attitude-BaseZen-ABZI.png\" alt=\"\" class=\"wp-image-6511\" style=\"width:261px;height:undefinedpx\" srcset=\"https:\/\/www.basezen.fr\/wp-content\/uploads\/2021\/11\/Logo-Attitude-BaseZen-ABZI.png 835w, https:\/\/www.basezen.fr\/wp-content\/uploads\/2021\/11\/Logo-Attitude-BaseZen-ABZI-261x300.png 261w, https:\/\/www.basezen.fr\/wp-content\/uploads\/2021\/11\/Logo-Attitude-BaseZen-ABZI-768x882.png 768w, https:\/\/www.basezen.fr\/wp-content\/uploads\/2021\/11\/Logo-Attitude-BaseZen-ABZI-522x600.png 522w, https:\/\/www.basezen.fr\/wp-content\/uploads\/2021\/11\/Logo-Attitude-BaseZen-ABZI-139x160.png 139w\" sizes=\"(max-width: 835px) 100vw, 835px\" \/><\/a><\/figure>\n<\/div>\n\n\n<h2 class=\"wp-block-heading\"><\/h2>\n\n\n<div class=\"wp-block-image\">\n<figure class=\"aligncenter size-large is-resized\"><a href=\"https:\/\/www.basezen.fr\/index.php\/appreciations\/satisfactions\/saf-2021\/\" target=\"_blank\" rel=\"noreferrer noopener\"><img loading=\"lazy\" decoding=\"async\" width=\"835\" height=\"959\" src=\"https:\/\/www.basezen.fr\/wp-content\/uploads\/2020\/11\/ABZI-2021.png\" alt=\"\" class=\"wp-image-6429\" style=\"width:261px;height:undefinedpx\" srcset=\"https:\/\/www.basezen.fr\/wp-content\/uploads\/2020\/11\/ABZI-2021.png 835w, https:\/\/www.basezen.fr\/wp-content\/uploads\/2020\/11\/ABZI-2021-261x300.png 261w, https:\/\/www.basezen.fr\/wp-content\/uploads\/2020\/11\/ABZI-2021-768x882.png 768w, https:\/\/www.basezen.fr\/wp-content\/uploads\/2020\/11\/ABZI-2021-522x600.png 522w, https:\/\/www.basezen.fr\/wp-content\/uploads\/2020\/11\/ABZI-2021-139x160.png 139w\" sizes=\"(max-width: 835px) 100vw, 835px\" \/><\/a><\/figure>\n<\/div>\n\n\n<h2 class=\"wp-block-heading\"><\/h2>\n\n\n<div class=\"wp-block-image\">\n<figure class=\"aligncenter size-medium\"><a href=\"https:\/\/www.basezen.fr\/index.php\/appreciations\/satisfactions\/saf-2020\/\" target=\"_blank\" rel=\"noreferrer noopener\"><img loading=\"lazy\" decoding=\"async\" width=\"261\" height=\"300\" src=\"https:\/\/www.basezen.fr\/wp-content\/uploads\/2020\/07\/Logo-Attitude-BaseZen-ABZI-2020-261x300.png\" alt=\"\" class=\"wp-image-6333\" srcset=\"https:\/\/www.basezen.fr\/wp-content\/uploads\/2020\/07\/Logo-Attitude-BaseZen-ABZI-2020-261x300.png 261w, https:\/\/www.basezen.fr\/wp-content\/uploads\/2020\/07\/Logo-Attitude-BaseZen-ABZI-2020-768x882.png 768w, https:\/\/www.basezen.fr\/wp-content\/uploads\/2020\/07\/Logo-Attitude-BaseZen-ABZI-2020-522x600.png 522w, https:\/\/www.basezen.fr\/wp-content\/uploads\/2020\/07\/Logo-Attitude-BaseZen-ABZI-2020-139x160.png 139w, https:\/\/www.basezen.fr\/wp-content\/uploads\/2020\/07\/Logo-Attitude-BaseZen-ABZI-2020.png 835w\" sizes=\"(max-width: 261px) 100vw, 261px\" \/><\/a><\/figure>\n<\/div>\n\n\n<h2 class=\"wp-block-heading\"><\/h2>\n\n\n<div class=\"wp-block-image\">\n<figure class=\"aligncenter size-medium\"><a href=\"https:\/\/www.basezen.fr\/index.php\/appreciations\/satisfactions\/saf-2019\/\" target=\"_blank\" rel=\"noreferrer noopener\"><img loading=\"lazy\" decoding=\"async\" width=\"261\" height=\"300\" src=\"https:\/\/www.basezen.fr\/wp-content\/uploads\/2020\/07\/Logo-Attitude-BaseZen-ABZI-2019-261x300.png\" alt=\"\" class=\"wp-image-6334\" srcset=\"https:\/\/www.basezen.fr\/wp-content\/uploads\/2020\/07\/Logo-Attitude-BaseZen-ABZI-2019-261x300.png 261w, https:\/\/www.basezen.fr\/wp-content\/uploads\/2020\/07\/Logo-Attitude-BaseZen-ABZI-2019-768x882.png 768w, https:\/\/www.basezen.fr\/wp-content\/uploads\/2020\/07\/Logo-Attitude-BaseZen-ABZI-2019-522x600.png 522w, https:\/\/www.basezen.fr\/wp-content\/uploads\/2020\/07\/Logo-Attitude-BaseZen-ABZI-2019-139x160.png 139w, https:\/\/www.basezen.fr\/wp-content\/uploads\/2020\/07\/Logo-Attitude-BaseZen-ABZI-2019.png 835w\" sizes=\"(max-width: 261px) 100vw, 261px\" \/><\/a><\/figure>\n<\/div>\n\n\n<h2 class=\"wp-block-heading\"><\/h2>\n\n\n<div class=\"wp-block-image\">\n<figure class=\"aligncenter size-medium\"><a href=\"https:\/\/www.basezen.fr\/index.php\/appreciations\/satisfactions\/saf-2018\/\" target=\"_blank\" rel=\"noreferrer noopener\"><img loading=\"lazy\" decoding=\"async\" width=\"261\" height=\"300\" src=\"https:\/\/www.basezen.fr\/wp-content\/uploads\/2020\/07\/Logo-Attitude-BaseZen-ABZI-2018-261x300.png\" alt=\"\" class=\"wp-image-6335\" srcset=\"https:\/\/www.basezen.fr\/wp-content\/uploads\/2020\/07\/Logo-Attitude-BaseZen-ABZI-2018-261x300.png 261w, https:\/\/www.basezen.fr\/wp-content\/uploads\/2020\/07\/Logo-Attitude-BaseZen-ABZI-2018-768x882.png 768w, https:\/\/www.basezen.fr\/wp-content\/uploads\/2020\/07\/Logo-Attitude-BaseZen-ABZI-2018-522x600.png 522w, https:\/\/www.basezen.fr\/wp-content\/uploads\/2020\/07\/Logo-Attitude-BaseZen-ABZI-2018-139x160.png 139w, https:\/\/www.basezen.fr\/wp-content\/uploads\/2020\/07\/Logo-Attitude-BaseZen-ABZI-2018.png 835w\" sizes=\"(max-width: 261px) 100vw, 261px\" \/><\/a><\/figure>\n<\/div>\n\n\n<h2 class=\"wp-block-heading\"><\/h2>\n","protected":false},"excerpt":{"rendered":"<p>L&rsquo;\u00e9valuation de&nbsp;l&rsquo;efficacit\u00e9 des actions de formations et aujourd&rsquo;hui plus que jamais une n\u00e9cessit\u00e9 \u00e9vidente. &nbsp;<\/p>\n","protected":false},"author":1,"featured_media":16901,"parent":600,"menu_order":3,"comment_status":"closed","ping_status":"closed","template":"page-satisfactions-des-actions-de-formations-2","meta":{"saved_in_kubio":true,"_monsterinsights_skip_tracking":false,"_monsterinsights_sitenote_active":false,"_monsterinsights_sitenote_note":"","_monsterinsights_sitenote_category":0,"ngg_post_thumbnail":0,"_glsr_average":0,"_glsr_ranking":0,"_glsr_reviews":0,"footnotes":""},"class_list":["post-593","page","type-page","status-publish","has-post-thumbnail","hentry"],"kubio_ai_page_context":{"short_desc":"","purpose":"general"},"_links":{"self":[{"href":"https:\/\/www.basezen.fr\/index.php\/wp-json\/wp\/v2\/pages\/593","targetHints":{"allow":["GET"]}}],"collection":[{"href":"https:\/\/www.basezen.fr\/index.php\/wp-json\/wp\/v2\/pages"}],"about":[{"href":"https:\/\/www.basezen.fr\/index.php\/wp-json\/wp\/v2\/types\/page"}],"author":[{"embeddable":true,"href":"https:\/\/www.basezen.fr\/index.php\/wp-json\/wp\/v2\/users\/1"}],"replies":[{"embeddable":true,"href":"https:\/\/www.basezen.fr\/index.php\/wp-json\/wp\/v2\/comments?post=593"}],"version-history":[{"count":55,"href":"https:\/\/www.basezen.fr\/index.php\/wp-json\/wp\/v2\/pages\/593\/revisions"}],"predecessor-version":[{"id":17670,"href":"https:\/\/www.basezen.fr\/index.php\/wp-json\/wp\/v2\/pages\/593\/revisions\/17670"}],"up":[{"embeddable":true,"href":"https:\/\/www.basezen.fr\/index.php\/wp-json\/wp\/v2\/pages\/600"}],"wp:featuredmedia":[{"embeddable":true,"href":"https:\/\/www.basezen.fr\/index.php\/wp-json\/wp\/v2\/media\/16901"}],"wp:attachment":[{"href":"https:\/\/www.basezen.fr\/index.php\/wp-json\/wp\/v2\/media?parent=593"}],"curies":[{"name":"wp","href":"https:\/\/api.w.org\/{rel}","templated":true}]}}