{"id":5743,"date":"2020-02-29T14:36:04","date_gmt":"2020-02-29T13:36:04","guid":{"rendered":"https:\/\/www.basezen.fr\/?page_id=5743"},"modified":"2025-06-26T22:16:24","modified_gmt":"2025-06-26T20:16:24","slug":"concept-attitude-basezen","status":"publish","type":"page","link":"https:\/\/www.basezen.fr\/index.php\/accueil\/concept-attitude-basezen\/","title":{"rendered":"Concept Tactical BaseZen Consulting"},"content":{"rendered":"\n<h2 class=\"wp-block-heading has-text-align-center\"><strong>La voie de l&rsquo;Attitude BaseZen&#8230; Les origines&#8230;<\/strong><\/h2>\n\n\n<div class=\"wp-block-image\">\n<figure class=\"aligncenter size-large is-resized\"><img loading=\"lazy\" decoding=\"async\" width=\"824\" height=\"959\" src=\"https:\/\/www.basezen.fr\/wp-content\/uploads\/2020\/02\/Logo-Activit\u00e9-BaseZen.png\" alt=\"\" class=\"wp-image-5754\" style=\"width:157px;height:180px\" srcset=\"https:\/\/www.basezen.fr\/wp-content\/uploads\/2020\/02\/Logo-Activit\u00e9-BaseZen.png 824w, https:\/\/www.basezen.fr\/wp-content\/uploads\/2020\/02\/Logo-Activit\u00e9-BaseZen-258x300.png 258w, https:\/\/www.basezen.fr\/wp-content\/uploads\/2020\/02\/Logo-Activit\u00e9-BaseZen-768x894.png 768w, https:\/\/www.basezen.fr\/wp-content\/uploads\/2020\/02\/Logo-Activit\u00e9-BaseZen-516x600.png 516w, https:\/\/www.basezen.fr\/wp-content\/uploads\/2020\/02\/Logo-Activit\u00e9-BaseZen-137x160.png 137w\" sizes=\"(max-width: 824px) 100vw, 824px\" \/><\/figure>\n<\/div>\n\n\n<h3 class=\"wp-block-heading has-text-align-center\"><strong>DE L&rsquo;EXPERIENCE&#8230;<\/strong><\/h3>\n\n\n\n<p class=\"has-text-align-center\">Depuis des ann\u00e9es et de toutes activit\u00e9s r\u00e9alis\u00e9es, j&rsquo;ai toujours gard\u00e9 en moi une forme d&rsquo;essence qui se regroupe en 4 points: <strong>Capacit\u00e9<\/strong>, <strong>Courage<\/strong>, <strong>Humilit\u00e9<\/strong> et <strong>Esprit<\/strong>.<\/p>\n\n\n\n<p class=\"has-text-align-center\">Dans certaines situations extr\u00eames, elles demandent un conditionnement interne de soit, un <strong>esprit<\/strong> propre \u00e0 la situation.<\/p>\n\n\n\n<p class=\"has-text-align-center\">Parfois, ils demandent une pers\u00e9v\u00e9rance obstin\u00e9e qui se m\u00e9lange entre <strong>concentration<\/strong> et maitrise de ses <strong>gestes<\/strong> ainsi prendre conscience de son propre <strong>Ego<\/strong>.<\/p>\n\n\n\n<p class=\"has-text-align-center\">L&rsquo;ensemble c&rsquo;est la base entre les <strong>capacit\u00e9s<\/strong> et les <strong>comp\u00e9tences<\/strong> qui sont \u00e0 la fois un concept technique qu&rsquo;un processus mentale&#8230;<\/p>\n\n\n\n<p class=\"has-text-align-center\">Ce qui compte n&rsquo;est pas de s\u00e9duire mais \u00eatre s\u00e9duit&#8230; par le bonheur&#8230; par le plaisir&#8230; par passion&#8230;<\/p>\n\n\n\n<p class=\"has-text-align-center\">La passion suppose maitrise de soi, honn\u00eatet\u00e9 envers soi-m\u00eame&#8230; En terme, rester humble&#8230; et Zen&#8230;<\/p>\n\n\n\n<p class=\"has-text-align-center\">Pour ma part, le Zen n&rsquo;est ni une gymnastique, ni une technique de bien-\u00eatre. Celui qui s&rsquo;engage dans cette voie, c&rsquo;est devoir vivre en totale harmonie avec son corps et son esprit. Mais aussi de devoir affronter ses propres peurs et ses n\u00e9vroses.<\/p>\n\n\n\n<p class=\"has-text-align-center\">La voie de l&rsquo;<strong>Attitude BaseZen<\/strong>, c&rsquo;est le sens et la voie que je lui donne&#8230;<\/p>\n\n\n<div class=\"wp-block-image\">\n<figure class=\"aligncenter size-large is-resized\"><img loading=\"lazy\" decoding=\"async\" width=\"1024\" height=\"636\" src=\"https:\/\/www.basezen.fr\/wp-content\/uploads\/2020\/02\/ABZI-Paralpinisme-1024x636.jpg\" alt=\"\" class=\"wp-image-5801\" style=\"width:553px;height:341px\" srcset=\"https:\/\/www.basezen.fr\/wp-content\/uploads\/2020\/02\/ABZI-Paralpinisme-1024x636.jpg 1024w, https:\/\/www.basezen.fr\/wp-content\/uploads\/2020\/02\/ABZI-Paralpinisme-300x186.jpg 300w, https:\/\/www.basezen.fr\/wp-content\/uploads\/2020\/02\/ABZI-Paralpinisme-768x477.jpg 768w, https:\/\/www.basezen.fr\/wp-content\/uploads\/2020\/02\/ABZI-Paralpinisme-1536x954.jpg 1536w, https:\/\/www.basezen.fr\/wp-content\/uploads\/2020\/02\/ABZI-Paralpinisme-2048x1272.jpg 2048w, https:\/\/www.basezen.fr\/wp-content\/uploads\/2020\/02\/ABZI-Paralpinisme-600x373.jpg 600w, https:\/\/www.basezen.fr\/wp-content\/uploads\/2020\/02\/ABZI-Paralpinisme-258x160.jpg 258w\" sizes=\"(max-width: 1024px) 100vw, 1024px\" \/><\/figure>\n<\/div>\n\n\n<h2 class=\"wp-block-heading\"><\/h2>\n\n\n\n<h3 class=\"wp-block-heading has-text-align-center\"><strong> &#8230; VERS L&rsquo;ALGORITHMES<\/strong><\/h3>\n\n\n\n<p class=\"has-text-align-center\">Mais la voie de l&rsquo;<strong>Attitude BaseZen<\/strong>, c&rsquo;est aussi un concept d&rsquo;acronyme&#8230;<\/p>\n\n\n\n<p class=\"has-text-align-center has-medium-font-size\"><em>\u00ab&nbsp;La&nbsp;<strong>BASE<\/strong>&nbsp;c\u2019est de&nbsp;<strong>SAVOIR<\/strong>&nbsp;r\u00e9agir face \u00e0 une situation critique par une&nbsp;<strong>ZEN<\/strong> attitude&nbsp;\u00bb<\/em><\/p>\n\n\n\n<p class=\"has-text-align-center\">Les acronymes d\u00e9cisionnels et imm\u00e9diates<strong> BASE ZEN SAVOIR<\/strong><\/p>\n\n\n\n<p class=\"has-text-align-center\">Favorise les priorit\u00e9s, les actions et les gestes \u00e0 entreprendre<\/p>\n\n\n\n<h4 class=\"wp-block-heading has-text-align-center\">   L&rsquo;algorithme BASE<\/h4>\n\n\n\n<p class=\"has-text-align-center\">Face \u00e0 une ou plusieurs situation(s) critique(s) et imm\u00e9diate(s), <strong>B.A.S.E.<\/strong> c&rsquo;est d\u00e9finir un acte r\u00e9flexe :<\/p>\n\n\n\n<ul class=\"wp-block-list\">\n<li>Evaluation de l&rsquo;environnement ;<\/li>\n\n\n\n<li>R\u00e9agir face \u00e0 une ou plusieurs situation(s)<\/li>\n<\/ul>\n\n\n\n<p><\/p>\n\n\n\n<p>&#8211; <strong>B<\/strong>: <strong>B<\/strong>loquer l&rsquo;action : C&rsquo;est prendre conscience de l&rsquo;urgence \/ de la situation critique<\/p>\n\n\n\n<p>&#8211; <strong>A<\/strong>: <strong>A<\/strong>nalyser la situation \/ <strong>A<\/strong>pports d&rsquo;information : C&rsquo;est observer et r\u00e9cup\u00e9rer un maximum d&rsquo;information en un minimum de temps)<\/p>\n\n\n\n<p>&#8211; <strong>S<\/strong>: <strong>S<\/strong>ituer l&rsquo;urgence \/ <strong>S<\/strong>&lsquo;organiser : C&rsquo;est identifier la\/les priorit\u00e9(s)<\/p>\n\n\n\n<p>&#8211; <strong>E<\/strong>: <strong>E<\/strong>xtraire ou s&rsquo;<strong>E<\/strong>xtraire de la situation \/ voir r<strong>E<\/strong>sister \u00e0 la menace\/violence : C&rsquo;est d\u00e9finir la\/les action(s)<\/p>\n\n\n\n<h2 class=\"wp-block-heading\"><\/h2>\n\n\n\n<h4 class=\"wp-block-heading has-text-align-center\">      L&rsquo;algorithme ZEN<\/h4>\n\n\n\n<p class=\"has-text-align-center\">Face \u00e0 une situation stressante <strong>Z.E.N.<\/strong> c&rsquo;est adapter son \u00e9tat psychologique :<\/p>\n\n\n\n<p class=\"has-text-align-center\"><em>Action concomitante entre B.A.S.E. et Z.E.N.<\/em><\/p>\n\n\n\n<ul class=\"wp-block-list\">\n<li>Strat\u00e9gies d&rsquo;adaptation aux stress<\/li>\n<\/ul>\n\n\n\n<p><\/p>\n\n\n\n<p>&#8211; <strong>Z<\/strong>: <strong>Z<\/strong>oomer les \u00e9l\u00e9ments psychologiques perturbateurs afin de se recentrer entre Ici + Maintenant ainsi adapter ses \u00e9motions et \u00eatre conscient du probl\u00e8me existant = <strong>Zone entre conscience et  \u00e9motion(s<\/strong>)<\/p>\n\n\n\n<p>&#8211; <strong>E<\/strong>: <strong>E<\/strong>valuer son\/ses <strong>E<\/strong>motion(s) (respirer=m\u00e9diter, positive=relativiser, rester maitre de soi, exprimer ses \u00e9motions, &#8230;) = <strong>Evaluer\/Emerger les \u00e9l\u00e9ments perturbateurs \u00ab\u00a0Emotions\u00a0\u00bb<\/strong><\/p>\n\n\n\n<p>&#8211; <strong>N<\/strong>: <strong>N<\/strong>\u00e9cessiter ou <strong>N<\/strong>otion d&rsquo;action \u00ab\u00a0r\u00e9action\u00a0\u00bb (prendre de la distance\/le fuir \u00ab\u00a0Reculer\u00a0\u00bb, affronter le probl\u00e8me \u00ab\u00a0Rebondir\u00a0\u00bb, segmenter le probl\u00e8me\/d\u00e9l\u00e9guer \u00ab\u00a0R\u00e9partir\u00a0\u00bb) entre la conscience de la zone du probl\u00e8me \u00ab\u00a0<strong>Z<\/strong>\u00a0\u00bb et la gestion (ou non) des \u00e9motions \u00ab\u00a0<strong>E<\/strong>\u00a0\u00bb  = <strong>Notion de r\u00e9silience<\/strong><\/p>\n\n\n\n<p><\/p>\n\n\n\n<h4 class=\"wp-block-heading has-text-align-center\">      L&rsquo;algorithme SAVOIR<\/h4>\n\n\n\n<p class=\"has-text-align-center\">Face \u00e0 une situation d&rsquo;urgence vitale <strong>S.A.V.O.I.R.<\/strong> c&rsquo;est examiner la\/les victimes puis r\u00e9aliser les gestes d&rsquo;urgence :<\/p>\n\n\n\n<ul class=\"wp-block-list\">\n<li>Evaluation primaire ;<\/li>\n\n\n\n<li>Gestes d&rsquo;urgence.<\/li>\n<\/ul>\n\n\n\n<p><\/p>\n\n\n\n<p>&#8211; <strong>S<\/strong>: <strong>S<\/strong>topper l&rsquo;h\u00e9morragie externe et imm\u00e9diate = D\u00e9tresse circulatoire<\/p>\n\n\n\n<p>&#8211; <strong>A<\/strong>: <strong>A<\/strong>cc\u00e9der et lib\u00e9rer les voies <strong>A<\/strong>\u00e9riennes sup\u00e9rieurs = D\u00e9tresse respiratoire<\/p>\n\n\n\n<p>&#8211; <strong>V<\/strong>: <strong>V<\/strong>\u00e9rifier la <strong>V<\/strong>entilation\/respiratoire = D\u00e9tresse respiratoire<\/p>\n\n\n\n<p>&#8211; <strong>O<\/strong>: <strong>O<\/strong>bserver la conscience\/neurologique\/<strong>O<\/strong>bnubilation (trouble de la conscience) = D\u00e9tresse neurologique<\/p>\n\n\n\n<p>&#8211; <strong>I<\/strong>: <strong>I<\/strong>soler la\/les victime(s) expos\u00e9e(s) \u00e0 l&rsquo;environnement et \u00e0 la menace\/violence<\/p>\n\n\n\n<p>&#8211; <strong>R<\/strong>: <strong>R<\/strong>\u00e9diger la fiche primo-intervenant\/message d&rsquo;\u00e9vacuation<\/p>\n\n\n\n<p>&#8211; <strong>R<\/strong>: <strong>R<\/strong>\u00e9\u00e9valuer la\/les victime(s)<\/p>\n\n\n\n<h2 class=\"wp-block-heading\"><\/h2>\n\n\n\n<h2 class=\"wp-block-heading\"><\/h2>\n\n\n<div class=\"wp-block-image\">\n<figure class=\"aligncenter size-large is-resized\"><img loading=\"lazy\" decoding=\"async\" width=\"835\" height=\"959\" src=\"https:\/\/www.basezen.fr\/wp-content\/uploads\/2020\/03\/Logo-Attitude-BaseZen-ABZI.png\" alt=\"\" class=\"wp-image-6066\" style=\"width:234px;height:269px\" srcset=\"https:\/\/www.basezen.fr\/wp-content\/uploads\/2020\/03\/Logo-Attitude-BaseZen-ABZI.png 835w, https:\/\/www.basezen.fr\/wp-content\/uploads\/2020\/03\/Logo-Attitude-BaseZen-ABZI-261x300.png 261w, https:\/\/www.basezen.fr\/wp-content\/uploads\/2020\/03\/Logo-Attitude-BaseZen-ABZI-768x882.png 768w, https:\/\/www.basezen.fr\/wp-content\/uploads\/2020\/03\/Logo-Attitude-BaseZen-ABZI-522x600.png 522w, https:\/\/www.basezen.fr\/wp-content\/uploads\/2020\/03\/Logo-Attitude-BaseZen-ABZI-139x160.png 139w\" sizes=\"(max-width: 835px) 100vw, 835px\" \/><\/figure>\n<\/div>\n\n\n<h2 class=\"wp-block-heading has-text-align-center\"><em>Le concept <\/em><strong><em>BaseZen Attitude&#8230;<\/em><\/strong><\/h2>\n\n\n\n<p class=\"has-text-align-center\">C&rsquo;est l&rsquo;association d&rsquo;un tri-concept :<\/p>\n\n\n\n<ul class=\"wp-block-list\">\n<li>Soci\u00e9t\u00e9 \u00e0 Actions Simplifi\u00e9e, d\u00e9nomm\u00e9e <strong>Tactical BaseZen Consulting<\/strong><\/li>\n\n\n\n<li>Entreprise Individuelle, <strong>Formateur expert\/Consultant<\/strong> <strong>intervenant<\/strong><\/li>\n\n\n\n<li>Association loi 1901 \u00e0 but non lucratif, d\u00e9nomm\u00e9e <strong>Sauvetage Tactique Op\u00e9rationnel<\/strong><\/li>\n<\/ul>\n\n\n\n<h3 class=\"wp-block-heading\"><\/h3>\n\n\n\n<h2 class=\"wp-block-heading\"><\/h2>\n\n\n\n<h4 class=\"wp-block-heading has-text-align-center\"><strong>Soci\u00e9t\u00e9 \u00e0 Actions Simplifi\u00e9e<\/strong> Tactical BaseZen Consulting<\/h4>\n\n\n<div class=\"wp-block-image\">\n<figure class=\"aligncenter size-large is-resized\"><img loading=\"lazy\" decoding=\"async\" width=\"999\" height=\"1024\" src=\"https:\/\/www.basezen.fr\/wp-content\/uploads\/2023\/04\/Logo-Tactical-BaseZen-Consulting-V1.2-999x1024.png\" alt=\"\" class=\"wp-image-6848\" style=\"width:259px;height:264px\"\/><\/figure>\n<\/div>\n\n\n<p class=\"has-text-align-center\">Identifiant SIRET:   951 371 251 00012<\/p>\n\n\n\n<p class=\"has-text-align-center\">Capital social: 500\u20ac &#8211; 951 371 251 RCS Bayonne<\/p>\n\n\n\n<ul class=\"wp-block-list\">\n<li><strong>Formation professionnelle\/personnelle&nbsp;<\/strong>dans le domaine technique et\/ou p\u00e9dagogique<\/li>\n\n\n\n<li><strong>Conseil<\/strong> professionnel\/personnel<\/li>\n\n\n\n<li><strong>Accompagnement<\/strong> professionnel\/personnel et de dispositif d&rsquo;action de Sauvetage\/Secours<\/li>\n<\/ul>\n\n\n\n<h2 class=\"wp-block-heading\"><\/h2>\n\n\n\n<h2 class=\"wp-block-heading\"><\/h2>\n\n\n\n<h4 class=\"wp-block-heading has-text-align-center\"><strong>Entreprise Individuelle <\/strong>Formateur expert \/Consultant intervenant<\/h4>\n\n\n<div class=\"wp-block-image\">\n<figure class=\"aligncenter size-large is-resized\"><img loading=\"lazy\" decoding=\"async\" width=\"1024\" height=\"616\" src=\"https:\/\/www.basezen.fr\/wp-content\/uploads\/2024\/07\/Logo-MALAPRIS-David-V3-1024x616.png\" alt=\"\" class=\"wp-image-16276\" style=\"width:223px;height:auto\" srcset=\"https:\/\/www.basezen.fr\/wp-content\/uploads\/2024\/07\/Logo-MALAPRIS-David-V3-1024x616.png 1024w, https:\/\/www.basezen.fr\/wp-content\/uploads\/2024\/07\/Logo-MALAPRIS-David-V3-300x180.png 300w, https:\/\/www.basezen.fr\/wp-content\/uploads\/2024\/07\/Logo-MALAPRIS-David-V3-768x462.png 768w, https:\/\/www.basezen.fr\/wp-content\/uploads\/2024\/07\/Logo-MALAPRIS-David-V3-1536x924.png 1536w, https:\/\/www.basezen.fr\/wp-content\/uploads\/2024\/07\/Logo-MALAPRIS-David-V3-2048x1232.png 2048w, https:\/\/www.basezen.fr\/wp-content\/uploads\/2024\/07\/Logo-MALAPRIS-David-V3-600x361.png 600w, https:\/\/www.basezen.fr\/wp-content\/uploads\/2024\/07\/Logo-MALAPRIS-David-V3-266x160.png 266w\" sizes=\"(max-width: 1024px) 100vw, 1024px\" \/><\/figure>\n<\/div>\n\n\n<p class=\"has-text-align-center\">Identifiant SIRET:   830 615 704 00012<\/p>\n\n\n\n<p class=\"has-text-align-center\">Num\u00e9ro de d\u00e9claration d&rsquo;activit\u00e9: 75640422264<\/p>\n\n\n\n<p>Elle est sp\u00e9cialis\u00e9e en :<\/p>\n\n\n\n<ul class=\"wp-block-list\">\n<li><strong>Formateur expert<\/strong>, dans le domaine de la sant\u00e9 (dipl\u00f4mes d&rsquo;\u00e9tat, dipl\u00f4mes universitaires&#8230;)<\/li>\n\n\n\n<li><strong>Consultant<\/strong> <strong>professionnel<\/strong>, dans le domaine du secours, sauvetage et suret\u00e9<\/li>\n\n\n\n<li><strong>Accompagnateur<\/strong> en Sophrologie, Soigneur sportif et Param\u00e9dical<\/li>\n<\/ul>\n\n\n\n<h2 class=\"wp-block-heading\"><\/h2>\n\n\n\n<h2 class=\"wp-block-heading\"><\/h2>\n\n\n\n<h4 class=\"wp-block-heading has-text-align-center\"><strong>Association <\/strong>Sauvetage Tactique OP\u00e9rationnel<\/h4>\n\n\n<div class=\"wp-block-image\">\n<figure class=\"aligncenter size-large is-resized\"><img loading=\"lazy\" decoding=\"async\" width=\"999\" height=\"1024\" src=\"https:\/\/www.basezen.fr\/wp-content\/uploads\/2020\/02\/Logo-nouvelle-association-V3-999x1024.png\" alt=\"\" class=\"wp-image-5769\" style=\"aspect-ratio:0.9789473684210527;width:255px;height:auto\" srcset=\"https:\/\/www.basezen.fr\/wp-content\/uploads\/2020\/02\/Logo-nouvelle-association-V3-999x1024.png 999w, https:\/\/www.basezen.fr\/wp-content\/uploads\/2020\/02\/Logo-nouvelle-association-V3-293x300.png 293w, https:\/\/www.basezen.fr\/wp-content\/uploads\/2020\/02\/Logo-nouvelle-association-V3-768x788.png 768w, https:\/\/www.basezen.fr\/wp-content\/uploads\/2020\/02\/Logo-nouvelle-association-V3-585x600.png 585w, https:\/\/www.basezen.fr\/wp-content\/uploads\/2020\/02\/Logo-nouvelle-association-V3-156x160.png 156w, https:\/\/www.basezen.fr\/wp-content\/uploads\/2020\/02\/Logo-nouvelle-association-V3.png 1180w\" sizes=\"(max-width: 999px) 100vw, 999px\" \/><\/figure>\n<\/div>\n\n\n<p class=\"has-text-align-center\">Identifiant SIRET:   823 593 702 00025<\/p>\n\n\n\n<p>Elle a pour objet :<\/p>\n\n\n\n<ul class=\"wp-block-list\">\n<li>Adapter son <strong>attitude, face \u00e0 une situation particuli\u00e8re, en milieu hostile<\/strong>: Milieu naturel (Montagne, For\u00eat,&#8230;) et\/ou agression humaine (Agression physique, agression psychologique \u00ab\u00a0Stress\u00a0\u00bb, &#8230;)<\/li>\n\n\n\n<li>Apprendre \u00e0 <strong>identifier son comportement, d&rsquo;att\u00e9nuer son stress par une strat\u00e9gie proactive<\/strong> dite de R\u00e9silience<\/li>\n\n\n\n<li>R\u00e9aliser des <strong>gestes adapt\u00e9s de secourisme, de sauvetage et de survie<\/strong> par des moyens de fortune.<\/li>\n<\/ul>\n\n\n\n<p class=\"has-text-align-center\">L&rsquo;association <strong><a rel=\"noreferrer noopener\" aria-label=\"Sauvetage Tactique OP\u00e9rationnel (s\u2019ouvre dans un nouvel onglet)\" href=\"https:\/\/www.basezen.fr\/index.php\/formation\/secourssauvetage\/sauvetagetactiqueoperationel\/\" target=\"_blank\">Sauvetage Tactique OP\u00e9rationnel<\/a><\/strong> est garant du fonctionnement, de la bonne application des r\u00e8gles et proc\u00e9dures du concept <strong>STOP<\/strong>.<\/p>\n\n\n\n<p class=\"has-text-align-center\">Les formations sont organis\u00e9es en :<\/p>\n\n\n\n<ul class=\"wp-block-list\">\n<li>Sauveteur premier intervenant en situation particuli\u00e8re<\/li>\n\n\n\n<li>Sauveteur en milieu hostile et\/ou conflictuel<\/li>\n<\/ul>\n\n\n\n<p class=\"has-text-align-center\">La formation <strong><a rel=\"noreferrer noopener\" aria-label=\"Secours en montagne (s\u2019ouvre dans un nouvel onglet)\" href=\"https:\/\/www.basezen.fr\/index.php\/formation\/secourssauvetage\/secourisme-en-montagne\/\" target=\"_blank\">Secourisme en montagne<\/a><\/strong> repr\u00e9sente le module Sauveteur premier intervenant en situation particuli\u00e8re. Elle fait \u00e9galement partie du concept <strong>STOP<\/strong> :<\/p>\n\n\n\n<ul class=\"wp-block-list\">\n<li>Secourisme en montagne hivernal<\/li>\n\n\n\n<li>Secourisme en montagne estival<\/li>\n<\/ul>\n\n\n\n<h2 class=\"wp-block-heading\"><\/h2>\n\n\n\n<p class=\"has-text-align-center\">C&rsquo;est le fruit d&rsquo;une grande exp\u00e9rience v\u00e9cue (accident\/incident) au travers des Balkans, Afrique, Moyen-Orient et Outre-Mer. En situation hostile et parfois conflictuel.<\/p>\n\n\n\n<p><\/p>\n","protected":false},"excerpt":{"rendered":"<p>La voie de l&rsquo;Attitude BaseZen&#8230; Les origines&#8230; DE L&rsquo;EXPERIENCE&#8230; Depuis des ann\u00e9es et de toutes activit\u00e9s r\u00e9alis\u00e9es, j&rsquo;ai toujours gard\u00e9 en moi une forme d&rsquo;essence qui se regroupe en 4 [&hellip;]<\/p>\n","protected":false},"author":1,"featured_media":5763,"parent":7,"menu_order":1,"comment_status":"closed","ping_status":"closed","template":"page-concept-tactical-basezen-consulting-2","meta":{"saved_in_kubio":true,"_monsterinsights_skip_tracking":false,"_monsterinsights_sitenote_active":false,"_monsterinsights_sitenote_note":"","_monsterinsights_sitenote_category":0,"ngg_post_thumbnail":0,"_glsr_average":0,"_glsr_ranking":0,"_glsr_reviews":0,"footnotes":""},"class_list":["post-5743","page","type-page","status-publish","has-post-thumbnail","hentry"],"kubio_ai_page_context":{"short_desc":"","purpose":"general"},"_links":{"self":[{"href":"https:\/\/www.basezen.fr\/index.php\/wp-json\/wp\/v2\/pages\/5743","targetHints":{"allow":["GET"]}}],"collection":[{"href":"https:\/\/www.basezen.fr\/index.php\/wp-json\/wp\/v2\/pages"}],"about":[{"href":"https:\/\/www.basezen.fr\/index.php\/wp-json\/wp\/v2\/types\/page"}],"author":[{"embeddable":true,"href":"https:\/\/www.basezen.fr\/index.php\/wp-json\/wp\/v2\/users\/1"}],"replies":[{"embeddable":true,"href":"https:\/\/www.basezen.fr\/index.php\/wp-json\/wp\/v2\/comments?post=5743"}],"version-history":[{"count":75,"href":"https:\/\/www.basezen.fr\/index.php\/wp-json\/wp\/v2\/pages\/5743\/revisions"}],"predecessor-version":[{"id":19667,"href":"https:\/\/www.basezen.fr\/index.php\/wp-json\/wp\/v2\/pages\/5743\/revisions\/19667"}],"up":[{"embeddable":true,"href":"https:\/\/www.basezen.fr\/index.php\/wp-json\/wp\/v2\/pages\/7"}],"wp:featuredmedia":[{"embeddable":true,"href":"https:\/\/www.basezen.fr\/index.php\/wp-json\/wp\/v2\/media\/5763"}],"wp:attachment":[{"href":"https:\/\/www.basezen.fr\/index.php\/wp-json\/wp\/v2\/media?parent=5743"}],"curies":[{"name":"wp","href":"https:\/\/api.w.org\/{rel}","templated":true}]}}