{"id":50470,"date":"2025-06-25T15:04:42","date_gmt":"2025-06-25T13:04:42","guid":{"rendered":"https:\/\/www.basezen.fr\/?page_id=50470"},"modified":"2025-06-30T12:14:09","modified_gmt":"2025-06-30T10:14:09","slug":"contact-2","status":"publish","type":"page","link":"https:\/\/www.basezen.fr\/index.php\/accueil\/contact-2\/","title":{"rendered":"Contact"},"content":{"rendered":"<div class=\"wp-block-image\">\n<figure class=\"aligncenter size-large is-resized\"><img loading=\"lazy\" decoding=\"async\" width=\"999\" height=\"1024\" src=\"https:\/\/www.basezen.fr\/wp-content\/uploads\/2023\/04\/Logo-Tactical-BaseZen-Consulting-V1.2-999x1024.png\" alt=\"\" class=\"wp-image-6848\" style=\"width:250px;height:256px\"\/><\/figure>\n<\/div>\n\n\n<h2 class=\"wp-block-heading\"><\/h2>\n\n\n<div class=\"wpforms-container wpforms-container-full\" id=\"wpforms-5911\"><form id=\"wpforms-form-5911\" class=\"wpforms-validate wpforms-form\" data-formid=\"5911\" method=\"post\" enctype=\"multipart\/form-data\" action=\"\/index.php\/wp-json\/wp\/v2\/pages\/50470\" data-token=\"52ac16ed1022759cced4c788f6fa91e1\" data-token-time=\"1776496071\"><noscript class=\"wpforms-error-noscript\">Veuillez activer JavaScript dans votre navigateur pour remplir ce formulaire.<\/noscript><div class=\"wpforms-field-container\"><div id=\"wpforms-5911-field_14-container\" class=\"wpforms-field wpforms-field-checkbox wpforms-list-inline\" data-field-id=\"14\"><label class=\"wpforms-field-label\">Civilit\u00e9 <span class=\"wpforms-required-label\">*<\/span><\/label><ul id=\"wpforms-5911-field_14\" class=\"wpforms-field-required wpforms-icon-choices wpforms-icon-choices-none wpforms-icon-choices-small\" data-choice-limit=\"1\" style=\"--wpforms-icon-choices-color: #c27f1b;\"><li class=\"choice-1 depth-1 wpforms-icon-choices-item\"><label class=\"wpforms-field-label-inline\" for=\"wpforms-5911-field_14_1\">\n\t\t\t\t<span class=\"wpforms-icon-choices-icon\">\n\t\t\t\t\t<svg xmlns=\"http:\/\/www.w3.org\/2000\/svg\" width=\"40\" height=\"32\" viewBox=\"0 0 320 512\"><!--! Font Awesome Free 6.4.0 by @fontawesome - https:\/\/fontawesome.com License - https:\/\/fontawesome.com\/license\/free (Icons: CC BY 4.0, Fonts: SIL OFL 1.1, Code: MIT License) Copyright 2023 Fonticons, Inc. --><path d=\"M160 0a48 48 0 1 1 0 96 48 48 0 1 1 0-96zM88 384H70.2c-10.9 0-18.6-10.7-15.2-21.1L93.3 248.1 59.4 304.5c-9.1 15.1-28.8 20-43.9 10.9s-20-28.8-10.9-43.9l53.6-89.2c20.3-33.7 56.7-54.3 96-54.3h11.6c39.3 0 75.7 20.6 96 54.3l53.6 89.2c9.1 15.1 4.2 34.8-10.9 43.9s-34.8 4.2-43.9-10.9l-33.9-56.3L265 362.9c3.5 10.4-4.3 21.1-15.2 21.1H232v96c0 17.7-14.3 32-32 32s-32-14.3-32-32V384H152v96c0 17.7-14.3 32-32 32s-32-14.3-32-32V384z\"\/><\/svg>\n\t\t\t\t\t<span class=\"wpforms-icon-choices-icon-bg\"><\/span>\n\t\t\t\t<\/span>\n\t\t\t\t<input type=\"checkbox\" id=\"wpforms-5911-field_14_1\" data-rule-check-limit=\"true\" name=\"wpforms[fields][14][]\" value=\"Madame\" required >\n\t\t\t\t<span class=\"wpforms-icon-choices-label\">Madame<\/span>\n\t\t\t<\/label><\/li><li class=\"choice-2 depth-1 wpforms-icon-choices-item\"><label class=\"wpforms-field-label-inline\" for=\"wpforms-5911-field_14_2\">\n\t\t\t\t<span class=\"wpforms-icon-choices-icon\">\n\t\t\t\t\t<svg xmlns=\"http:\/\/www.w3.org\/2000\/svg\" width=\"40\" height=\"32\" viewBox=\"0 0 320 512\"><!--! Font Awesome Free 6.4.0 by @fontawesome - https:\/\/fontawesome.com License - https:\/\/fontawesome.com\/license\/free (Icons: CC BY 4.0, Fonts: SIL OFL 1.1, Code: MIT License) Copyright 2023 Fonticons, Inc. --><path d=\"M112 48a48 48 0 1 1 96 0 48 48 0 1 1 -96 0zm40 304V480c0 17.7-14.3 32-32 32s-32-14.3-32-32V256.9L59.4 304.5c-9.1 15.1-28.8 20-43.9 10.9s-20-28.8-10.9-43.9l58.3-97c17.4-28.9 48.6-46.6 82.3-46.6h29.7c33.7 0 64.9 17.7 82.3 46.6l58.3 97c9.1 15.1 4.2 34.8-10.9 43.9s-34.8 4.2-43.9-10.9L232 256.9V480c0 17.7-14.3 32-32 32s-32-14.3-32-32V352H152z\"\/><\/svg>\n\t\t\t\t\t<span class=\"wpforms-icon-choices-icon-bg\"><\/span>\n\t\t\t\t<\/span>\n\t\t\t\t<input type=\"checkbox\" id=\"wpforms-5911-field_14_2\" data-rule-check-limit=\"true\" name=\"wpforms[fields][14][]\" value=\"Monsieur\" required >\n\t\t\t\t<span class=\"wpforms-icon-choices-label\">Monsieur<\/span>\n\t\t\t<\/label><\/li><\/ul><\/div><div id=\"wpforms-5911-field_0-container\" class=\"wpforms-field wpforms-field-name\" data-field-id=\"0\"><label class=\"wpforms-field-label\" for=\"wpforms-5911-field_0\">Nom \/ Pr\u00e9nom <span class=\"wpforms-required-label\">*<\/span><\/label><input type=\"text\" id=\"wpforms-5911-field_0\" class=\"wpforms-field-medium wpforms-field-required\" name=\"wpforms[fields][0]\" required><\/div><div id=\"wpforms-5911-field_11-container\" class=\"wpforms-field wpforms-field-name\" data-field-id=\"11\"><label class=\"wpforms-field-label\" for=\"wpforms-5911-field_11\">Soci\u00e9t\u00e9 \/ SIRET<\/label><input type=\"text\" id=\"wpforms-5911-field_11\" class=\"wpforms-field-medium\" name=\"wpforms[fields][11]\" ><\/div><div id=\"wpforms-5911-field_6-container\" class=\"wpforms-field wpforms-field-text\" data-field-id=\"6\"><label class=\"wpforms-field-label\" for=\"wpforms-5911-field_6\">T\u00e9l\u00e9phone <span class=\"wpforms-required-label\">*<\/span><\/label><input type=\"text\" id=\"wpforms-5911-field_6\" class=\"wpforms-field-medium wpforms-field-required\" name=\"wpforms[fields][6]\" required><\/div><div id=\"wpforms-5911-field_1-container\" class=\"wpforms-field wpforms-field-email\" data-field-id=\"1\"><label class=\"wpforms-field-label\" for=\"wpforms-5911-field_1\">E-mail <span class=\"wpforms-required-label\">*<\/span><\/label><input type=\"email\" id=\"wpforms-5911-field_1\" class=\"wpforms-field-medium wpforms-field-required\" name=\"wpforms[fields][1]\" spellcheck=\"false\" required><\/div><div id=\"wpforms-5911-field_3-container\" class=\"wpforms-field wpforms-field-checkbox\" data-field-id=\"3\"><label class=\"wpforms-field-label\">Cocher la demande <span class=\"wpforms-required-label\">*<\/span><\/label><ul id=\"wpforms-5911-field_3\" class=\"wpforms-field-required\" data-choice-limit=\"1\"><li class=\"choice-6 depth-1\"><input type=\"checkbox\" id=\"wpforms-5911-field_3_6\" data-rule-check-limit=\"true\" name=\"wpforms[fields][3][]\" value=\"Devis\" required ><label class=\"wpforms-field-label-inline\" for=\"wpforms-5911-field_3_6\">Devis<\/label><\/li><li class=\"choice-2 depth-1\"><input type=\"checkbox\" id=\"wpforms-5911-field_3_2\" data-rule-check-limit=\"true\" name=\"wpforms[fields][3][]\" value=\"Renseignement\" required ><label class=\"wpforms-field-label-inline\" for=\"wpforms-5911-field_3_2\">Renseignement<\/label><\/li><li class=\"choice-4 depth-1\"><input type=\"checkbox\" id=\"wpforms-5911-field_3_4\" data-rule-check-limit=\"true\" name=\"wpforms[fields][3][]\" value=\"Rendez-vous \/ Consultation\" required ><label class=\"wpforms-field-label-inline\" for=\"wpforms-5911-field_3_4\">Rendez-vous \/ Consultation<\/label><\/li><li class=\"choice-3 depth-1\"><input type=\"checkbox\" id=\"wpforms-5911-field_3_3\" data-rule-check-limit=\"true\" name=\"wpforms[fields][3][]\" value=\"Autre demande\" required ><label class=\"wpforms-field-label-inline\" for=\"wpforms-5911-field_3_3\">Autre demande<\/label><\/li><\/ul><\/div><div id=\"wpforms-5911-field_9-container\" class=\"wpforms-field wpforms-field-select wpforms-field-select-style-classic\" data-field-id=\"9\"><label class=\"wpforms-field-label\" for=\"wpforms-5911-field_9\">Choix de la demande <span class=\"wpforms-required-label\">*<\/span><\/label><select id=\"wpforms-5911-field_9\" class=\"wpforms-field-medium wpforms-field-required\" name=\"wpforms[fields][9]\" required=\"required\"><option value=\"Formation\"  selected='selected' class=\"choice-1 depth-1\"  >Formation<\/option><option value=\"Conseil\"  class=\"choice-2 depth-1\"  >Conseil<\/option><option value=\"Accompagnement\"  class=\"choice-3 depth-1\"  >Accompagnement<\/option><option value=\"Sophrologie\"  class=\"choice-4 depth-1\"  >Sophrologie<\/option><\/select><\/div><div id=\"wpforms-5911-field_8-container\" class=\"wpforms-field wpforms-field-select wpforms-field-select-style-classic\" data-field-id=\"8\"><label class=\"wpforms-field-label\" for=\"wpforms-5911-field_8\">Domaine de formation (si le choix concerne une formation)<\/label><select id=\"wpforms-5911-field_8\" class=\"wpforms-field-medium\" name=\"wpforms[fields][8]\"><option value=\"Aucun\"  selected='selected' class=\"choice-10 depth-1\"  >Aucun<\/option><option value=\"Acteur Sauveteur-Secouriste du Travail\"  class=\"choice-2 depth-1\"  >Acteur Sauveteur-Secouriste du Travail<\/option><option value=\"Bleeding Control Basic\"  class=\"choice-11 depth-1\"  >Bleeding Control Basic<\/option><option value=\"Emergency First Reponse\"  class=\"choice-12 depth-1\"  >Emergency First Reponse<\/option><option value=\"Formateur Sauveteur-Secouriste du Travail\"  class=\"choice-1 depth-1\"  >Formateur Sauveteur-Secouriste du Travail<\/option><option value=\"Gestes et Postures au Travail\"  class=\"choice-3 depth-1\"  >Gestes et Postures au Travail<\/option><option value=\"Gestes et Soins d&#039;Urgence en situation particuli\u00e8re\"  class=\"choice-13 depth-1\"  >Gestes et Soins d'Urgence en situation particuli\u00e8re<\/option><option value=\"Gestes qui Sauvent\"  class=\"choice-5 depth-1\"  >Gestes qui Sauvent<\/option><option value=\"Gestion du stress et d\u00e9veloppement \u00e9motionnel\"  class=\"choice-14 depth-1\"  >Gestion du stress et d\u00e9veloppement \u00e9motionnel<\/option><option value=\"Op\u00e9rateur drone op\u00e9rationnel Recherche &amp; Sauvetage\"  class=\"choice-15 depth-1\"  >Op\u00e9rateur drone op\u00e9rationnel Recherche &amp; Sauvetage<\/option><option value=\"Sauveteur en milieu hostile et\/ou conflictuel\"  class=\"choice-7 depth-1\"  >Sauveteur en milieu hostile et\/ou conflictuel<\/option><option value=\"Sauveteur premier intervenant en situation particuli\u00e8re\"  class=\"choice-6 depth-1\"  >Sauveteur premier intervenant en situation particuli\u00e8re<\/option><option value=\"Tactical Emergency Casualty Care\"  class=\"choice-16 depth-1\"  >Tactical Emergency Casualty Care<\/option><option value=\"Autre\"  class=\"choice-4 depth-1\"  >Autre<\/option><\/select><\/div><div id=\"wpforms-5911-field_10-container\" class=\"wpforms-field wpforms-field-radio\" data-field-id=\"10\"><label class=\"wpforms-field-label\">Cocher le type de formation (si le choix concerne une formation)<\/label><ul id=\"wpforms-5911-field_10\"><li class=\"choice-1 depth-1\"><input type=\"radio\" id=\"wpforms-5911-field_10_1\" name=\"wpforms[fields][10]\" value=\"Initiale\"  ><label class=\"wpforms-field-label-inline\" for=\"wpforms-5911-field_10_1\">Initiale<\/label><\/li><li class=\"choice-2 depth-1\"><input type=\"radio\" id=\"wpforms-5911-field_10_2\" name=\"wpforms[fields][10]\" value=\"Maintien et Actualisation des Comp\u00e9tences\"  ><label class=\"wpforms-field-label-inline\" for=\"wpforms-5911-field_10_2\">Maintien et Actualisation des Comp\u00e9tences<\/label><\/li><\/ul><\/div><div id=\"wpforms-5911-field_2-container\" class=\"wpforms-field wpforms-field-textarea\" data-field-id=\"2\"><label class=\"wpforms-field-label\" for=\"wpforms-5911-field_2\">Commentaire ou message <span class=\"wpforms-required-label\">*<\/span><\/label><textarea id=\"wpforms-5911-field_2\" class=\"wpforms-field-medium wpforms-field-required\" name=\"wpforms[fields][2]\" required><\/textarea><div class=\"wpforms-field-description\">Conform\u00e9ment \u00e0 la Loi Informatique et Libert\u00e9s n\u00b078-17 du 6 janvier 1978 modifi\u00e9e en 2004, les informations sont strictement confidentielles. Elles sont destin\u00e9es seulement pour Tactical BaseZen Consulting pour la gestion administrative et commerciale de votre demande. Elles ne seront aucunement transmises \u00e0 des partenaires pour des fins de prospection commerciales.<\/div><\/div><\/div><!-- .wpforms-field-container --><div class=\"wpforms-field wpforms-field-hp\"><label for=\"wpforms-5911-field-hp\" class=\"wpforms-field-label\">Website<\/label><input type=\"text\" name=\"wpforms[hp]\" id=\"wpforms-5911-field-hp\" class=\"wpforms-field-medium\"><\/div><div class=\"wpforms-submit-container\" ><input type=\"hidden\" name=\"wpforms[id]\" value=\"5911\"><input type=\"hidden\" name=\"page_title\" value=\"\"><input type=\"hidden\" name=\"page_url\" value=\"https:\/\/www.basezen.fr\/index.php\/wp-json\/wp\/v2\/pages\/50470\"><input type=\"hidden\" name=\"url_referer\" value=\"\"><button type=\"submit\" name=\"wpforms[submit]\" id=\"wpforms-submit-5911\" class=\"wpforms-submit\" data-alt-text=\"Envoi...\" data-submit-text=\"Envoyer\" aria-live=\"assertive\" value=\"wpforms-submit\">Envoyer<\/button><\/div><\/form><\/div>  <!-- .wpforms-container -->\n","protected":false},"excerpt":{"rendered":"","protected":false},"author":1,"featured_media":6670,"parent":7,"menu_order":5,"comment_status":"closed","ping_status":"closed","template":"page-contact-2","meta":{"saved_in_kubio":true,"_monsterinsights_skip_tracking":false,"_monsterinsights_sitenote_active":false,"_monsterinsights_sitenote_note":"","_monsterinsights_sitenote_category":0,"ngg_post_thumbnail":0,"_glsr_average":0,"_glsr_ranking":0,"_glsr_reviews":0,"footnotes":""},"class_list":["post-50470","page","type-page","status-publish","has-post-thumbnail","hentry"],"kubio_ai_page_context":{"short_desc":"","purpose":"general"},"_links":{"self":[{"href":"https:\/\/www.basezen.fr\/index.php\/wp-json\/wp\/v2\/pages\/50470","targetHints":{"allow":["GET"]}}],"collection":[{"href":"https:\/\/www.basezen.fr\/index.php\/wp-json\/wp\/v2\/pages"}],"about":[{"href":"https:\/\/www.basezen.fr\/index.php\/wp-json\/wp\/v2\/types\/page"}],"author":[{"embeddable":true,"href":"https:\/\/www.basezen.fr\/index.php\/wp-json\/wp\/v2\/users\/1"}],"replies":[{"embeddable":true,"href":"https:\/\/www.basezen.fr\/index.php\/wp-json\/wp\/v2\/comments?post=50470"}],"version-history":[{"count":3,"href":"https:\/\/www.basezen.fr\/index.php\/wp-json\/wp\/v2\/pages\/50470\/revisions"}],"predecessor-version":[{"id":50972,"href":"https:\/\/www.basezen.fr\/index.php\/wp-json\/wp\/v2\/pages\/50470\/revisions\/50972"}],"up":[{"embeddable":true,"href":"https:\/\/www.basezen.fr\/index.php\/wp-json\/wp\/v2\/pages\/7"}],"wp:featuredmedia":[{"embeddable":true,"href":"https:\/\/www.basezen.fr\/index.php\/wp-json\/wp\/v2\/media\/6670"}],"wp:attachment":[{"href":"https:\/\/www.basezen.fr\/index.php\/wp-json\/wp\/v2\/media?parent=50470"}],"curies":[{"name":"wp","href":"https:\/\/api.w.org\/{rel}","templated":true}]}}