{"id":458,"date":"2018-03-11T18:04:24","date_gmt":"2018-03-11T17:04:24","guid":{"rendered":"http:\/\/basezen.fr\/?page_id=458"},"modified":"2020-03-19T12:07:04","modified_gmt":"2020-03-19T11:07:04","slug":"sauvetagetactiqueoperationel","status":"publish","type":"page","link":"https:\/\/www.basezen.fr\/index.php\/formation\/secourssauvetage\/sauvetagetactiqueoperationel\/","title":{"rendered":"Sauvetage Tactique Op\u00e9rationnel"},"content":{"rendered":"\n<div class=\"wp-block-image\"><figure class=\"aligncenter size-large is-resized\"><img loading=\"lazy\" decoding=\"async\" src=\"https:\/\/www.basezen.fr\/wp-content\/uploads\/2020\/02\/Logo-nouvelle-association-V3-1-999x1024.png\" alt=\"\" class=\"wp-image-5806\" width=\"403\" height=\"413\" srcset=\"https:\/\/www.basezen.fr\/wp-content\/uploads\/2020\/02\/Logo-nouvelle-association-V3-1-999x1024.png 999w, https:\/\/www.basezen.fr\/wp-content\/uploads\/2020\/02\/Logo-nouvelle-association-V3-1-293x300.png 293w, https:\/\/www.basezen.fr\/wp-content\/uploads\/2020\/02\/Logo-nouvelle-association-V3-1-768x788.png 768w, https:\/\/www.basezen.fr\/wp-content\/uploads\/2020\/02\/Logo-nouvelle-association-V3-1-585x600.png 585w, https:\/\/www.basezen.fr\/wp-content\/uploads\/2020\/02\/Logo-nouvelle-association-V3-1-156x160.png 156w, https:\/\/www.basezen.fr\/wp-content\/uploads\/2020\/02\/Logo-nouvelle-association-V3-1.png 1180w\" sizes=\"(max-width: 403px) 100vw, 403px\" \/><\/figure><\/div>\n\n\n\n<p class=\"has-text-align-center\"><em>L&rsquo;association <strong><a rel=\"noreferrer noopener\" aria-label=\"Sauvetage Tactique OP\u00e9rationnel (s\u2019ouvre dans un nouvel onglet)\" href=\"https:\/\/www.basezen.fr\/index.php\/accueil\/concept-attitude-basezen\/\" target=\"_blank\">Sauvetage Tactique OP\u00e9rationnel<\/a><\/strong> est responsable du fonctionnement, de la bonne application des r\u00e8gles et proc\u00e9dures du concept <strong>STOP<\/strong>.<\/em><\/p>\n\n\n\n<h2 class=\"wp-block-heading\">    <\/h2>\n\n\n\n<h2 class=\"has-text-align-center wp-block-heading\"><strong>SAUVETAGE TACTIQUE OPERATIONNEL<\/strong><\/h2>\n\n\n\n<div class=\"wp-block-image\"><figure class=\"aligncenter is-resized\"><img loading=\"lazy\" decoding=\"async\" src=\"http:\/\/basezen.fr\/wp-content\/uploads\/2018\/02\/Insigne-STOP-version-5-293x300.png\" alt=\"\" class=\"wp-image-78\" width=\"246\" height=\"252\" srcset=\"https:\/\/www.basezen.fr\/wp-content\/uploads\/2018\/02\/Insigne-STOP-version-5-293x300.png 293w, https:\/\/www.basezen.fr\/wp-content\/uploads\/2018\/02\/Insigne-STOP-version-5-416x426.png 416w, https:\/\/www.basezen.fr\/wp-content\/uploads\/2018\/02\/Insigne-STOP-version-5.png 443w\" sizes=\"(max-width: 246px) 100vw, 246px\" \/><\/figure><\/div>\n\n\n\n<p class=\"has-text-align-center\"><em>Le <strong>Sauvetage Tactique Op\u00e9rationnel<\/strong> est un concept cr\u00e9\u00e9 en 2016. Il est enregistr\u00e9 comme marque d\u00e9pos\u00e9e aupr\u00e8s de l&rsquo;<a href=\"https:\/\/bases-marques.inpi.fr\/Typo3_INPI_Marques\/marques_resultats_liste.html\" target=\"_blank\" rel=\"noreferrer noopener\">Institut National de la Propri\u00e9t\u00e9 Industrielle<\/a> par d\u00e9p\u00f4t en 2018.<\/em><\/p>\n\n\n\n<p class=\"has-text-align-center\"><em>Cette conception est bas\u00e9e sur une approche strat\u00e9gique dans un environnement sp\u00e9cifique ou tactique en milieu hostile et\/ou conflictuel. Il permet d&rsquo;apprendre \u00e0 identifier les comportements et les menaces (risques),&nbsp;d&rsquo;att\u00e9nuer son stress en adaptant la situation critique par une strat\u00e9gie proactive et de r\u00e9aliser des gestes de survie et de sauvetage.<\/em><\/p>\n\n\n\n<p><em>Le <strong>Sauvetage Tactique OP\u00e9rationnel<\/strong>&nbsp;(STOP) s&rsquo;oriente sur 2 types de formation selon le contexte de travail ou d&rsquo;activit\u00e9:<\/em><\/p>\n\n\n\n<ul class=\"wp-block-list\"><li><em><a href=\"http:\/\/basezen.fr\/index.php\/formation\/surete-defense\/secourstactiquesoperationel2\/sauveteur-premier-intervenant-en-situation-particuliere\/\" target=\"_blank\" rel=\"noreferrer noopener\"><strong>Sauveteur premier intervenant en situation particuli\u00e8re<\/strong><\/a>, adapt\u00e9e aux personnes soumises \u00e0 un environnement sp\u00e9cifique et particulier.<\/em><\/li><li><em><a href=\"https:\/\/www.basezen.fr\/index.php\/formation\/secourssauvetage\/sauvetagetactiqueoperationel\/sauveteur-en-milieu-hostile-et-ou-conflictuel-2\/\" target=\"_blank\" rel=\"noreferrer noopener\"><strong>Sauveteur en milieu hostile et\/ou conflictuel<\/strong><\/a>, adapt\u00e9e \u00e0 des professionnels soumis dans un cadre et contexte tactique, hostile et voir \u00e9galement dans un environnement conflictuel.<\/em><\/li><\/ul>\n\n\n\n<h2 class=\"wp-block-heading\">    <\/h2>\n\n\n\n<h2 class=\"wp-block-heading\">   <\/h2>\n\n\n\n<figure class=\"wp-block-image size-large\"><img loading=\"lazy\" decoding=\"async\" width=\"768\" height=\"305\" src=\"https:\/\/www.basezen.fr\/wp-content\/uploads\/2020\/02\/Attitude-BaseZen-InstantZen-court-768x305-1.jpg\" alt=\"\" class=\"wp-image-5623\" srcset=\"https:\/\/www.basezen.fr\/wp-content\/uploads\/2020\/02\/Attitude-BaseZen-InstantZen-court-768x305-1.jpg 768w, https:\/\/www.basezen.fr\/wp-content\/uploads\/2020\/02\/Attitude-BaseZen-InstantZen-court-768x305-1-300x119.jpg 300w, https:\/\/www.basezen.fr\/wp-content\/uploads\/2020\/02\/Attitude-BaseZen-InstantZen-court-768x305-1-600x238.jpg 600w, https:\/\/www.basezen.fr\/wp-content\/uploads\/2020\/02\/Attitude-BaseZen-InstantZen-court-768x305-1-280x111.jpg 280w\" sizes=\"(max-width: 768px) 100vw, 768px\" \/><\/figure>\n\n\n\n<h2 class=\"has-text-align-center wp-block-heading\"><strong>ATTITUDE BASEZEN INSTITUT<\/strong><\/h2>\n\n\n\n<div class=\"wp-block-image\"><figure class=\"aligncenter size-large is-resized\"><img loading=\"lazy\" decoding=\"async\" src=\"https:\/\/www.basezen.fr\/wp-content\/uploads\/2018\/02\/Logo-Attitude-BaseZen-logo.png\" alt=\"\" class=\"wp-image-259\" width=\"160\" height=\"126\"\/><\/figure><\/div>\n\n\n\n<p class=\"has-text-align-center\"><em><strong>Attitude BaseZen Institut<\/strong> vous propose des formations adapt\u00e9es en fonction du besoin<\/em><\/p>\n\n\n\n<p class=\"has-text-align-center\"><em>Ces formations peuvent se d\u00e9rouler selon votre choix<\/em><\/p>\n\n\n\n<p class=\"has-text-align-center\"><em>Le fondateur\/formateur <strong>STOP<\/strong> est une personne issue des Forces Sp\u00e9ciales. Il a une forte exp\u00e9rience dans le domaine de la suret\u00e9 tactique et op\u00e9rationnelle ainsi que dans le domaine param\u00e9dical comme personnel soignant. Ils associent ses exp\u00e9riences v\u00e9cues (accident\/incident) au travers les Balkans, Afrique, Moyen-Orient et Outre-Mer,\u00a0en milieu hostile et parfois conflictuel.<\/em><\/p>\n\n\n\n<div class=\"wp-block-image\"><figure class=\"aligncenter size-large is-resized\"><img loading=\"lazy\" decoding=\"async\" src=\"https:\/\/www.basezen.fr\/wp-content\/uploads\/2018\/02\/Insigne-STOP-version-5.png\" alt=\"\" class=\"wp-image-78\" width=\"163\" height=\"152\"\/><\/figure><\/div>\n\n\n\n<h2 class=\"wp-block-heading\">     <\/h2>\n\n\n\n<p class=\"has-text-align-center\"><em><strong>Cette formation ne substitue aucunement \u00e0 une formation de secourisme reconnue par l&rsquo;\u00e9tat (PSC1, PSE, SST, AFGSU, &#8230;)<\/strong><\/em><\/p>\n\n\n\n<p class=\"has-text-align-center\"><em><strong>C&rsquo;est une formation adapt\u00e9e et compl\u00e9mentaire<\/strong><\/em><\/p>\n","protected":false},"excerpt":{"rendered":"<p>L&rsquo;association Sauvetage Tactique OP\u00e9rationnel est responsable du fonctionnement, de la bonne application des r\u00e8gles et proc\u00e9dures du concept STOP. SAUVETAGE TACTIQUE OPERATIONNEL Le Sauvetage Tactique Op\u00e9rationnel est un concept cr\u00e9\u00e9 [&hellip;]<\/p>\n","protected":false},"author":1,"featured_media":5809,"parent":171,"menu_order":4,"comment_status":"closed","ping_status":"closed","template":"","meta":{"saved_in_kubio":false,"_monsterinsights_skip_tracking":false,"_monsterinsights_sitenote_active":false,"_monsterinsights_sitenote_note":"","_monsterinsights_sitenote_category":0,"ngg_post_thumbnail":0,"_glsr_average":0,"_glsr_ranking":0,"_glsr_reviews":0,"footnotes":""},"class_list":["post-458","page","type-page","status-publish","has-post-thumbnail","hentry"],"kubio_ai_page_context":{"short_desc":"","purpose":"general"},"_links":{"self":[{"href":"https:\/\/www.basezen.fr\/index.php\/wp-json\/wp\/v2\/pages\/458","targetHints":{"allow":["GET"]}}],"collection":[{"href":"https:\/\/www.basezen.fr\/index.php\/wp-json\/wp\/v2\/pages"}],"about":[{"href":"https:\/\/www.basezen.fr\/index.php\/wp-json\/wp\/v2\/types\/page"}],"author":[{"embeddable":true,"href":"https:\/\/www.basezen.fr\/index.php\/wp-json\/wp\/v2\/users\/1"}],"replies":[{"embeddable":true,"href":"https:\/\/www.basezen.fr\/index.php\/wp-json\/wp\/v2\/comments?post=458"}],"version-history":[{"count":35,"href":"https:\/\/www.basezen.fr\/index.php\/wp-json\/wp\/v2\/pages\/458\/revisions"}],"predecessor-version":[{"id":6206,"href":"https:\/\/www.basezen.fr\/index.php\/wp-json\/wp\/v2\/pages\/458\/revisions\/6206"}],"up":[{"embeddable":true,"href":"https:\/\/www.basezen.fr\/index.php\/wp-json\/wp\/v2\/pages\/171"}],"wp:featuredmedia":[{"embeddable":true,"href":"https:\/\/www.basezen.fr\/index.php\/wp-json\/wp\/v2\/media\/5809"}],"wp:attachment":[{"href":"https:\/\/www.basezen.fr\/index.php\/wp-json\/wp\/v2\/media?parent=458"}],"curies":[{"name":"wp","href":"https:\/\/api.w.org\/{rel}","templated":true}]}}