{"id":4003,"date":"2019-03-08T13:06:47","date_gmt":"2019-03-08T12:06:47","guid":{"rendered":"http:\/\/basezen.fr\/?page_id=4003"},"modified":"2025-06-30T09:29:07","modified_gmt":"2025-06-30T07:29:07","slug":"normalisations","status":"publish","type":"page","link":"https:\/\/www.basezen.fr\/index.php\/appreciations\/normalisations\/","title":{"rendered":"Normalisations"},"content":{"rendered":"<div class=\"wp-block-image\">\n<figure class=\"alignleft size-large is-resized\"><img loading=\"lazy\" decoding=\"async\" width=\"999\" height=\"1024\" src=\"https:\/\/www.basezen.fr\/wp-content\/uploads\/2024\/07\/Logo-Tactical-BaseZen-Consulting-SAS-V1-999x1024.png\" alt=\"\" class=\"wp-image-16356\" style=\"width:114px;height:auto\" srcset=\"https:\/\/www.basezen.fr\/wp-content\/uploads\/2024\/07\/Logo-Tactical-BaseZen-Consulting-SAS-V1-999x1024.png 999w, https:\/\/www.basezen.fr\/wp-content\/uploads\/2024\/07\/Logo-Tactical-BaseZen-Consulting-SAS-V1-293x300.png 293w, https:\/\/www.basezen.fr\/wp-content\/uploads\/2024\/07\/Logo-Tactical-BaseZen-Consulting-SAS-V1-768x788.png 768w, https:\/\/www.basezen.fr\/wp-content\/uploads\/2024\/07\/Logo-Tactical-BaseZen-Consulting-SAS-V1-585x600.png 585w, https:\/\/www.basezen.fr\/wp-content\/uploads\/2024\/07\/Logo-Tactical-BaseZen-Consulting-SAS-V1-156x160.png 156w, https:\/\/www.basezen.fr\/wp-content\/uploads\/2024\/07\/Logo-Tactical-BaseZen-Consulting-SAS-V1.png 1180w\" sizes=\"(max-width: 999px) 100vw, 999px\" \/><\/figure>\n<\/div>\n\n\n<p class=\"has-text-align-center\"><strong><em>Tactical BaseZen Consulting adh\u00e8re aux normes de qualit\u00e9 et d\u00e9ontologique de ses prestations en :<\/em><\/strong><\/p>\n\n\n\n<p class=\"has-text-align-center\"><\/p>\n\n\n\n<p><\/p>\n\n\n\n<p class=\"has-text-align-center\"><strong><em>Formation &#8211; Conseil &#8211; Accompagnement<\/em><\/strong><\/p>\n\n\n\n<p class=\"has-huge-font-size\"><\/p>\n\n\n\n<h2 class=\"wp-block-heading\">Certifications de la Qualit\u00e9<\/h2>\n\n\n\n<h2 class=\"wp-block-heading\">      <\/h2>\n\n\n\n<p class=\"has-text-align-center\"><strong>R\u00e9f\u00e9renc\u00e9 Qualiopi<\/strong><\/p>\n\n\n<div class=\"wp-block-image\">\n<figure class=\"aligncenter size-full is-resized\"><a href=\"https:\/\/www.basezen.fr\/wp-content\/uploads\/2024\/07\/Certificat-QUALIOPI-TACTICAL-BASEZEN-CONSULTING65.pdf\" target=\"_blank\" rel=\"noreferrer noopener\"><img loading=\"lazy\" decoding=\"async\" width=\"1024\" height=\"619\" src=\"https:\/\/www.basezen.fr\/wp-content\/uploads\/2024\/07\/AF-1024x619-1.png\" alt=\"\" class=\"wp-image-16556\" style=\"width:298px;height:auto\" srcset=\"https:\/\/www.basezen.fr\/wp-content\/uploads\/2024\/07\/AF-1024x619-1.png 1024w, https:\/\/www.basezen.fr\/wp-content\/uploads\/2024\/07\/AF-1024x619-1-300x181.png 300w, https:\/\/www.basezen.fr\/wp-content\/uploads\/2024\/07\/AF-1024x619-1-768x464.png 768w, https:\/\/www.basezen.fr\/wp-content\/uploads\/2024\/07\/AF-1024x619-1-600x363.png 600w, https:\/\/www.basezen.fr\/wp-content\/uploads\/2024\/07\/AF-1024x619-1-265x160.png 265w\" sizes=\"(max-width: 1024px) 100vw, 1024px\" \/><\/a><\/figure>\n<\/div>\n\n\n<p class=\"has-text-align-center\"><em>Loi n\u00b0\u00a0<strong><a href=\"https:\/\/www.basezen.fr\/wp-content\/uploads\/2020\/02\/joe_20180906_0205_0001-1.pdf\" target=\"_blank\" rel=\"noreferrer noopener\">2018-771 du 5 septembre 2018<\/a><\/strong> pour la libert\u00e9 de choisir son avenir professionnel. L&rsquo;organisme de formation r\u00e9pond aux exigence<\/em>s des crit\u00e8res de qualit\u00e9 <strong><a href=\"https:\/\/travail-emploi.gouv.fr\/formation-professionnelle\/acteurs-cadre-et-qualite-de-la-formation-professionnelle\/article\/qualiopi-marque-de-certification-qualite-des-prestataires-de-formation\" target=\"_blank\" rel=\"noreferrer noopener\">Qualiopi<\/a><\/strong>.<\/p>\n\n\n\n<h2 class=\"wp-block-heading\">  <\/h2>\n\n\n\n<p>   <\/p>\n\n\n\n<h4 class=\"wp-block-heading has-text-align-center\">Institut r\u00e9f\u00e9renc\u00e9 Qualit\u00e9 par P\u00f4le emploi<\/h4>\n\n\n<div class=\"wp-block-image\">\n<figure class=\"aligncenter size-large\"><a href=\"http:\/\/www.pole-emploi.org\/accueil\/acteurs-de-lemploi\/organismes-de-formation\/facilitez-vous-la-vie-avec-kairo.html?type=article\" target=\"_blank\" rel=\"noreferrer noopener\"><img loading=\"lazy\" decoding=\"async\" width=\"246\" height=\"205\" src=\"https:\/\/www.basezen.fr\/wp-content\/uploads\/2020\/02\/PE-KAIROS.jpg\" alt=\"\" class=\"wp-image-5558\" srcset=\"https:\/\/www.basezen.fr\/wp-content\/uploads\/2020\/02\/PE-KAIROS.jpg 246w, https:\/\/www.basezen.fr\/wp-content\/uploads\/2020\/02\/PE-KAIROS-192x160.jpg 192w\" sizes=\"(max-width: 246px) 100vw, 246px\" \/><\/a><\/figure>\n<\/div>\n\n\n<p class=\"has-text-align-center\"><em>L&rsquo;organisme de formation est r\u00e9f\u00e9renc\u00e9 dans le catalogue Qualit\u00e9 Formation\u00a0de\u00a0P\u00f4le emploi.  P\u00f4le emploi vous garantit ainsi la\u00a0<strong>qualit\u00e9 du contenu et du d\u00e9roulement de cette formation<\/strong><\/em><\/p>\n\n\n\n<p class=\"has-text-align-center has-huge-font-size\">  <\/p>\n\n\n\n<h2 class=\"wp-block-heading\">Engagement professionnel<\/h2>\n\n\n\n<h4 class=\"wp-block-heading has-text-align-center\">Chambre Syndicale de la Sophrologie<\/h4>\n\n\n<div class=\"wp-block-image\">\n<figure class=\"aligncenter size-large is-resized\"><a href=\"https:\/\/www.chambre-syndicale-sophrologie.fr\" target=\"_blank\" rel=\"noreferrer noopener\"><img loading=\"lazy\" decoding=\"async\" width=\"258\" height=\"265\" src=\"https:\/\/www.basezen.fr\/wp-content\/uploads\/2018\/02\/logo-CSS.jpg\" alt=\"\" class=\"wp-image-335\" style=\"width:184px;height:auto\"\/><\/a><\/figure>\n<\/div>\n\n\n<p class=\"has-text-align-center\"><em>Premi\u00e8re organisation professionnelle de France des Sophrologues. La soci\u00e9t\u00e9 est\u00a0<strong>membre de la Chambre<\/strong> depuis 2017.<\/em><\/p>\n\n\n\n<p><\/p>\n","protected":false},"excerpt":{"rendered":"<p>Tactical BaseZen Consulting adh\u00e8re aux normes de qualit\u00e9 et d\u00e9ontologique de ses prestations en : Formation &#8211; Conseil &#8211; Accompagnement Certifications de la Qualit\u00e9 R\u00e9f\u00e9renc\u00e9 Qualiopi Loi n\u00b0\u00a02018-771 du 5 [&hellip;]<\/p>\n","protected":false},"author":1,"featured_media":17405,"parent":600,"menu_order":2,"comment_status":"closed","ping_status":"closed","template":"","meta":{"saved_in_kubio":true,"_monsterinsights_skip_tracking":false,"_monsterinsights_sitenote_active":false,"_monsterinsights_sitenote_note":"","_monsterinsights_sitenote_category":0,"ngg_post_thumbnail":0,"_glsr_average":0,"_glsr_ranking":0,"_glsr_reviews":0,"footnotes":""},"class_list":["post-4003","page","type-page","status-publish","has-post-thumbnail","hentry"],"kubio_ai_page_context":{"short_desc":"","purpose":"general"},"_links":{"self":[{"href":"https:\/\/www.basezen.fr\/index.php\/wp-json\/wp\/v2\/pages\/4003","targetHints":{"allow":["GET"]}}],"collection":[{"href":"https:\/\/www.basezen.fr\/index.php\/wp-json\/wp\/v2\/pages"}],"about":[{"href":"https:\/\/www.basezen.fr\/index.php\/wp-json\/wp\/v2\/types\/page"}],"author":[{"embeddable":true,"href":"https:\/\/www.basezen.fr\/index.php\/wp-json\/wp\/v2\/users\/1"}],"replies":[{"embeddable":true,"href":"https:\/\/www.basezen.fr\/index.php\/wp-json\/wp\/v2\/comments?post=4003"}],"version-history":[{"count":40,"href":"https:\/\/www.basezen.fr\/index.php\/wp-json\/wp\/v2\/pages\/4003\/revisions"}],"predecessor-version":[{"id":16686,"href":"https:\/\/www.basezen.fr\/index.php\/wp-json\/wp\/v2\/pages\/4003\/revisions\/16686"}],"up":[{"embeddable":true,"href":"https:\/\/www.basezen.fr\/index.php\/wp-json\/wp\/v2\/pages\/600"}],"wp:featuredmedia":[{"embeddable":true,"href":"https:\/\/www.basezen.fr\/index.php\/wp-json\/wp\/v2\/media\/17405"}],"wp:attachment":[{"href":"https:\/\/www.basezen.fr\/index.php\/wp-json\/wp\/v2\/media?parent=4003"}],"curies":[{"name":"wp","href":"https:\/\/api.w.org\/{rel}","templated":true}]}}