{"id":221,"date":"2018-02-22T18:07:22","date_gmt":"2018-02-22T17:07:22","guid":{"rendered":"http:\/\/basezen.fr\/?page_id=221"},"modified":"2020-03-01T19:19:37","modified_gmt":"2020-03-01T18:19:37","slug":"santepsychocorporelle","status":"publish","type":"page","link":"https:\/\/www.basezen.fr\/index.php\/formation\/santepsychocorporelle\/","title":{"rendered":"Sant\u00e9 &#038; Psychocorporelle"},"content":{"rendered":"\n<blockquote class=\"wp-block-quote has-text-align-center is-layout-flow wp-block-quote-is-layout-flow\"><p><em>\u00ab\u00a0Le corps enregistre le v\u00e9cu personnel et l&rsquo;h\u00e9ritage familial. Il en garde une m\u00e9moire vivante\u00a0\u00bb<\/em><\/p><p><em>&nbsp; &nbsp;<\/em><\/p><\/blockquote>\n\n\n<p style=\"text-align: center;\">La th\u00e9rapie psychocorporelle repose sur un principe fondateur, le bodymind ou le corps conscience.<\/p>\n<p>On parle d&rsquo;approche(s) psychocorporelle(s) pour d\u00e9signer les m\u00e9thodes qui appr\u00e9hendent l&rsquo;\u00eatre humain \u00e0 la fois dans sa dimension &nbsp;psychologique et corporelle (c&rsquo;est dire, relatif au corps humain).<\/p>\n<p>La posture et le caract\u00e8re d&rsquo;une personne sont influenc\u00e9s par les traumatismes du pass\u00e9 et les peurs de l&rsquo;avenir. Dans cette perceptive de synergie entre le corps et le psychisme, tout est interalli\u00e9 et porteur de sens.<\/p>\n<p>Quelle que soit la technique employ\u00e9e, les th\u00e9rapies psychocorporelles agissent sur 3 dimensions: Le sens, les sensations corporelles et les \u00e9motions.<\/p>\n<p>Une m\u00e9thode efficace pour la qualit\u00e9 de vie au travail, formidable levier de performance et ingr\u00e9dient majeur dans la pr\u00e9vention des risques psycho-sociaux.<\/p>\n<p>&nbsp;<\/p>\n<p>&nbsp;<\/p>\n\n\n<div class=\"wp-block-image\"><figure class=\"aligncenter size-large is-resized\"><img loading=\"lazy\" decoding=\"async\" src=\"https:\/\/www.basezen.fr\/wp-content\/uploads\/2020\/02\/Attitude-BaseZen-InstantZen-court-768x305-1.jpg\" alt=\"\" class=\"wp-image-5623\" width=\"483\" height=\"191\" srcset=\"https:\/\/www.basezen.fr\/wp-content\/uploads\/2020\/02\/Attitude-BaseZen-InstantZen-court-768x305-1.jpg 768w, https:\/\/www.basezen.fr\/wp-content\/uploads\/2020\/02\/Attitude-BaseZen-InstantZen-court-768x305-1-300x119.jpg 300w, https:\/\/www.basezen.fr\/wp-content\/uploads\/2020\/02\/Attitude-BaseZen-InstantZen-court-768x305-1-600x238.jpg 600w, https:\/\/www.basezen.fr\/wp-content\/uploads\/2020\/02\/Attitude-BaseZen-InstantZen-court-768x305-1-280x111.jpg 280w\" sizes=\"(max-width: 483px) 100vw, 483px\" \/><\/figure><\/div>\n\n\n\n<h2 class=\"has-text-align-center wp-block-heading\"><strong>ATTITUDE BASEZEN INSTITUT<\/strong><\/h2>\n\n\n\n<div class=\"wp-block-image\"><figure class=\"aligncenter is-resized\"><img loading=\"lazy\" decoding=\"async\" src=\"http:\/\/basezen.fr\/wp-content\/uploads\/2018\/02\/Logo-Attitude-BaseZen-300x190.png\" alt=\"\" class=\"wp-image-251\" width=\"164\" height=\"104\" srcset=\"https:\/\/www.basezen.fr\/wp-content\/uploads\/2018\/02\/Logo-Attitude-BaseZen-300x190.png 300w, https:\/\/www.basezen.fr\/wp-content\/uploads\/2018\/02\/Logo-Attitude-BaseZen-416x263.png 416w, https:\/\/www.basezen.fr\/wp-content\/uploads\/2018\/02\/Logo-Attitude-BaseZen.png 672w\" sizes=\"(max-width: 164px) 100vw, 164px\" \/><\/figure><\/div>\n\n\n\n<p class=\"has-text-align-center\"><strong>Attitude BaseZen Institut<\/strong> vous propose des formations adapt\u00e9s en fonction du besoin, du contexte personnel ou professionnel.<\/p>\n\n\n\n<p>Ces formations peuvent se d\u00e9rouler selon votre choix.<\/p>\n\n\n\n<p>&nbsp;<\/p>\n\n\n\n<p class=\"has-text-align-center\">Les formations des <em>Gestes et Postures<\/em> sont anim\u00e9es par une personne Dipl\u00f4m\u00e9 d&rsquo;Etat domaine Param\u00e9dicale (IV partie du code de la sant\u00e9 publique)<em>.<\/em><\/p>\n\n\n\n<p class=\"has-text-align-center\">Il est \u00e9galement <em>Soigneur sportif<\/em>,&nbsp;Dipl\u00f4m\u00e9 \u00e0 l&rsquo;Universit\u00e9 de Bordeaux.<\/p>\n\n\n\n<div class=\"wp-block-image\"><figure class=\"aligncenter is-resized\"><img loading=\"lazy\" decoding=\"async\" src=\"http:\/\/basezen.fr\/wp-content\/uploads\/2018\/03\/Logo-Formateur-Secourisme-291x300.png\" alt=\"\" class=\"wp-image-586\" width=\"146\" height=\"150\" srcset=\"https:\/\/www.basezen.fr\/wp-content\/uploads\/2018\/03\/Logo-Formateur-Secourisme-291x300.png 291w, https:\/\/www.basezen.fr\/wp-content\/uploads\/2018\/03\/Logo-Formateur-Secourisme-416x429.png 416w, https:\/\/www.basezen.fr\/wp-content\/uploads\/2018\/03\/Logo-Formateur-Secourisme.png 500w\" sizes=\"(max-width: 146px) 100vw, 146px\" \/><\/figure><\/div>\n\n\n\n<p>&nbsp;<\/p>\n\n\n\n<p class=\"has-text-align-center\"><\/p>\n\n\n\n<div class=\"wp-block-image\"><figure class=\"aligncenter is-resized\"><img loading=\"lazy\" decoding=\"async\" src=\"http:\/\/basezen.fr\/wp-content\/uploads\/2018\/02\/Logo-Attitude-BaseZen-Sophrologie-243x300.png\" alt=\"\" class=\"wp-image-83\" width=\"219\" height=\"271\" srcset=\"https:\/\/www.basezen.fr\/wp-content\/uploads\/2018\/02\/Logo-Attitude-BaseZen-Sophrologie-243x300.png 243w, https:\/\/www.basezen.fr\/wp-content\/uploads\/2018\/02\/Logo-Attitude-BaseZen-Sophrologie-416x513.png 416w, https:\/\/www.basezen.fr\/wp-content\/uploads\/2018\/02\/Logo-Attitude-BaseZen-Sophrologie-768x947.png 768w, https:\/\/www.basezen.fr\/wp-content\/uploads\/2018\/02\/Logo-Attitude-BaseZen-Sophrologie-830x1024.png 830w, https:\/\/www.basezen.fr\/wp-content\/uploads\/2018\/02\/Logo-Attitude-BaseZen-Sophrologie.png 909w\" sizes=\"(max-width: 219px) 100vw, 219px\" \/><\/figure><\/div>\n","protected":false},"excerpt":{"rendered":"<p>\u00ab\u00a0Le corps enregistre le v\u00e9cu personnel et l&rsquo;h\u00e9ritage familial. Il en garde une m\u00e9moire vivante\u00a0\u00bb &nbsp; &nbsp; La th\u00e9rapie psychocorporelle repose sur un principe fondateur, le bodymind ou le corps [&hellip;]<\/p>\n","protected":false},"author":1,"featured_media":2071,"parent":55,"menu_order":3,"comment_status":"closed","ping_status":"closed","template":"","meta":{"saved_in_kubio":false,"_monsterinsights_skip_tracking":false,"_monsterinsights_sitenote_active":false,"_monsterinsights_sitenote_note":"","_monsterinsights_sitenote_category":0,"ngg_post_thumbnail":0,"_glsr_average":0,"_glsr_ranking":0,"_glsr_reviews":0,"footnotes":""},"class_list":["post-221","page","type-page","status-publish","has-post-thumbnail","hentry"],"kubio_ai_page_context":{"short_desc":"","purpose":"general"},"_links":{"self":[{"href":"https:\/\/www.basezen.fr\/index.php\/wp-json\/wp\/v2\/pages\/221","targetHints":{"allow":["GET"]}}],"collection":[{"href":"https:\/\/www.basezen.fr\/index.php\/wp-json\/wp\/v2\/pages"}],"about":[{"href":"https:\/\/www.basezen.fr\/index.php\/wp-json\/wp\/v2\/types\/page"}],"author":[{"embeddable":true,"href":"https:\/\/www.basezen.fr\/index.php\/wp-json\/wp\/v2\/users\/1"}],"replies":[{"embeddable":true,"href":"https:\/\/www.basezen.fr\/index.php\/wp-json\/wp\/v2\/comments?post=221"}],"version-history":[{"count":22,"href":"https:\/\/www.basezen.fr\/index.php\/wp-json\/wp\/v2\/pages\/221\/revisions"}],"predecessor-version":[{"id":5882,"href":"https:\/\/www.basezen.fr\/index.php\/wp-json\/wp\/v2\/pages\/221\/revisions\/5882"}],"up":[{"embeddable":true,"href":"https:\/\/www.basezen.fr\/index.php\/wp-json\/wp\/v2\/pages\/55"}],"wp:featuredmedia":[{"embeddable":true,"href":"https:\/\/www.basezen.fr\/index.php\/wp-json\/wp\/v2\/media\/2071"}],"wp:attachment":[{"href":"https:\/\/www.basezen.fr\/index.php\/wp-json\/wp\/v2\/media?parent=221"}],"curies":[{"name":"wp","href":"https:\/\/api.w.org\/{rel}","templated":true}]}}