{"id":2192,"date":"2018-08-04T19:37:45","date_gmt":"2018-08-04T17:37:45","guid":{"rendered":"http:\/\/basezen.fr\/?page_id=2192"},"modified":"2022-11-19T11:07:33","modified_gmt":"2022-11-19T10:07:33","slug":"securite-au-travail","status":"publish","type":"page","link":"https:\/\/www.basezen.fr\/index.php\/formation\/securite-au-travail\/","title":{"rendered":"S\u00e9curit\u00e9 au Travail"},"content":{"rendered":"\n<blockquote class=\"wp-block-quote has-text-align-center is-layout-flow wp-block-quote-is-layout-flow\">\n<p><em>\u00ab\u00a0L&#8217;employeur prend des mesures n\u00e9cessaires pour assurer la s\u00e9curit\u00e9 et prot\u00e9ger la sant\u00e9 physique et mentale des travailleurs\u00a0\u00bb<\/em><\/p>\n<cite><em><strong>(Article L.4121-1 du Code du Travail)<\/strong><\/em><\/cite><\/blockquote>\n\n\n<p>&nbsp;<\/p>\n<p style=\"text-align: center;\">Ces mesures comprennent:<\/p>\n<ul>\n<li>Des actions de pr\u00e9vention des risques professionnels<\/li>\n<li>Des actions d&rsquo;information et de formation<\/li>\n<li>La mise en place d&rsquo;une organisation et de moyens adapt\u00e9s.<\/li>\n<\/ul>\n<p style=\"text-align: center;\">L&#8217;employeur veille \u00e0 l&rsquo;adaptation de ces mesures pour tenir compte du changement des circonstances et tendre \u00e0 l&rsquo;am\u00e9lioration des situations existantes.\u00a0\u00bb<\/p>\n<p style=\"text-align: center;\">Pour tenir sa politique g\u00e9n\u00e9rale de pr\u00e9vention, l&#8217;employeur s&rsquo;appuis sur la liste des principes g\u00e9n\u00e9raux de pr\u00e9vention (Article L.4121-2 du Code du Travail):<\/p>\n<ul>\n<li style=\"text-align: left;\">1 &#8211; Eviter les risques<\/li>\n<li>2- Evaluer les risques qui ne peuvent \u00eatre \u00e9vit\u00e9s<\/li>\n<li>3- Combattre les risques \u00e0 la source<\/li>\n<li>4- Adapter le travail \u00e0 l&rsquo;homme<\/li>\n<li>5- Tenir compte de l&rsquo;\u00e9volution de la technique<\/li>\n<li>6- Remplacer ce qui est dangereux par ce qui ne l&rsquo;est pas ou ce qui l&rsquo;est moins<\/li>\n<li>7- Planifier la pr\u00e9vention<\/li>\n<li>8- Prendre des mesures collectives (priorit\u00e9) ou individuelle<\/li>\n<li>9- Donner les instructions appropri\u00e9es aux travailleurs<\/li>\n<\/ul>\n<p style=\"text-align: center;\">Extrait du Code du Travail<\/p>\n<p>&nbsp;<\/p>\n<p>&nbsp;<\/p>\n\n\n<figure class=\"wp-block-image size-large\"><img loading=\"lazy\" decoding=\"async\" width=\"1024\" height=\"202\" src=\"https:\/\/www.basezen.fr\/wp-content\/uploads\/2022\/11\/307697596_530488482214421_5248886354445570984_n-1024x202.jpg\" alt=\"\" class=\"wp-image-6762\" srcset=\"https:\/\/www.basezen.fr\/wp-content\/uploads\/2022\/11\/307697596_530488482214421_5248886354445570984_n-1024x202.jpg 1024w, https:\/\/www.basezen.fr\/wp-content\/uploads\/2022\/11\/307697596_530488482214421_5248886354445570984_n-300x59.jpg 300w, https:\/\/www.basezen.fr\/wp-content\/uploads\/2022\/11\/307697596_530488482214421_5248886354445570984_n-768x152.jpg 768w, https:\/\/www.basezen.fr\/wp-content\/uploads\/2022\/11\/307697596_530488482214421_5248886354445570984_n-1536x303.jpg 1536w, https:\/\/www.basezen.fr\/wp-content\/uploads\/2022\/11\/307697596_530488482214421_5248886354445570984_n-2048x404.jpg 2048w, https:\/\/www.basezen.fr\/wp-content\/uploads\/2022\/11\/307697596_530488482214421_5248886354445570984_n-600x118.jpg 600w, https:\/\/www.basezen.fr\/wp-content\/uploads\/2022\/11\/307697596_530488482214421_5248886354445570984_n-280x55.jpg 280w\" sizes=\"(max-width: 1024px) 100vw, 1024px\" \/><\/figure>\n\n\n\n<h2 class=\"has-text-align-center wp-block-heading\"><strong>BASEZEN ATTITUDE<\/strong><\/h2>\n\n\n<div class=\"wp-block-image\">\n<figure class=\"aligncenter size-large is-resized\"><img decoding=\"async\" src=\"https:\/\/www.basezen.fr\/wp-content\/uploads\/2022\/08\/Logo-nouvelle-Attitude-baseZen-V2-1-999x1024.png\" alt=\"\" class=\"wp-image-6678\" width=\"-284\" height=\"-291\" srcset=\"https:\/\/www.basezen.fr\/wp-content\/uploads\/2022\/08\/Logo-nouvelle-Attitude-baseZen-V2-1-999x1024.png 999w, https:\/\/www.basezen.fr\/wp-content\/uploads\/2022\/08\/Logo-nouvelle-Attitude-baseZen-V2-1-293x300.png 293w, https:\/\/www.basezen.fr\/wp-content\/uploads\/2022\/08\/Logo-nouvelle-Attitude-baseZen-V2-1-768x788.png 768w, https:\/\/www.basezen.fr\/wp-content\/uploads\/2022\/08\/Logo-nouvelle-Attitude-baseZen-V2-1-585x600.png 585w, https:\/\/www.basezen.fr\/wp-content\/uploads\/2022\/08\/Logo-nouvelle-Attitude-baseZen-V2-1-156x160.png 156w, https:\/\/www.basezen.fr\/wp-content\/uploads\/2022\/08\/Logo-nouvelle-Attitude-baseZen-V2-1.png 1180w\" sizes=\"(max-width: 999px) 100vw, 999px\" \/><\/figure>\n<\/div>\n\n\n<p class=\"has-text-align-center\"><strong>BaseZen Attitude<\/strong> vous propose des formations r\u00e9glementaires et adapt\u00e9es pour tous les personnels, en fonction des risques sp\u00e9cifiques de votre entreprise.<\/p>\n\n\n\n<p>&nbsp;<\/p>\n\n\n\n<p>Ces formations peuvent se d\u00e9rouler selon votre choix, en salle de cours ou en entreprise.<\/p>\n\n\n\n<p>&nbsp;&nbsp;<\/p>\n\n\n\n<p><br><\/p>\n\n\n\n<p>Les formations \u00ab\u00a0Sauvetage-Secouriste du Travail\u00a0\u00bb sont anim\u00e9es par un <em>Formateur de formateurs Sauvetage-Secouriste du Travail<\/em> de l&rsquo;INRS<\/p>\n\n\n<div class=\"wp-block-image\">\n<figure class=\"aligncenter is-resized\"><img loading=\"lazy\" decoding=\"async\" src=\"http:\/\/basezen.fr\/wp-content\/uploads\/2018\/03\/Logo-Formation-Secourisme.png\" alt=\"\" class=\"wp-image-566\" width=\"140\" height=\"140\" srcset=\"https:\/\/www.basezen.fr\/wp-content\/uploads\/2018\/03\/Logo-Formation-Secourisme-324x324.png 324w, https:\/\/www.basezen.fr\/wp-content\/uploads\/2018\/03\/Logo-Formation-Secourisme-100x100.png 100w, https:\/\/www.basezen.fr\/wp-content\/uploads\/2018\/03\/Logo-Formation-Secourisme-150x150.png 150w\" sizes=\"(max-width: 140px) 100vw, 140px\" \/><\/figure>\n<\/div>\n\n\n<p class=\"has-text-align-center\">&nbsp;<\/p>\n\n\n\n<p>Les formations \u00ab&nbsp;Gestes et Postures&nbsp;\u00bb sont anim\u00e9es par un formateur avec une expertise dans le domaine <em>Param\u00e9dicale, <\/em>Dipl\u00f4me d&rsquo;Etat, et S<em>oigneur sportif<\/em>, Dipl\u00f4me Inter-Universitaire.<\/p>\n\n\n<div class=\"wp-block-image\">\n<figure class=\"aligncenter is-resized\"><img loading=\"lazy\" decoding=\"async\" src=\"http:\/\/basezen.fr\/wp-content\/uploads\/2018\/03\/Logo-Formateur-Secourisme.png\" alt=\"\" class=\"wp-image-586\" width=\"140\" height=\"145\" srcset=\"https:\/\/www.basezen.fr\/wp-content\/uploads\/2018\/03\/Logo-Formateur-Secourisme.png 500w, https:\/\/www.basezen.fr\/wp-content\/uploads\/2018\/03\/Logo-Formateur-Secourisme-416x429.png 416w, https:\/\/www.basezen.fr\/wp-content\/uploads\/2018\/03\/Logo-Formateur-Secourisme-291x300.png 291w\" sizes=\"(max-width: 140px) 100vw, 140px\" \/><\/figure>\n<\/div>","protected":false},"excerpt":{"rendered":"<p>\u00ab\u00a0L&#8217;employeur prend des mesures n\u00e9cessaires pour assurer la s\u00e9curit\u00e9 et prot\u00e9ger la sant\u00e9 physique et mentale des travailleurs\u00a0\u00bb (Article L.4121-1 du Code du Travail) &nbsp; Ces mesures comprennent: Des actions [&hellip;]<\/p>\n","protected":false},"author":1,"featured_media":2086,"parent":55,"menu_order":1,"comment_status":"closed","ping_status":"closed","template":"","meta":{"saved_in_kubio":false,"_monsterinsights_skip_tracking":false,"_monsterinsights_sitenote_active":false,"_monsterinsights_sitenote_note":"","_monsterinsights_sitenote_category":0,"ngg_post_thumbnail":0,"_glsr_average":0,"_glsr_ranking":0,"_glsr_reviews":0,"footnotes":""},"class_list":["post-2192","page","type-page","status-publish","has-post-thumbnail","hentry"],"kubio_ai_page_context":{"short_desc":"","purpose":"general"},"_links":{"self":[{"href":"https:\/\/www.basezen.fr\/index.php\/wp-json\/wp\/v2\/pages\/2192","targetHints":{"allow":["GET"]}}],"collection":[{"href":"https:\/\/www.basezen.fr\/index.php\/wp-json\/wp\/v2\/pages"}],"about":[{"href":"https:\/\/www.basezen.fr\/index.php\/wp-json\/wp\/v2\/types\/page"}],"author":[{"embeddable":true,"href":"https:\/\/www.basezen.fr\/index.php\/wp-json\/wp\/v2\/users\/1"}],"replies":[{"embeddable":true,"href":"https:\/\/www.basezen.fr\/index.php\/wp-json\/wp\/v2\/comments?post=2192"}],"version-history":[{"count":16,"href":"https:\/\/www.basezen.fr\/index.php\/wp-json\/wp\/v2\/pages\/2192\/revisions"}],"predecessor-version":[{"id":6783,"href":"https:\/\/www.basezen.fr\/index.php\/wp-json\/wp\/v2\/pages\/2192\/revisions\/6783"}],"up":[{"embeddable":true,"href":"https:\/\/www.basezen.fr\/index.php\/wp-json\/wp\/v2\/pages\/55"}],"wp:featuredmedia":[{"embeddable":true,"href":"https:\/\/www.basezen.fr\/index.php\/wp-json\/wp\/v2\/media\/2086"}],"wp:attachment":[{"href":"https:\/\/www.basezen.fr\/index.php\/wp-json\/wp\/v2\/media?parent=2192"}],"curies":[{"name":"wp","href":"https:\/\/api.w.org\/{rel}","templated":true}]}}