{"id":17618,"date":"2024-07-25T09:35:38","date_gmt":"2024-07-25T07:35:38","guid":{"rendered":"https:\/\/www.basezen.fr\/?page_id=17618"},"modified":"2024-08-08T13:02:55","modified_gmt":"2024-08-08T11:02:55","slug":"saf-2024","status":"publish","type":"page","link":"https:\/\/www.basezen.fr\/index.php\/appreciations\/satisfactions\/saf-2024\/","title":{"rendered":"SAF 2024"},"content":{"rendered":"\n<p><\/p>\n\n\n<div class=\"wp-block-image\">\n<figure class=\"aligncenter size-full is-resized\"><img loading=\"lazy\" decoding=\"async\" width=\"835\" height=\"959\" src=\"https:\/\/www.basezen.fr\/wp-content\/uploads\/2024\/07\/Logo-TBC-2024.png\" alt=\"\" class=\"wp-image-17609\" style=\"width:261px;height:undefinedpx\" srcset=\"https:\/\/www.basezen.fr\/wp-content\/uploads\/2024\/07\/Logo-TBC-2024.png 835w, https:\/\/www.basezen.fr\/wp-content\/uploads\/2024\/07\/Logo-TBC-2024-261x300.png 261w, https:\/\/www.basezen.fr\/wp-content\/uploads\/2024\/07\/Logo-TBC-2024-768x882.png 768w, https:\/\/www.basezen.fr\/wp-content\/uploads\/2024\/07\/Logo-TBC-2024-522x600.png 522w, https:\/\/www.basezen.fr\/wp-content\/uploads\/2024\/07\/Logo-TBC-2024-139x160.png 139w\" sizes=\"(max-width: 835px) 100vw, 835px\" \/><\/figure>\n<\/div>\n\n\n<h2 class=\"wp-block-heading\"><\/h2>\n\n\n\n<p class=\"has-text-align-center has-luminous-vivid-orange-color has-text-color has-link-color wp-elements-020afb4881bd356afcd5b9a5663c2518\"><strong>Formation \u00ab\u00a0Gestes &amp; Postures\u00bb &#8211; D\u00e9velopper les bonnes pratiques au travail adapt\u00e9es \u00e0 l&rsquo;Aide \u00e0 domicile, le 03\/08\/2024 et du 21  \u00e0 Anglet (64)<\/strong><\/p>\n\n\n\n<ul class=\"wp-block-list\">\n<li><strong>100%<\/strong> des apprenants ont \u00e9t\u00e9 valid\u00e9s<\/li>\n<\/ul>\n\n\n<div class=\"wp-block-image\">\n<figure class=\"aligncenter size-full\"><a href=\"https:\/\/www.basezen.fr\/wp-content\/uploads\/2024\/08\/rapport_qualite_formation-gestes-et-postures-developper-les-bonnes-pratiques-au-travail_le_lien_permanent-1-1.png\" target=\"_blank\" rel=\"noreferrer noopener\"><img loading=\"lazy\" decoding=\"async\" width=\"1223\" height=\"10077\" src=\"https:\/\/www.basezen.fr\/wp-content\/uploads\/2024\/08\/rapport_qualite_formation-gestes-et-postures-developper-les-bonnes-pratiques-au-travail_le_lien_permanent-1-1.png\" alt=\"\" class=\"wp-image-23771\" srcset=\"https:\/\/www.basezen.fr\/wp-content\/uploads\/2024\/08\/rapport_qualite_formation-gestes-et-postures-developper-les-bonnes-pratiques-au-travail_le_lien_permanent-1-1.png 1223w, https:\/\/www.basezen.fr\/wp-content\/uploads\/2024\/08\/rapport_qualite_formation-gestes-et-postures-developper-les-bonnes-pratiques-au-travail_le_lien_permanent-1-1-768x6328.png 768w, https:\/\/www.basezen.fr\/wp-content\/uploads\/2024\/08\/rapport_qualite_formation-gestes-et-postures-developper-les-bonnes-pratiques-au-travail_le_lien_permanent-1-1-73x600.png 73w\" sizes=\"(max-width: 1223px) 100vw, 1223px\" \/><\/a><\/figure>\n<\/div>\n\n\n<h2 class=\"wp-block-heading\"><\/h2>\n\n\n\n<p class=\"has-text-align-center has-luminous-vivid-orange-color has-text-color has-link-color wp-elements-b0a798f0075259043b3d9060f3bd1ecc\"><strong>Formation initiale de \u00ab&nbsp;Formateur Sauvetage-Secouriste du Travail&nbsp;\u00bb, Du 18 au 25\/04\/2024 et du 21 au 24\/05\/2024 \u00e0 \u00e0 Saint Geours de Maremne (40)<\/strong><\/p>\n\n\n\n<ul class=\"wp-block-list\">\n<li><strong>100%<\/strong> des formateurs Sauveteur-Secouriste du Travail ont \u00e9t\u00e9 valid\u00e9s<\/li>\n<\/ul>\n\n\n<div class=\"wp-block-image\">\n<figure class=\"aligncenter size-full\"><a href=\"https:\/\/www.basezen.fr\/wp-content\/uploads\/2024\/07\/Rapport-FI-FO-SST-2024-04-18-05-24.png\" target=\"_blank\" rel=\"noreferrer noopener\"><img loading=\"lazy\" decoding=\"async\" width=\"2550\" height=\"11816\" src=\"https:\/\/www.basezen.fr\/wp-content\/uploads\/2024\/07\/Rapport-FI-FO-SST-2024-04-18-05-24.png\" alt=\"\" class=\"wp-image-17708\" srcset=\"https:\/\/www.basezen.fr\/wp-content\/uploads\/2024\/07\/Rapport-FI-FO-SST-2024-04-18-05-24.png 2550w, https:\/\/www.basezen.fr\/wp-content\/uploads\/2024\/07\/Rapport-FI-FO-SST-2024-04-18-05-24-65x300.png 65w, https:\/\/www.basezen.fr\/wp-content\/uploads\/2024\/07\/Rapport-FI-FO-SST-2024-04-18-05-24-221x1024.png 221w, https:\/\/www.basezen.fr\/wp-content\/uploads\/2024\/07\/Rapport-FI-FO-SST-2024-04-18-05-24-442x2048.png 442w\" sizes=\"(max-width: 2550px) 100vw, 2550px\" \/><\/a><\/figure>\n<\/div>\n\n\n<h2 class=\"wp-block-heading\"><\/h2>\n\n\n\n<p class=\"has-text-align-center has-luminous-vivid-orange-color has-text-color has-link-color wp-elements-6908a79497445d71b9e48afda4bb0e48\"><strong>Maintien-Actualisation des Comp\u00e9tences de \u00ab&nbsp;Formateur Sauvetage-Secouriste du Travail \u00bb du 29 au 31\/01\/2024 \u00e0 Saint Geours de Maremne (40)<\/strong><\/p>\n\n\n\n<ul class=\"wp-block-list\">\n<li><strong>100%<\/strong> des formateurs Sauveteur-Secouriste du Travail ont \u00e9t\u00e9 r\u00e9actualis\u00e9s<\/li>\n<\/ul>\n\n\n<div class=\"wp-block-image\">\n<figure class=\"aligncenter size-full\"><a href=\"https:\/\/www.basezen.fr\/wp-content\/uploads\/2024\/07\/Rapport-MAC-FO-SST-2024-01-29-31.png\" target=\"_blank\" rel=\"noreferrer noopener\"><img loading=\"lazy\" decoding=\"async\" width=\"2550\" height=\"12020\" src=\"https:\/\/www.basezen.fr\/wp-content\/uploads\/2024\/07\/Rapport-MAC-FO-SST-2024-01-29-31.png\" alt=\"\" class=\"wp-image-17642\" srcset=\"https:\/\/www.basezen.fr\/wp-content\/uploads\/2024\/07\/Rapport-MAC-FO-SST-2024-01-29-31.png 2550w, https:\/\/www.basezen.fr\/wp-content\/uploads\/2024\/07\/Rapport-MAC-FO-SST-2024-01-29-31-217x1024.png 217w, https:\/\/www.basezen.fr\/wp-content\/uploads\/2024\/07\/Rapport-MAC-FO-SST-2024-01-29-31-326x1536.png 326w, https:\/\/www.basezen.fr\/wp-content\/uploads\/2024\/07\/Rapport-MAC-FO-SST-2024-01-29-31-127x600.png 127w, https:\/\/www.basezen.fr\/wp-content\/uploads\/2024\/07\/Rapport-MAC-FO-SST-2024-01-29-31-34x160.png 34w\" sizes=\"(max-width: 2550px) 100vw, 2550px\" \/><\/a><\/figure>\n<\/div>\n\n\n<ul class=\"wp-block-list\">\n<li><\/li>\n<\/ul>\n\n\n\n<h2 class=\"wp-block-heading\"><\/h2>\n","protected":false},"excerpt":{"rendered":"<p>Formation \u00ab\u00a0Gestes &amp; Postures\u00bb &#8211; D\u00e9velopper les bonnes pratiques au travail adapt\u00e9es \u00e0 l&rsquo;Aide \u00e0 domicile, le 03\/08\/2024 et du 21 \u00e0 Anglet (64) Formation initiale de \u00ab&nbsp;Formateur Sauvetage-Secouriste du [&hellip;]<\/p>\n","protected":false},"author":1,"featured_media":17776,"parent":593,"menu_order":4,"comment_status":"closed","ping_status":"closed","template":"","meta":{"saved_in_kubio":false,"_monsterinsights_skip_tracking":false,"_monsterinsights_sitenote_active":false,"_monsterinsights_sitenote_note":"","_monsterinsights_sitenote_category":0,"ngg_post_thumbnail":0,"_glsr_average":0,"_glsr_ranking":0,"_glsr_reviews":0,"footnotes":""},"class_list":["post-17618","page","type-page","status-publish","has-post-thumbnail","hentry"],"kubio_ai_page_context":{"short_desc":"","purpose":"general"},"_links":{"self":[{"href":"https:\/\/www.basezen.fr\/index.php\/wp-json\/wp\/v2\/pages\/17618","targetHints":{"allow":["GET"]}}],"collection":[{"href":"https:\/\/www.basezen.fr\/index.php\/wp-json\/wp\/v2\/pages"}],"about":[{"href":"https:\/\/www.basezen.fr\/index.php\/wp-json\/wp\/v2\/types\/page"}],"author":[{"embeddable":true,"href":"https:\/\/www.basezen.fr\/index.php\/wp-json\/wp\/v2\/users\/1"}],"replies":[{"embeddable":true,"href":"https:\/\/www.basezen.fr\/index.php\/wp-json\/wp\/v2\/comments?post=17618"}],"version-history":[{"count":10,"href":"https:\/\/www.basezen.fr\/index.php\/wp-json\/wp\/v2\/pages\/17618\/revisions"}],"predecessor-version":[{"id":23888,"href":"https:\/\/www.basezen.fr\/index.php\/wp-json\/wp\/v2\/pages\/17618\/revisions\/23888"}],"up":[{"embeddable":true,"href":"https:\/\/www.basezen.fr\/index.php\/wp-json\/wp\/v2\/pages\/593"}],"wp:featuredmedia":[{"embeddable":true,"href":"https:\/\/www.basezen.fr\/index.php\/wp-json\/wp\/v2\/media\/17776"}],"wp:attachment":[{"href":"https:\/\/www.basezen.fr\/index.php\/wp-json\/wp\/v2\/media?parent=17618"}],"curies":[{"name":"wp","href":"https:\/\/api.w.org\/{rel}","templated":true}]}}