{"id":175,"date":"2018-02-22T11:20:35","date_gmt":"2018-02-22T10:20:35","guid":{"rendered":"http:\/\/basezen.fr\/?page_id=175"},"modified":"2020-03-19T16:04:17","modified_gmt":"2020-03-19T15:04:17","slug":"gestes-qui-sauvent","status":"publish","type":"page","link":"https:\/\/www.basezen.fr\/index.php\/formation\/secourssauvetage\/gestes-qui-sauvent\/","title":{"rendered":"Gestes Qui Sauvent"},"content":{"rendered":"\n<div class=\"wp-block-image\"><figure class=\"aligncenter size-large is-resized\"><img decoding=\"async\" src=\"https:\/\/www.basezen.fr\/wp-content\/uploads\/2020\/03\/220px-CivilDefence_.png\" alt=\"\" class=\"wp-image-6108\" width=\"190\" srcset=\"https:\/\/www.basezen.fr\/wp-content\/uploads\/2020\/03\/220px-CivilDefence_.png 220w, https:\/\/www.basezen.fr\/wp-content\/uploads\/2020\/03\/220px-CivilDefence_-150x150.png 150w, https:\/\/www.basezen.fr\/wp-content\/uploads\/2020\/03\/220px-CivilDefence_-160x160.png 160w, https:\/\/www.basezen.fr\/wp-content\/uploads\/2020\/03\/220px-CivilDefence_-100x100.png 100w\" sizes=\"(max-width: 220px) 100vw, 220px\" \/><\/figure><\/div>\n\n\n\n<h2 class=\"has-text-align-center wp-block-heading\"><strong>GESTES QUI SAUVENT<\/strong><\/h2>\n\n\n\n<div class=\"wp-block-image\"><figure class=\"aligncenter size-large is-resized\"><img loading=\"lazy\" decoding=\"async\" src=\"https:\/\/www.basezen.fr\/wp-content\/uploads\/2018\/03\/Logo-Formateur-Secourisme.png\" alt=\"\" class=\"wp-image-586\" width=\"147\" height=\"162\"\/><\/figure><\/div>\n\n\n\n<h4 class=\"has-text-align-center wp-block-heading\"><strong>Sensibilisation<\/strong><\/h4>\n\n\n\n<div class=\"wp-block-image\"><figure class=\"aligncenter size-large is-resized\"><img loading=\"lazy\" decoding=\"async\" src=\"https:\/\/www.basezen.fr\/wp-content\/uploads\/2020\/03\/IMG_2283bb-copie-1024x768.jpg\" alt=\"\" class=\"wp-image-6166\" width=\"643\" height=\"482\" srcset=\"https:\/\/www.basezen.fr\/wp-content\/uploads\/2020\/03\/IMG_2283bb-copie-1024x768.jpg 1024w, https:\/\/www.basezen.fr\/wp-content\/uploads\/2020\/03\/IMG_2283bb-copie-300x225.jpg 300w, https:\/\/www.basezen.fr\/wp-content\/uploads\/2020\/03\/IMG_2283bb-copie-768x576.jpg 768w, https:\/\/www.basezen.fr\/wp-content\/uploads\/2020\/03\/IMG_2283bb-copie-1536x1152.jpg 1536w, https:\/\/www.basezen.fr\/wp-content\/uploads\/2020\/03\/IMG_2283bb-copie-2048x1536.jpg 2048w, https:\/\/www.basezen.fr\/wp-content\/uploads\/2020\/03\/IMG_2283bb-copie-600x450.jpg 600w, https:\/\/www.basezen.fr\/wp-content\/uploads\/2020\/03\/IMG_2283bb-copie-213x160.jpg 213w\" sizes=\"(max-width: 643px) 100vw, 643px\" \/><\/figure><\/div>\n\n\n\n<p class=\"has-text-align-center\"><a rel=\"noreferrer noopener\" href=\"http:\/\/basezen.fr\/wp-content\/uploads\/2018\/04\/FICHE-INFORMATION-2017_1docx.pdf\" target=\"_blank\"><em>En application de l&rsquo;arr\u00eat\u00e9 du 30 juin 2017 instituant une sensibilisation aux \u00ab\u00a0Gestes qui sauvent\u00a0\u00bb, paru au journal officiel en date du 16 septembre 2017 :<\/em><\/a><\/p>\n\n\n\n<p class=\"has-text-align-center\"><em>\u00ab\u00a0Dans le cadre d&rsquo;une sensibilisation de la population aux gestes de premiers secours, il est institu\u00e9 une sensation aux \u00ab\u00a0Gestes Qui Sauvent\u00a0\u00bb(CQS), pour permettre au plus grand nombre de citoyens de devenir le premier maillon de la chaine des secours et ainsi de pr\u00e9server l&rsquo;int\u00e9gralit\u00e9 physique d&rsquo;une victime en attendant les secours organis\u00e9s.<\/em><\/p>\n\n\n\n<p class=\"has-text-align-center\"><em>La sensibilisation aux GQS est un tremplin vers une formation plus cons\u00e9quente, permettant au citoyen-sauveteur&nbsp;d\u2019\u00eatre en mesure de r\u00e9agir face \u00e0 toutes situations&nbsp;d\u2019exception<\/em><\/p>\n\n\n\n<h2 class=\"wp-block-heading\">   <\/h2>\n\n\n\n<h3 class=\"has-text-align-center wp-block-heading\"><strong>OBJECTIF<\/strong> <\/h3>\n\n\n\n<div class=\"wp-block-image\"><figure class=\"aligncenter is-resized\"><img loading=\"lazy\" decoding=\"async\" src=\"https:\/\/www.basezen.fr\/wp-content\/uploads\/2020\/03\/Logo-Attitude-BaseZen-ABZI.png\" alt=\"L\u2019attribut alt de cette image est vide, son nom de fichier est Logo-Attitude-BaseZen-ABZI.png.\" width=\"125\" height=\"147\"\/><\/figure><\/div>\n\n\n\n<ul class=\"wp-block-list\"><li>Assurer la protection imm\u00e9diate, adapt\u00e9e et permanente, de lui-m\u00eame, de la victime et des autres personnes, des dangers environnants, notamment du sur-accident en utilisant, si n\u00e9cessaire, les moyens \u00e0 disposition<\/li><li>Assurer la transmission de l\u2019alerte aux secours d\u2019urgence adapt\u00e9s<\/li><li>Reconna\u00eetre une victime qui saigne abondamment et r\u00e9aliser&nbsp;les gestes de secours qui s\u2019imposent pour assurer sa survie<\/li><li>Reconna\u00eetre une victime qui ne r\u00e9pond pas et ne r\u00e9agit pas, d\u2019appr\u00e9cier la respiration et de r\u00e9aliser les gestes de secours qui s\u2019imposent pour assurer&nbsp;sa survie ;<\/li><li>Mettre une victime dans une&nbsp;position d\u2019attente ad\u00e9quate<\/li><\/ul>\n\n\n\n<h2 class=\"wp-block-heading\">   <\/h2>\n\n\n\n<h3 class=\"has-text-align-center wp-block-heading\"><strong>PROGRAMME<\/strong><\/h3>\n\n\n\n<div class=\"wp-block-image\"><figure class=\"aligncenter is-resized\"><img loading=\"lazy\" decoding=\"async\" src=\"https:\/\/www.basezen.fr\/wp-content\/uploads\/2020\/03\/pngwave-4-1024x1024.png\" alt=\"L\u2019attribut alt de cette image est vide, son nom de fichier est pngwave-4-1024x1024.png.\" width=\"115\" height=\"118\"\/><\/figure><\/div>\n\n\n\n<ul class=\"wp-block-list\"><li>Protection<\/li><li>Alerte<\/li><li>La victime qui parle et se plaint:<ul><li>R\u00e9aliser la conduite \u00e0 tenir face \u00e0 un saignement abondant<\/li><li>Mettre la victime en\u00a0position d\u2019attente (plaies graves)<\/li><\/ul><\/li><li>La victime qui a perdu connaissance et respire<\/li><li>La victime qui a perdu connaissance et ne respire pas<\/li><\/ul>\n\n\n\n<h2 class=\"wp-block-heading\">    <\/h2>\n\n\n\n<h3 class=\"has-text-align-center wp-block-heading\"><strong>PUBLIC CONCERNE<\/strong><\/h3>\n\n\n\n<div class=\"wp-block-image\"><figure class=\"aligncenter is-resized\"><img loading=\"lazy\" decoding=\"async\" src=\"https:\/\/www.basezen.fr\/wp-content\/uploads\/2020\/03\/pngwave-3.png\" alt=\"L\u2019attribut alt de cette image est vide, son nom de fichier est pngwave-3.png.\" width=\"150\" height=\"93\"\/><\/figure><\/div>\n\n\n\n<ul class=\"wp-block-list\"><li><em>Aucun pr\u00e9-requis<\/em><\/li><li><em>Tout public \u00e0 partir de 10 ans<\/em><\/li><\/ul>\n\n\n\n<h2 class=\"wp-block-heading\">    <\/h2>\n\n\n\n<h3 class=\"has-text-align-center wp-block-heading\"><strong>CONDITION DE FORMATION<\/strong><\/h3>\n\n\n\n<div class=\"wp-block-image\"><figure class=\"aligncenter is-resized\"><img loading=\"lazy\" decoding=\"async\" src=\"https:\/\/www.basezen.fr\/wp-content\/uploads\/2020\/03\/pngwave-5-1024x705.png\" alt=\"L\u2019attribut alt de cette image est vide, son nom de fichier est pngwave-5-1024x705.png.\" width=\"133\" height=\"98\"\/><\/figure><\/div>\n\n\n\n<p><em>Cette formation s&rsquo;adresse \u00e0 un groupe de 3 (minimum) \u00e0 10 personnes (maximum).<\/em><\/p>\n\n\n\n<p><em>La sensibilisation aux <strong>Gestes Qui Sauvent<\/strong> dure 2 heures en pr\u00e9sentiel<\/em>,  pour object l&rsquo;acquisition par la population des connaissances n\u00e9cessaires<\/p>\n\n\n\n<h2 class=\"wp-block-heading\"><\/h2>\n\n\n\n<h3 class=\"has-text-align-center wp-block-heading\"><strong>VALIDATION DE LA FORMATION<\/strong><\/h3>\n\n\n\n<div class=\"wp-block-image\"><figure class=\"alignleft is-resized\"><img loading=\"lazy\" decoding=\"async\" src=\"https:\/\/www.basezen.fr\/wp-content\/uploads\/2020\/03\/Validation.png\" alt=\"L\u2019attribut alt de cette image est vide, son nom de fichier est Validation.png.\" width=\"103\" height=\"61\"\/><\/figure><\/div>\n\n\n\n<p><em>La sensibilisation aux <strong>Gestes Qui Sauvent<\/strong> donne lieu \u00e0 la d\u00e9livrance d&rsquo;une <strong>attestation de formation<\/strong><\/em> reconnue par l&rsquo;\u00e9tat.<\/p>\n\n\n\n<h2 class=\"wp-block-heading\">    <\/h2>\n\n\n\n<div class=\"wp-block-image\"><figure class=\"aligncenter is-resized\"><img loading=\"lazy\" decoding=\"async\" src=\"https:\/\/www.basezen.fr\/wp-content\/uploads\/2020\/03\/Logo-Attitude-BaseZen-ABZI-Contact.png\" alt=\"L\u2019attribut alt de cette image est vide, son nom de fichier est Logo-Attitude-BaseZen-ABZI-Contact.png.\" width=\"257\" height=\"252\"\/><\/figure><\/div>\n\n\n\n<h2 class=\"wp-block-heading\">   <\/h2>\n\n\n\n<p class=\"has-background has-text-align-center has-pale-cyan-blue-background-color\"><em>Par arr\u00eat\u00e9 du 30 juin 2017 relatif \u00e0 la sensibilisation aux <strong>Gestes Qui Sauvent<\/strong>, autorise \u00e0 dispenser la sensibilisation GQS par l&rsquo;article 5 (Personnels exer\u00e7ant une des professions de sant\u00e9 mentionn\u00e9e dans la quatri\u00e8me partie du Code de la Sant\u00e9 Publique.<\/em><\/p>\n\n\n\n<p class=\"has-background has-text-align-center has-pale-cyan-blue-background-color\"><em>Le formateur d&rsquo;<strong>Attitude BaseZen Institut<\/strong> fait partit du <strong>personnel de sant\u00e9<\/strong> recenser dans la quatri\u00e8me partie du Code de la Sant\u00e9 Publique. Egalement, il est <strong>formateur de formateurs de la S\u00e9curit\u00e9 Civile\/Secourisme<\/strong>.<\/em><\/p>\n\n\n\n<h2 class=\"wp-block-heading\">   <\/h2>\n","protected":false},"excerpt":{"rendered":"<p>GESTES QUI SAUVENT Sensibilisation En application de l&rsquo;arr\u00eat\u00e9 du 30 juin 2017 instituant une sensibilisation aux \u00ab\u00a0Gestes qui sauvent\u00a0\u00bb, paru au journal officiel en date du 16 septembre 2017 : [&hellip;]<\/p>\n","protected":false},"author":1,"featured_media":833,"parent":171,"menu_order":2,"comment_status":"closed","ping_status":"closed","template":"","meta":{"saved_in_kubio":false,"_monsterinsights_skip_tracking":false,"_monsterinsights_sitenote_active":false,"_monsterinsights_sitenote_note":"","_monsterinsights_sitenote_category":0,"ngg_post_thumbnail":0,"_glsr_average":0,"_glsr_ranking":0,"_glsr_reviews":0,"footnotes":""},"class_list":["post-175","page","type-page","status-publish","has-post-thumbnail","hentry"],"kubio_ai_page_context":{"short_desc":"","purpose":"general"},"_links":{"self":[{"href":"https:\/\/www.basezen.fr\/index.php\/wp-json\/wp\/v2\/pages\/175","targetHints":{"allow":["GET"]}}],"collection":[{"href":"https:\/\/www.basezen.fr\/index.php\/wp-json\/wp\/v2\/pages"}],"about":[{"href":"https:\/\/www.basezen.fr\/index.php\/wp-json\/wp\/v2\/types\/page"}],"author":[{"embeddable":true,"href":"https:\/\/www.basezen.fr\/index.php\/wp-json\/wp\/v2\/users\/1"}],"replies":[{"embeddable":true,"href":"https:\/\/www.basezen.fr\/index.php\/wp-json\/wp\/v2\/comments?post=175"}],"version-history":[{"count":34,"href":"https:\/\/www.basezen.fr\/index.php\/wp-json\/wp\/v2\/pages\/175\/revisions"}],"predecessor-version":[{"id":6231,"href":"https:\/\/www.basezen.fr\/index.php\/wp-json\/wp\/v2\/pages\/175\/revisions\/6231"}],"up":[{"embeddable":true,"href":"https:\/\/www.basezen.fr\/index.php\/wp-json\/wp\/v2\/pages\/171"}],"wp:featuredmedia":[{"embeddable":true,"href":"https:\/\/www.basezen.fr\/index.php\/wp-json\/wp\/v2\/media\/833"}],"wp:attachment":[{"href":"https:\/\/www.basezen.fr\/index.php\/wp-json\/wp\/v2\/media?parent=175"}],"curies":[{"name":"wp","href":"https:\/\/api.w.org\/{rel}","templated":true}]}}