{"id":1264,"date":"2018-05-27T11:27:45","date_gmt":"2018-05-27T09:27:45","guid":{"rendered":"http:\/\/basezen.fr\/?page_id=1264"},"modified":"2020-03-01T19:33:52","modified_gmt":"2020-03-01T18:33:52","slug":"secourisme-en-montagne-estival","status":"publish","type":"page","link":"https:\/\/www.basezen.fr\/index.php\/formation\/secourssauvetage\/secourisme-en-montagne\/secourisme-en-montagne-estival\/","title":{"rendered":"Secourisme en Montagne Estival"},"content":{"rendered":"\n<div class=\"wp-block-image\"><figure class=\"aligncenter size-large is-resized\"><img loading=\"lazy\" decoding=\"async\" src=\"https:\/\/www.basezen.fr\/wp-content\/uploads\/2018\/05\/Formation-SMH.png\" alt=\"\" class=\"wp-image-1221\" width=\"237\" height=\"281\" srcset=\"https:\/\/www.basezen.fr\/wp-content\/uploads\/2018\/05\/Formation-SMH.png 742w, https:\/\/www.basezen.fr\/wp-content\/uploads\/2018\/05\/Formation-SMH-416x494.png 416w, https:\/\/www.basezen.fr\/wp-content\/uploads\/2018\/05\/Formation-SMH-252x300.png 252w\" sizes=\"(max-width: 237px) 100vw, 237px\" \/><\/figure><\/div>\n\n\n\n<h2 class=\"has-text-align-center wp-block-heading\"><strong>SECOURISME EN MONTAGNE ESTIVAL<\/strong><\/h2>\n\n\n\n<p class=\"has-text-align-center\">Cette formation s&rsquo;adresse aux pratiquants (alpiniste, randonneur, grimpeur, parapentiste, &#8230;) et encadrants (\u00e0 partir de 18 ans) souhaitant parfaire leurs connaissances et leurs aptitudes en montagne estival.<\/p>\n\n\n\n<h4 class=\"has-text-align-center wp-block-heading\"><strong>L&rsquo;objectif de la formation<\/strong><\/h4>\n\n\n\n<ul class=\"wp-block-list\"><li>Etre sensibiliser aux risques li\u00e9s \u00e0 la montagne en situation estivale<\/li><li>Connaitre les proc\u00e9dures&nbsp;<\/li><li>Accomplir les gestes de survie et de moyens de fortune<\/li><li>R\u00e9aliser les gestes de premiers secours appropri\u00e9s \u00e0 l&rsquo;environnement et emp\u00eacher l&rsquo;aggravation de la victime en attendant l&rsquo;arriv\u00e9e des secours professionnels<\/li><\/ul>\n\n\n<p>&nbsp;<\/p>\n<p><a href=\"http:\/\/basezen.fr\/wp-content\/uploads\/2018\/07\/Sauvetage-en-Montagne-Estival-2018.jpg\" target=\"_blank\" rel=\"noopener noreferrer\"><img loading=\"lazy\" decoding=\"async\" class=\"aligncenter wp-image-2052 size-large\" src=\"http:\/\/basezen.fr\/wp-content\/uploads\/2018\/07\/Sauvetage-en-Montagne-Estival-2018-1024x632.jpg\" alt=\"\" width=\"525\" height=\"324\" srcset=\"https:\/\/www.basezen.fr\/wp-content\/uploads\/2018\/07\/Sauvetage-en-Montagne-Estival-2018-1024x632.jpg 1024w, https:\/\/www.basezen.fr\/wp-content\/uploads\/2018\/07\/Sauvetage-en-Montagne-Estival-2018-416x257.jpg 416w, https:\/\/www.basezen.fr\/wp-content\/uploads\/2018\/07\/Sauvetage-en-Montagne-Estival-2018-300x185.jpg 300w, https:\/\/www.basezen.fr\/wp-content\/uploads\/2018\/07\/Sauvetage-en-Montagne-Estival-2018-768x474.jpg 768w\" sizes=\"(max-width: 525px) 100vw, 525px\" \/><\/a><\/p>\n<p>&nbsp;<\/p>\n<p>Elle s&rsquo;organise selon un groupe de 10 (minimum) \u00e0 20 personnes (maximum).<\/p>\n<p>La formation dure 2 jours (14H30). Elle est r\u00e9partie sur&nbsp;10H00 de face \u00e0 face p\u00e9dagogique, 1H30 de phase d&rsquo;application et 2H00 de synth\u00e8se.<\/p>\n<p>Les pr\u00e9requis n\u00e9cessaires \u00e0 cette formation: PSC1, SST, PSE, AFGSU ou toutes autres formations de secourisme apr\u00e8s avis.<\/p>\n<p>&nbsp;<\/p>\n<p style=\"text-align: center;\">Actuellement, la <strong>F\u00e9d\u00e9ration Fran\u00e7aise des Clubs Alpins et de Montagne<\/strong> (FFCAM) agr\u00e9er par le Minist\u00e8re charg\u00e9 des sports fait confiance \u00e0 l\u2019\u00e9quipe et propose cette formation \u00e0 ces adh\u00e9rents sous l&rsquo;intitul\u00e9 de <strong>Secourisme en montagne estival<\/strong>. Elle est reconnu par l&rsquo;\u00e9tat et labellis\u00e9es par l&rsquo;UIAA qui f\u00e9d\u00e8re des principales f\u00e9d\u00e9rations nationales de sports de montagne.<\/p>\n<p><img loading=\"lazy\" decoding=\"async\" class=\"aligncenter wp-image-1258 size-medium\" src=\"http:\/\/basezen.fr\/wp-content\/uploads\/2018\/05\/Logo-FFCAM_couleur--300x100.png\" sizes=\"(max-width: 300px) 100vw, 300px\" srcset=\"http:\/\/basezen.fr\/wp-content\/uploads\/2018\/05\/Logo-FFCAM_couleur--300x100.png 300w, http:\/\/basezen.fr\/wp-content\/uploads\/2018\/05\/Logo-FFCAM_couleur-.png 410w\" alt=\"\" width=\"300\" height=\"100\"><\/p>\n<p>&nbsp;<\/p>\n<p style=\"text-align: center;\">Une attestation individuelle de formation sera remise \u00e0 l&rsquo;issu de la formation.<\/p>","protected":false},"excerpt":{"rendered":"<p>SECOURISME EN MONTAGNE ESTIVAL Cette formation s&rsquo;adresse aux pratiquants (alpiniste, randonneur, grimpeur, parapentiste, &#8230;) et encadrants (\u00e0 partir de 18 ans) souhaitant parfaire leurs connaissances et leurs aptitudes en montagne [&hellip;]<\/p>\n","protected":false},"author":1,"featured_media":1284,"parent":1220,"menu_order":2,"comment_status":"closed","ping_status":"closed","template":"","meta":{"saved_in_kubio":false,"_monsterinsights_skip_tracking":false,"_monsterinsights_sitenote_active":false,"_monsterinsights_sitenote_note":"","_monsterinsights_sitenote_category":0,"ngg_post_thumbnail":0,"_glsr_average":0,"_glsr_ranking":0,"_glsr_reviews":0,"footnotes":""},"class_list":["post-1264","page","type-page","status-publish","has-post-thumbnail","hentry"],"kubio_ai_page_context":{"short_desc":"","purpose":"general"},"_links":{"self":[{"href":"https:\/\/www.basezen.fr\/index.php\/wp-json\/wp\/v2\/pages\/1264","targetHints":{"allow":["GET"]}}],"collection":[{"href":"https:\/\/www.basezen.fr\/index.php\/wp-json\/wp\/v2\/pages"}],"about":[{"href":"https:\/\/www.basezen.fr\/index.php\/wp-json\/wp\/v2\/types\/page"}],"author":[{"embeddable":true,"href":"https:\/\/www.basezen.fr\/index.php\/wp-json\/wp\/v2\/users\/1"}],"replies":[{"embeddable":true,"href":"https:\/\/www.basezen.fr\/index.php\/wp-json\/wp\/v2\/comments?post=1264"}],"version-history":[{"count":14,"href":"https:\/\/www.basezen.fr\/index.php\/wp-json\/wp\/v2\/pages\/1264\/revisions"}],"predecessor-version":[{"id":5892,"href":"https:\/\/www.basezen.fr\/index.php\/wp-json\/wp\/v2\/pages\/1264\/revisions\/5892"}],"up":[{"embeddable":true,"href":"https:\/\/www.basezen.fr\/index.php\/wp-json\/wp\/v2\/pages\/1220"}],"wp:featuredmedia":[{"embeddable":true,"href":"https:\/\/www.basezen.fr\/index.php\/wp-json\/wp\/v2\/media\/1284"}],"wp:attachment":[{"href":"https:\/\/www.basezen.fr\/index.php\/wp-json\/wp\/v2\/media?parent=1264"}],"curies":[{"name":"wp","href":"https:\/\/api.w.org\/{rel}","templated":true}]}}