{"id":1220,"date":"2018-05-24T13:44:12","date_gmt":"2018-05-24T11:44:12","guid":{"rendered":"http:\/\/basezen.fr\/?page_id=1220"},"modified":"2020-02-29T23:02:23","modified_gmt":"2020-02-29T22:02:23","slug":"secourisme-en-montagne","status":"publish","type":"page","link":"https:\/\/www.basezen.fr\/index.php\/formation\/secourssauvetage\/secourisme-en-montagne\/","title":{"rendered":"Secourisme en Montagne"},"content":{"rendered":"\n<div class=\"wp-block-image\"><figure class=\"aligncenter size-large is-resized\"><img loading=\"lazy\" decoding=\"async\" src=\"https:\/\/www.basezen.fr\/wp-content\/uploads\/2020\/02\/Logo-nouvelle-association-V3-1-999x1024.png\" alt=\"\" class=\"wp-image-5806\" width=\"410\" height=\"420\" srcset=\"https:\/\/www.basezen.fr\/wp-content\/uploads\/2020\/02\/Logo-nouvelle-association-V3-1-999x1024.png 999w, https:\/\/www.basezen.fr\/wp-content\/uploads\/2020\/02\/Logo-nouvelle-association-V3-1-293x300.png 293w, https:\/\/www.basezen.fr\/wp-content\/uploads\/2020\/02\/Logo-nouvelle-association-V3-1-768x788.png 768w, https:\/\/www.basezen.fr\/wp-content\/uploads\/2020\/02\/Logo-nouvelle-association-V3-1-585x600.png 585w, https:\/\/www.basezen.fr\/wp-content\/uploads\/2020\/02\/Logo-nouvelle-association-V3-1-156x160.png 156w, https:\/\/www.basezen.fr\/wp-content\/uploads\/2020\/02\/Logo-nouvelle-association-V3-1.png 1180w\" sizes=\"(max-width: 410px) 100vw, 410px\" \/><\/figure><\/div>\n\n\n\n<p class=\"has-text-align-center\"><em>L\u2019association&nbsp;<strong><a rel=\"noreferrer noopener\" href=\"https:\/\/www.basezen.fr\/index.php\/accueil\/concept-attitude-basezen\/\" target=\"_blank\">Sauvetage Tactique OP\u00e9rationnel<\/a><\/strong>&nbsp;est responsable du fonctionnement et de la bonne application des r\u00e8gles et proc\u00e9dures du concept <strong>STOP<\/strong>.&nbsp;<\/em><\/p>\n\n\n\n<h2 class=\"wp-block-heading\">       <\/h2>\n\n\n<h2 style=\"text-align: center;\"><strong>SECOURISME EN MONTAGNE<\/strong><img loading=\"lazy\" decoding=\"async\" class=\"aligncenter wp-image-1221 size-medium\" src=\"http:\/\/basezen.fr\/wp-content\/uploads\/2018\/05\/Formation-SMH-252x300.png\" alt=\"\" width=\"252\" height=\"300\" srcset=\"https:\/\/www.basezen.fr\/wp-content\/uploads\/2018\/05\/Formation-SMH-252x300.png 252w, https:\/\/www.basezen.fr\/wp-content\/uploads\/2018\/05\/Formation-SMH-416x494.png 416w, https:\/\/www.basezen.fr\/wp-content\/uploads\/2018\/05\/Formation-SMH.png 742w\" sizes=\"(max-width: 252px) 100vw, 252px\" \/><\/h2>\n<p>&nbsp;<\/p>\n<p style=\"text-align: center;\"><em>Le <strong>Secourisme en Montagne<\/strong> est une action de formation en lien avec les r\u00e8gles du concept <strong>Sauvetage Tactique OP\u00e9rationnel<\/strong>.<\/em><\/p>\n<p style=\"text-align: center;\"><em>A la demande de la <strong>F\u00e9d\u00e9ration Fran\u00e7aise des Clubs Alpins et de Montagne<\/strong>, il a \u00e9t\u00e9 cr\u00e9\u00e9 en 2013 dans les Pyr\u00e9n\u00e9es-Atlantiques (64) par une \u00e9quipe p\u00e9dagogique compos\u00e9e de:<\/em><\/p>\n<ul>\n<li><em>2 M\u00e9decins avec Dipl\u00f4me Inter-Universitaire en M\u00e9decine &amp; d&rsquo;Urgence de Montagne<\/em><\/li>\n<li><em>1 Infirmier qualifi\u00e9 formateur Secours A Personnes, SDIS<\/em><\/li>\n<li><em>1 Instructeur de Secourisme &amp; Sauvetage en milieu hostile avec&nbsp;Dipl\u00f4me Inter-Universitaire en&nbsp;Urgences &amp; Soins de Terrain en Milieu Sportif<\/em><\/li>\n<li><em>1 Instructeur Ski-Alpinisme<\/em><\/li>\n<li><em>1 M\u00e9canicien-navigant h\u00e9licopt\u00e8re S\u00e9curit\u00e9 Civile<\/em><\/li>\n<\/ul>\n<p style=\"text-align: center;\"><em>Ils associent leurs grandes exp\u00e9riences et v\u00e9cus (incidents\/accidents) en moyenne et haute montagne (chaine Himalayenne, vall\u00e9e de Chamonix, &#8230;) de leurs diverses activit\u00e9s: Alpinisme, Paralpinisme, Raid, Ski de randonn\u00e9, Randonn\u00e9, Parapente, &#8230; aux gestes de survie en montagne.<\/em><\/p>\n<p><em>Le but \u00e9tant d&rsquo;\u00eatre sensibiliser:<\/em><\/p>\n<ul>\n<li><em>Aux pathologies en montagne (Mal Aigu des Montagnes, hyperthermie, hypothermie, &#8230;)<\/em><\/li>\n<li><em>Aux accidents et traumatismes en montagne (traumatisme direct et indirect)<\/em><\/li>\n<\/ul>\n<p style=\"text-align: center;\"><em>D&rsquo;y rem\u00e9dier par des actions de secours et de survie, de r\u00e9aliser des moyens de fortune d&rsquo;urgence (attelles, brancards, &#8230;) et de connaitre les moyens qui facilites l&rsquo;arriv\u00e9e des secours professionnel.<\/em><\/p>\n<p><em><a href=\"http:\/\/basezen.fr\/wp-content\/uploads\/2018\/07\/IMG_1531bb.png\" target=\"_blank\" rel=\"noopener noreferrer\"><img loading=\"lazy\" decoding=\"async\" class=\"aligncenter wp-image-1384 size-full\" src=\"http:\/\/basezen.fr\/wp-content\/uploads\/2018\/07\/IMG_1531bb.png\" alt=\"\" width=\"3647\" height=\"2062\" srcset=\"https:\/\/www.basezen.fr\/wp-content\/uploads\/2018\/07\/IMG_1531bb.png 3647w, https:\/\/www.basezen.fr\/wp-content\/uploads\/2018\/07\/IMG_1531bb-416x235.png 416w, https:\/\/www.basezen.fr\/wp-content\/uploads\/2018\/07\/IMG_1531bb-300x170.png 300w, https:\/\/www.basezen.fr\/wp-content\/uploads\/2018\/07\/IMG_1531bb-768x434.png 768w, https:\/\/www.basezen.fr\/wp-content\/uploads\/2018\/07\/IMG_1531bb-1024x579.png 1024w\" sizes=\"(max-width: 3647px) 100vw, 3647px\" \/><\/a><\/em><\/p>\n<p><em>Le <strong>Secourisme en montagne<\/strong> s&rsquo;oriente vers 2 formations selon les saisons:<\/em><\/p>\n<ul>\n<li><em><a href=\"https:\/\/www.basezen.fr\/index.php\/formation\/secourssauvetage\/secourisme-en-montagne\/secourisme-en-montagne-hivernal\/\" target=\"_blank\" rel=\"noopener noreferrer\"><strong>Secourisme en montagne Hivernal<\/strong><\/a>, probl\u00e9matiques li\u00e9es aux avalanches et aux Hypothermies<\/em><\/li>\n<li><em><a href=\"https:\/\/www.basezen.fr\/index.php\/formation\/secourssauvetage\/secourisme-en-montagne\/secourisme-en-montagne-estival\/\" target=\"_blank\" rel=\"noopener noreferrer\"><strong>Secourisme en montagne Estival<\/strong><\/a>, probl\u00e9matiques li\u00e9es aux chutes et aux l&rsquo;hyperthermies<\/em><\/li>\n<\/ul>\n<p>&nbsp;<\/p>\n<p style=\"text-align: center;\"><em>Actuellement, la <strong>F\u00e9d\u00e9ration Fran\u00e7aise des Clubs Alpins et de Montagne<\/strong> (FFCAM) agr\u00e9er par le Minist\u00e8re charg\u00e9 des sports fait confiance \u00e0 l&rsquo;\u00e9quipe et propose cette formation \u00e0 ces adh\u00e9rents.<\/em><\/p>\n<p><em><img loading=\"lazy\" decoding=\"async\" class=\"aligncenter wp-image-1258 size-medium\" src=\"http:\/\/basezen.fr\/wp-content\/uploads\/2018\/05\/Logo-FFCAM_couleur--300x100.png\" alt=\"\" width=\"300\" height=\"100\" srcset=\"https:\/\/www.basezen.fr\/wp-content\/uploads\/2018\/05\/Logo-FFCAM_couleur--300x100.png 300w, https:\/\/www.basezen.fr\/wp-content\/uploads\/2018\/05\/Logo-FFCAM_couleur-.png 410w\" sizes=\"(max-width: 300px) 100vw, 300px\" \/><\/em><\/p>\n<p>&nbsp;<\/p>\n<p><em><a href=\"https:\/\/www.facebook.com\/groups\/FFCAM.secours.en.montagne.64\/\" target=\"_blank\" rel=\"noopener noreferrer\"><img loading=\"lazy\" decoding=\"async\" class=\"aligncenter wp-image-2047 size-full\" src=\"http:\/\/basezen.fr\/wp-content\/uploads\/2018\/07\/screenshot_182.png\" alt=\"\" width=\"467\" height=\"82\" srcset=\"https:\/\/www.basezen.fr\/wp-content\/uploads\/2018\/07\/screenshot_182.png 467w, https:\/\/www.basezen.fr\/wp-content\/uploads\/2018\/07\/screenshot_182-416x73.png 416w, https:\/\/www.basezen.fr\/wp-content\/uploads\/2018\/07\/screenshot_182-300x53.png 300w\" sizes=\"(max-width: 467px) 100vw, 467px\" \/><\/a><\/em><\/p>\n<p>&nbsp;<\/p>\n<p style=\"text-align: center;\"><em><strong>Cette formation ne substitue aucunement \u00e0 une formation de secourisme reconnue par l&rsquo;\u00e9tat (PSC1, PSE, SST, AFGSU, &#8230;).<\/strong><\/em><\/p>\n<p style=\"text-align: center;\"><em><strong>C&rsquo;est une formation adapt\u00e9e et compl\u00e9mentaire sur le domaine de la montagne.<\/strong><\/em><\/p>","protected":false},"excerpt":{"rendered":"<p>L\u2019association&nbsp;Sauvetage Tactique OP\u00e9rationnel&nbsp;est responsable du fonctionnement et de la bonne application des r\u00e8gles et proc\u00e9dures du concept STOP.&nbsp; SECOURISME EN MONTAGNE &nbsp; Le Secourisme en Montagne est une action de [&hellip;]<\/p>\n","protected":false},"author":1,"featured_media":834,"parent":171,"menu_order":5,"comment_status":"closed","ping_status":"closed","template":"","meta":{"saved_in_kubio":false,"_monsterinsights_skip_tracking":false,"_monsterinsights_sitenote_active":false,"_monsterinsights_sitenote_note":"","_monsterinsights_sitenote_category":0,"ngg_post_thumbnail":0,"_glsr_average":0,"_glsr_ranking":0,"_glsr_reviews":0,"footnotes":""},"class_list":["post-1220","page","type-page","status-publish","has-post-thumbnail","hentry"],"kubio_ai_page_context":{"short_desc":"","purpose":"general"},"_links":{"self":[{"href":"https:\/\/www.basezen.fr\/index.php\/wp-json\/wp\/v2\/pages\/1220","targetHints":{"allow":["GET"]}}],"collection":[{"href":"https:\/\/www.basezen.fr\/index.php\/wp-json\/wp\/v2\/pages"}],"about":[{"href":"https:\/\/www.basezen.fr\/index.php\/wp-json\/wp\/v2\/types\/page"}],"author":[{"embeddable":true,"href":"https:\/\/www.basezen.fr\/index.php\/wp-json\/wp\/v2\/users\/1"}],"replies":[{"embeddable":true,"href":"https:\/\/www.basezen.fr\/index.php\/wp-json\/wp\/v2\/comments?post=1220"}],"version-history":[{"count":32,"href":"https:\/\/www.basezen.fr\/index.php\/wp-json\/wp\/v2\/pages\/1220\/revisions"}],"predecessor-version":[{"id":5835,"href":"https:\/\/www.basezen.fr\/index.php\/wp-json\/wp\/v2\/pages\/1220\/revisions\/5835"}],"up":[{"embeddable":true,"href":"https:\/\/www.basezen.fr\/index.php\/wp-json\/wp\/v2\/pages\/171"}],"wp:featuredmedia":[{"embeddable":true,"href":"https:\/\/www.basezen.fr\/index.php\/wp-json\/wp\/v2\/media\/834"}],"wp:attachment":[{"href":"https:\/\/www.basezen.fr\/index.php\/wp-json\/wp\/v2\/media?parent=1220"}],"curies":[{"name":"wp","href":"https:\/\/api.w.org\/{rel}","templated":true}]}}