{"id":1218,"date":"2018-05-24T13:34:15","date_gmt":"2018-05-24T11:34:15","guid":{"rendered":"http:\/\/basezen.fr\/?page_id=1218"},"modified":"2020-03-01T19:29:37","modified_gmt":"2020-03-01T18:29:37","slug":"sauveteur-premier-intervenant-en-situation-particuliere","status":"publish","type":"page","link":"https:\/\/www.basezen.fr\/index.php\/formation\/secourssauvetage\/sauvetagetactiqueoperationel\/sauveteur-premier-intervenant-en-situation-particuliere\/","title":{"rendered":"Sauveteur premier intervenant en situation particuli\u00e8re"},"content":{"rendered":"\n<div class=\"wp-block-image\"><figure class=\"aligncenter size-large is-resized\"><img loading=\"lazy\" decoding=\"async\" src=\"https:\/\/www.basezen.fr\/wp-content\/uploads\/2020\/02\/Logo-nouvelle-association-V3-1-999x1024.png\" alt=\"\" class=\"wp-image-5806\" width=\"323\" height=\"331\" srcset=\"https:\/\/www.basezen.fr\/wp-content\/uploads\/2020\/02\/Logo-nouvelle-association-V3-1-999x1024.png 999w, https:\/\/www.basezen.fr\/wp-content\/uploads\/2020\/02\/Logo-nouvelle-association-V3-1-293x300.png 293w, https:\/\/www.basezen.fr\/wp-content\/uploads\/2020\/02\/Logo-nouvelle-association-V3-1-768x788.png 768w, https:\/\/www.basezen.fr\/wp-content\/uploads\/2020\/02\/Logo-nouvelle-association-V3-1-585x600.png 585w, https:\/\/www.basezen.fr\/wp-content\/uploads\/2020\/02\/Logo-nouvelle-association-V3-1-156x160.png 156w, https:\/\/www.basezen.fr\/wp-content\/uploads\/2020\/02\/Logo-nouvelle-association-V3-1.png 1180w\" sizes=\"(max-width: 323px) 100vw, 323px\" \/><\/figure><\/div>\n\n\n\n<h2 class=\"has-text-align-center wp-block-heading\"><strong>SAUVETEUR PREMIER INTERVENANT EN SITUATION PARTICULIERE<\/strong><\/h2>\n\n\n\n<div class=\"wp-block-image\"><figure class=\"aligncenter size-large is-resized\"><img loading=\"lazy\" decoding=\"async\" src=\"https:\/\/www.basezen.fr\/wp-content\/uploads\/2018\/02\/Insigne-STOP-version-5.png\" alt=\"\" class=\"wp-image-78\" width=\"208\" height=\"213\" srcset=\"https:\/\/www.basezen.fr\/wp-content\/uploads\/2018\/02\/Insigne-STOP-version-5.png 443w, https:\/\/www.basezen.fr\/wp-content\/uploads\/2018\/02\/Insigne-STOP-version-5-416x426.png 416w, https:\/\/www.basezen.fr\/wp-content\/uploads\/2018\/02\/Insigne-STOP-version-5-293x300.png 293w\" sizes=\"(max-width: 208px) 100vw, 208px\" \/><\/figure><\/div>\n\n\n\n<p class=\"has-text-align-center\"><em>Face \u00e0 une situation particuli\u00e8re, le <strong>Sauveteur premier intervenant en situation particuli\u00e8re<\/strong> permet \u00e0 identifier l&rsquo;environnement hostile, d&rsquo;att\u00e9nuer son stress en adaptant la situation critique par une strat\u00e9gie proactive et de r\u00e9aliser des gestes de sauvetages et de survie.<\/em><\/p>\n\n\n\n<p class=\"has-text-align-center\"><em>Le <strong>Sauveteur premier intervenant en situation particuli\u00e8re<\/strong> est un processus passif.<\/em><\/p>\n\n\n\n<h2 class=\"wp-block-heading\">    <\/h2>\n\n\n\n<p class=\"has-text-align-center\"><em>Cette formation s&rsquo;adresse \u00e0 toute personne devant se retrouver face \u00e0 une situation particuli\u00e8re (voyage, activit\u00e9 \u00e0 risque, &#8230;) et qui souhaite parfaire ses connaissances et aptitudes \u00e0 g\u00e9rer une situation critique.<\/em><\/p>\n\n\n\n<h4 class=\"has-text-align-center wp-block-heading\"><strong>L\u2019 objectif de la formation<\/strong><\/h4>\n\n\n\n<ul class=\"wp-block-list\"><li><em>Identifier les comportements et menaces en milieu particulier ;<\/em><\/li><li><em>Connaitre l&rsquo;effet tunnel d\u00fb au stress<\/em> ;<\/li><li><em>Analyser la situation<\/em> ;<\/li><li><em>Adopter la strat\u00e9gie proactive<\/em> ;<\/li><li><em>R\u00e9aliser les actes r\u00e9flexes face \u00e0 une agression<\/em> ;<\/li><li><em>Pratiquer les gestes de sauvetages et de survie dans l&rsquo;attente de l&rsquo;arriv\u00e9e des \u00e9quipes sp\u00e9cialis\u00e9es.<\/em><\/li><\/ul>\n\n\n\n<p><em>Elle s&rsquo;organise selon un groupe de 5 (minimum) \u00e0 15 personnes (maximum).<\/em><\/p>\n\n\n\n<p><em>La formation dure 1 jours (7H00).<\/em><\/p>\n\n\n\n<p class=\"has-text-align-center\"><em>Les pr\u00e9requis n\u00e9cessaires \u00e0 cette formation: PSC1, SST, PSE, AFGSU ou toutes autres formations de secourisme apr\u00e8s avis.<\/em><\/p>\n\n\n\n<p><\/p>\n","protected":false},"excerpt":{"rendered":"<p>SAUVETEUR PREMIER INTERVENANT EN SITUATION PARTICULIERE Face \u00e0 une situation particuli\u00e8re, le Sauveteur premier intervenant en situation particuli\u00e8re permet \u00e0 identifier l&rsquo;environnement hostile, d&rsquo;att\u00e9nuer son stress en adaptant la situation [&hellip;]<\/p>\n","protected":false},"author":1,"featured_media":0,"parent":458,"menu_order":1,"comment_status":"closed","ping_status":"closed","template":"","meta":{"saved_in_kubio":false,"_monsterinsights_skip_tracking":false,"_monsterinsights_sitenote_active":false,"_monsterinsights_sitenote_note":"","_monsterinsights_sitenote_category":0,"ngg_post_thumbnail":0,"_glsr_average":0,"_glsr_ranking":0,"_glsr_reviews":0,"footnotes":""},"class_list":["post-1218","page","type-page","status-publish","hentry"],"kubio_ai_page_context":{"short_desc":"","purpose":"general"},"_links":{"self":[{"href":"https:\/\/www.basezen.fr\/index.php\/wp-json\/wp\/v2\/pages\/1218","targetHints":{"allow":["GET"]}}],"collection":[{"href":"https:\/\/www.basezen.fr\/index.php\/wp-json\/wp\/v2\/pages"}],"about":[{"href":"https:\/\/www.basezen.fr\/index.php\/wp-json\/wp\/v2\/types\/page"}],"author":[{"embeddable":true,"href":"https:\/\/www.basezen.fr\/index.php\/wp-json\/wp\/v2\/users\/1"}],"replies":[{"embeddable":true,"href":"https:\/\/www.basezen.fr\/index.php\/wp-json\/wp\/v2\/comments?post=1218"}],"version-history":[{"count":8,"href":"https:\/\/www.basezen.fr\/index.php\/wp-json\/wp\/v2\/pages\/1218\/revisions"}],"predecessor-version":[{"id":5889,"href":"https:\/\/www.basezen.fr\/index.php\/wp-json\/wp\/v2\/pages\/1218\/revisions\/5889"}],"up":[{"embeddable":true,"href":"https:\/\/www.basezen.fr\/index.php\/wp-json\/wp\/v2\/pages\/458"}],"wp:attachment":[{"href":"https:\/\/www.basezen.fr\/index.php\/wp-json\/wp\/v2\/media?parent=1218"}],"curies":[{"name":"wp","href":"https:\/\/api.w.org\/{rel}","templated":true}]}}