{"id":11,"date":"2018-02-21T13:40:40","date_gmt":"2018-02-21T12:40:40","guid":{"rendered":"http:\/\/basezen.fr\/?page_id=11"},"modified":"2025-04-13T10:58:59","modified_gmt":"2025-04-13T08:58:59","slug":"une-section-de-page-daccueil","status":"publish","type":"page","link":"https:\/\/www.basezen.fr\/index.php\/blog\/une-section-de-page-daccueil\/","title":{"rendered":"Les pens\u00e9es \u00ab\u00a0TBC\u00a0\u00bb"},"content":{"rendered":"\n<blockquote class=\"wp-block-quote has-text-align-center is-layout-flow wp-block-quote-is-layout-flow\">\n<p>     <\/p>\n\n\n\n<blockquote class=\"wp-block-quote is-layout-flow wp-block-quote-is-layout-flow\">\n<p>\u00ab\u00a0Je ne suis pas intelligent, mais quand je regarde autour de moi, je prends courage\u00a0\u00bb<\/p>\n<cite>Ion Creang\u0103<\/cite><\/blockquote>\n<\/blockquote>\n\n\n\n<p>      <\/p>\n\n\n\n<blockquote class=\"wp-block-quote has-text-align-center is-layout-flow wp-block-quote-is-layout-flow\">\n<p><em>\u00ab\u00a0Quelle valeur vous \u00eates, d&rsquo;\u00eatre acteur de ce que vous sauvez&#8230;&nbsp;Si ce n&rsquo;est qu&rsquo;\u00eatre vous m\u00eame\u00a0\u00bb<\/em><\/p>\n<cite><em><strong>David <\/strong><\/em>M<\/cite><\/blockquote>\n\n\n\n<p>&nbsp;&nbsp;<\/p>\n\n\n\n<blockquote class=\"wp-block-quote has-text-align-center is-layout-flow wp-block-quote-is-layout-flow\">\n<p><em>\u00ab\u00a0Qui enseigne aux autres s&rsquo;instruit lui-m\u00eame\u00a0\u00bb<\/em><\/p>\n<cite><em> <strong>Com\u00e9nius<\/strong><\/em><\/cite><\/blockquote>\n\n\n\n<p>&nbsp; &nbsp;<\/p>\n\n\n\n<blockquote class=\"wp-block-quote has-text-align-center is-layout-flow wp-block-quote-is-layout-flow\">\n<p>\u00ab\u00a0On ne peut gu\u00e9rir la partie soign\u00e9e, sans soigner le tout. On ne doit pas soigner le corps s\u00e9par\u00e9 de l&rsquo;\u00e2me et pour que l&rsquo;esprit et le corps retrouvent la sant\u00e9, il faut commencer par soigner l&rsquo;\u00e2me. Car c&rsquo;est l&rsquo;erreur fondamentale des m\u00e9decins d&rsquo;aujourd&rsquo;hui de s\u00e9parer l&rsquo;\u00e2me et le corps\u00a0\u00bb<\/p>\n<cite><em><strong>Platon<\/strong><\/em><\/cite><\/blockquote>\n\n\n\n<h2 class=\"wp-block-heading\">   <\/h2>\n\n\n\n<blockquote class=\"wp-block-quote has-text-align-center is-layout-flow wp-block-quote-is-layout-flow\">\n<p>\u00ab\u00a0Il n&rsquo;y a pas d&rsquo;\u00e9chec, il n&rsquo;y a que des le\u00e7ons\u00a0\u00bb<\/p>\n<cite>Nietzsche<\/cite><\/blockquote>\n","protected":false},"excerpt":{"rendered":"<p>\u00ab\u00a0Quelle valeur vous \u00eates, d&rsquo;\u00eatre acteur de ce que vous sauvez&#8230;&nbsp;Si ce n&rsquo;est qu&rsquo;\u00eatre vous m\u00eame\u00a0\u00bb David M &nbsp;&nbsp; \u00ab\u00a0Qui enseigne aux autres s&rsquo;instruit lui-m\u00eame\u00a0\u00bb Com\u00e9nius &nbsp; &nbsp; \u00ab\u00a0On ne [&hellip;]<\/p>\n","protected":false},"author":1,"featured_media":0,"parent":10,"menu_order":1,"comment_status":"closed","ping_status":"closed","template":"","meta":{"saved_in_kubio":false,"_monsterinsights_skip_tracking":false,"_monsterinsights_sitenote_active":false,"_monsterinsights_sitenote_note":"","_monsterinsights_sitenote_category":0,"ngg_post_thumbnail":0,"_glsr_average":0,"_glsr_ranking":0,"_glsr_reviews":0,"footnotes":""},"class_list":["post-11","page","type-page","status-publish","hentry"],"kubio_ai_page_context":{"short_desc":"","purpose":"general"},"_links":{"self":[{"href":"https:\/\/www.basezen.fr\/index.php\/wp-json\/wp\/v2\/pages\/11","targetHints":{"allow":["GET"]}}],"collection":[{"href":"https:\/\/www.basezen.fr\/index.php\/wp-json\/wp\/v2\/pages"}],"about":[{"href":"https:\/\/www.basezen.fr\/index.php\/wp-json\/wp\/v2\/types\/page"}],"author":[{"embeddable":true,"href":"https:\/\/www.basezen.fr\/index.php\/wp-json\/wp\/v2\/users\/1"}],"replies":[{"embeddable":true,"href":"https:\/\/www.basezen.fr\/index.php\/wp-json\/wp\/v2\/comments?post=11"}],"version-history":[{"count":31,"href":"https:\/\/www.basezen.fr\/index.php\/wp-json\/wp\/v2\/pages\/11\/revisions"}],"predecessor-version":[{"id":50169,"href":"https:\/\/www.basezen.fr\/index.php\/wp-json\/wp\/v2\/pages\/11\/revisions\/50169"}],"up":[{"embeddable":true,"href":"https:\/\/www.basezen.fr\/index.php\/wp-json\/wp\/v2\/pages\/10"}],"wp:attachment":[{"href":"https:\/\/www.basezen.fr\/index.php\/wp-json\/wp\/v2\/media?parent=11"}],"curies":[{"name":"wp","href":"https:\/\/api.w.org\/{rel}","templated":true}]}}